{"id":682897,"date":"2026-01-08T18:15:12","date_gmt":"2026-01-08T15:15:12","guid":{"rendered":"https:\/\/nbg.eu\/product\/manilik-polev-pahklipuu-rwl-34\/"},"modified":"2026-01-21T12:28:45","modified_gmt":"2026-01-21T09:28:45","slug":"manilik-polev-pahklipuu-rwl-34","status":"publish","type":"product","link":"https:\/\/nbg.eu\/et\/toode\/manilik-polev-pahklipuu-rwl-34\/","title":{"rendered":"Manilik p\u00f5lev p\u00e4hklipuu RWL-34"},"content":{"rendered":"<h2>Blaze RWL-34 Walnut: Ideaalne matkamiss nuga<\/h2>\n<p>Kinnitatud teramiku ja t\u00e4istangikonstruktsiooniga Blaze RWL-34 Walnut on usaldusv\u00e4\u00e4rseks valikuks looduses. T\u00e4psusega ja detailidele t\u00e4helepanu p\u00f6\u00f6rates valmistatud nuga on ideaalne kaasek\u00e4ija teie laagrisk\u00e4ikude, kalap\u00fc\u00fcgi v\u00f5i m\u00e4gironimisel.<\/p>\n<p>K\u00e4epide on valmistatud Bulgaaria p\u00e4hklipuust, pakkudes mugavat ja kindlat haaret isegi rasketes tingimustes. Kas vajate tihe taimestiku l\u00e4bil\u00f5ikamist, saagi ettevalmistamist v\u00f5i elulisi elluj\u00e4\u00e4mis\u00fclesandeid, Blaze RWL-34 Walnut tuleb sellega toime.<\/p>\n<p>4 mm paksuse premium RWL-34 terasest teraga nuga pakub 62 HRC terade k\u00f5vadust, tagades selle erakorralise vastupidavuse ja teraserve s\u00e4ilimise. Kogupikkusega 24,5 cm ja 11,9 cm teramikuga pakub Blaze RWL-34 Walnut ideaalset suuruse ja k\u00e4sitletavuse tasakaalu.<\/p>\n<p>Kaaludes vaid 210 grammi, on see nuga lihtne kaasas kanda ja ei koormaks teid, tehes sellest ideaalse kaaslase teie v\u00e4liretkedes. Kaasasolev nahktupp lisab t\u00e4iendava kaitse ja mugavuse, v\u00f5imaldades teil oma Blaze RWL-34 Walnut-i k\u00e4eulatuses hoida.<\/p>\n","protected":false},"excerpt":{"rendered":"<p>Blaze RWL-34 p\u00e4hkel &#8211; ideaalne Bushcraft nuga p\u00e4hkli k\u00e4epideme ja 62 HRC teraga.<\/p>\n","protected":false},"featured_media":683181,"template":"","meta":{"_acf_changed":false},"product_brand":[15082],"product_cat":[15360],"product_tag":[],"class_list":{"0":"post-682897","1":"product","2":"type-product","3":"status-publish","4":"has-post-thumbnail","6":"product_brand-manly-knives","7":"product_cat-knives-et","9":"first","10":"instock","11":"taxable","12":"shipping-taxable","13":"purchasable","14":"product-type-simple"},"acf":[],"_links":{"self":[{"href":"https:\/\/nbg.eu\/et\/wp-json\/wp\/v2\/product\/682897","targetHints":{"allow":["GET"]}}],"collection":[{"href":"https:\/\/nbg.eu\/et\/wp-json\/wp\/v2\/product"}],"about":[{"href":"https:\/\/nbg.eu\/et\/wp-json\/wp\/v2\/types\/product"}],"wp:featuredmedia":[{"embeddable":true,"href":"https:\/\/nbg.eu\/et\/wp-json\/wp\/v2\/media\/683181"}],"wp:attachment":[{"href":"https:\/\/nbg.eu\/et\/wp-json\/wp\/v2\/media?parent=682897"}],"wp:term":[{"taxonomy":"product_brand","embeddable":true,"href":"https:\/\/nbg.eu\/et\/wp-json\/wp\/v2\/product_brand?post=682897"},{"taxonomy":"product_cat","embeddable":true,"href":"https:\/\/nbg.eu\/et\/wp-json\/wp\/v2\/product_cat?post=682897"},{"taxonomy":"product_tag","embeddable":true,"href":"https:\/\/nbg.eu\/et\/wp-json\/wp\/v2\/product_tag?post=682897"}],"curies":[{"name":"wp","href":"https:\/\/api.w.org\/{rel}","templated":true}]}}