{"id":683270,"date":"2025-12-17T17:30:35","date_gmt":"2025-12-17T14:30:35","guid":{"rendered":"https:\/\/nbg.eu\/product\/manly-leeke-must-g10-rwl-34\/"},"modified":"2026-01-21T11:41:30","modified_gmt":"2026-01-21T08:41:30","slug":"manly-leeke-must-g10-rwl-34","status":"publish","type":"product","link":"https:\/\/nbg.eu\/et\/toode\/manly-leeke-must-g10-rwl-34\/","title":{"rendered":"Manly Leeke Must G10 RWL-34"},"content":{"rendered":"<h2>Manly Blaze Black G10 RWL-34 &#8211; T\u00f5eline metsaelu nuga<\/h2>\n<p>Blaze RWL-34 Black on ideaalne metsaelu nuga. Fikseeritud tera ja t\u00e4istangiga konstruktsioon + k\u00f5rgekvaliteedline RWL-34 pulberkartm teras tagavad selle no\u017ea vastupidavuse. K\u00e4epide on valmistatud mustast korrosiooni-resistentsest tekstuursest G10 materjalist. No\u017ea saab \u00fchek\u00e4elise liigutusega tugevast kydex-tupes kinnitusest eemaldada, ning rihmakinnitus saab olla horisontaalne v\u00f5i vertikaalne.<\/p>\n<p>Kui vajad usaldusv\u00e4\u00e4rset no\u017ea m\u00e4gedes, matkamisel v\u00f5i kalap\u00fc\u00fcgil, siis Blaze on sinu valik.<\/p>\n<h2>Tehnilised andmed<\/h2>\n<p>Nimi: Blaze \u2013 RWL-34 Black<br \/>\nT\u00fc\u00fcp: Fikseeritud tera<br \/>\n\u00dcldpikkus: 24.5 cm<br \/>\nTera pikkus: 11.9 cm<br \/>\nTera paksus: 4 mm<br \/>\nL\u00f5iketera k\u00f5vadus: 62 hrc<br \/>\nKaal: 210g<br \/>\nTera materjal: RWL-34<br \/>\nK\u00e4epide: G10<br \/>\nTupe materjal: Kydex<\/p>\n","protected":false},"excerpt":{"rendered":"<p>Blaze RWL-34 must: ideaalne Bushcraft nuga fikseeritud teraga, t\u00e4ielik tang ja RWL-34 pulberterasest.<\/p>\n","protected":false},"featured_media":683301,"template":"","meta":{"_acf_changed":false},"product_brand":[15082],"product_cat":[2876],"product_tag":[],"class_list":{"0":"post-683270","1":"product","2":"type-product","3":"status-publish","4":"has-post-thumbnail","6":"product_brand-manly-knives","7":"product_cat-rahohvatki","9":"first","10":"instock","11":"taxable","12":"shipping-taxable","13":"purchasable","14":"product-type-simple"},"acf":[],"_links":{"self":[{"href":"https:\/\/nbg.eu\/et\/wp-json\/wp\/v2\/product\/683270","targetHints":{"allow":["GET"]}}],"collection":[{"href":"https:\/\/nbg.eu\/et\/wp-json\/wp\/v2\/product"}],"about":[{"href":"https:\/\/nbg.eu\/et\/wp-json\/wp\/v2\/types\/product"}],"wp:featuredmedia":[{"embeddable":true,"href":"https:\/\/nbg.eu\/et\/wp-json\/wp\/v2\/media\/683301"}],"wp:attachment":[{"href":"https:\/\/nbg.eu\/et\/wp-json\/wp\/v2\/media?parent=683270"}],"wp:term":[{"taxonomy":"product_brand","embeddable":true,"href":"https:\/\/nbg.eu\/et\/wp-json\/wp\/v2\/product_brand?post=683270"},{"taxonomy":"product_cat","embeddable":true,"href":"https:\/\/nbg.eu\/et\/wp-json\/wp\/v2\/product_cat?post=683270"},{"taxonomy":"product_tag","embeddable":true,"href":"https:\/\/nbg.eu\/et\/wp-json\/wp\/v2\/product_tag?post=683270"}],"curies":[{"name":"wp","href":"https:\/\/api.w.org\/{rel}","templated":true}]}}