{"id":683357,"date":"2025-12-17T17:40:13","date_gmt":"2025-12-17T14:40:13","guid":{"rendered":"https:\/\/nbg.eu\/product\/manly-tule-must-g10-d2\/"},"modified":"2026-01-21T11:39:01","modified_gmt":"2026-01-21T08:39:01","slug":"manly-tule-must-g10-d2","status":"publish","type":"product","link":"https:\/\/nbg.eu\/et\/toode\/manly-tule-must-g10-d2\/","title":{"rendered":"Manly Tule Must G10 D2"},"content":{"rendered":"<h2>Blaze D2 Must: Usaldusv\u00e4\u00e4rne taav\u00e4line nuga v\u00e4listingimusteks<\/h2>\n<p>Blaze D2 Must on ideaalne taav\u00e4line nuga, mis on loodud r\u00e4ndasid v\u00e4listingimusi silmas pidades. Selle kinnitatud teraga ja t\u00e4ispeeniga konstruktsiooni t\u00f5ttu pakub see nuga erakordselt head stabiilsust ja vastupidavust, tagades, et see suudab vastu pidada k\u00f5ige raskematele \u00fclesannetele. Must korrosioonikindel G10 k\u00e4epide pakub kindlat haaret ka m\u00e4rgades oludes.<\/p>\n<p>Blaze&#8217;i saab Kydex-tuppe kergesti \u00fcheainsa k\u00e4eliigutusega eemaldada, v\u00f5imaldades kiiresti k\u00e4ep\u00e4rast olla, kui seda k\u00f5ige rohkem vaja l\u00e4heb. Mitmes asendis kantav v\u00f6\u00f6aasklint teeb selle mugavaks kaasav\u00f5tmiseks igal seiklusel.<\/p>\n<p>Olgu tegemist metsaolude lahendamisega, laagritegevusega v\u00f5i kalap\u00fc\u00fcgiga, Blaze D2 Must on usaldusv\u00e4\u00e4rne kaaslane, millele saad loota. T\u00e4psusega valmistatud, pakub see nuga 61HRC teraservak\u00f5vadust, mis tagab, et see suudab h\u00f5lpsalt t\u00e4ita laia \u00fclesannete ringi. 1.2379 (D2) teraga ja tugeva konstruktsiooniga Blaze D2 Must on ehitatud kestma, muutes selle v\u00e4listuvastele entusiastidele h\u00e4davajalikuks t\u00f6\u00f6vahendiks.<\/p>\n","protected":false},"excerpt":{"rendered":"<p>Blaze D2 Must &#8211; ideaalne Bushcraft nuga. Tekstureeritud G10 k\u00e4epide, D2 terase l\u00f5iketeraga, Kydex tupp.<\/p>\n","protected":false},"featured_media":683397,"template":"","meta":{"_acf_changed":false},"product_brand":[15082],"product_cat":[2876],"product_tag":[],"class_list":{"0":"post-683357","1":"product","2":"type-product","3":"status-publish","4":"has-post-thumbnail","6":"product_brand-manly-knives","7":"product_cat-rahohvatki","9":"first","10":"instock","11":"taxable","12":"shipping-taxable","13":"purchasable","14":"product-type-simple"},"acf":[],"_links":{"self":[{"href":"https:\/\/nbg.eu\/et\/wp-json\/wp\/v2\/product\/683357","targetHints":{"allow":["GET"]}}],"collection":[{"href":"https:\/\/nbg.eu\/et\/wp-json\/wp\/v2\/product"}],"about":[{"href":"https:\/\/nbg.eu\/et\/wp-json\/wp\/v2\/types\/product"}],"wp:featuredmedia":[{"embeddable":true,"href":"https:\/\/nbg.eu\/et\/wp-json\/wp\/v2\/media\/683397"}],"wp:attachment":[{"href":"https:\/\/nbg.eu\/et\/wp-json\/wp\/v2\/media?parent=683357"}],"wp:term":[{"taxonomy":"product_brand","embeddable":true,"href":"https:\/\/nbg.eu\/et\/wp-json\/wp\/v2\/product_brand?post=683357"},{"taxonomy":"product_cat","embeddable":true,"href":"https:\/\/nbg.eu\/et\/wp-json\/wp\/v2\/product_cat?post=683357"},{"taxonomy":"product_tag","embeddable":true,"href":"https:\/\/nbg.eu\/et\/wp-json\/wp\/v2\/product_tag?post=683357"}],"curies":[{"name":"wp","href":"https:\/\/api.w.org\/{rel}","templated":true}]}}