{"id":683436,"date":"2025-12-17T18:06:26","date_gmt":"2025-12-17T15:06:26","guid":{"rendered":"https:\/\/nbg.eu\/product\/nocpix-m6t25s-termiline-autokaamera-intelligentse-kuumade-objektide-tuvastamisega\/"},"modified":"2026-01-21T11:45:00","modified_gmt":"2026-01-21T08:45:00","slug":"nocpix-m6t25s-termiline-autokaamera-intelligentse-kuumade-objektide-tuvastamisega","status":"publish","type":"product","link":"https:\/\/nbg.eu\/et\/toode\/nocpix-m6t25s-termiline-autokaamera-intelligentse-kuumade-objektide-tuvastamisega\/","title":{"rendered":"Nocpix M6T25S termiline autokaamera intelligentse kuumade objektide tuvastamisega"},"content":{"rendered":"<h2>Nocpix M6T25S Termokaamera s\u00f5idukile koos intelligentse kuumade objektide tuvastamisega<\/h2>\n<p>Tutvustame Nocpix MT seeriat, Nocpix&#8217;i innovatiivselt loodud kuplikeskannerit, mis on spetsiaalselt loodud jahinduseks. See on teie ideaalne valik mitte ainult jahtimisel s\u00f5idukis kasutamiseks, vaid sobib ka erinevate jahipidamismeetodite ja -harjumustega. Varustatud kaasaegsete tehisintellekti mudelite ja k\u00f5rge j\u00f5udlusega arvutusv\u00f5imsusega, tagab MT stabiilse j\u00f5udluse ka s\u00f5itmise ajal ning t\u00e4pse saagi tuvastamise, lukustamise ja j\u00e4lgimise, pakkudes k\u00f5rgekvaliteetseid kujutisi ja erakordset jahikogemust.<\/p>\n<h2>Tehisintellekti t\u00f5hus j\u00f5udlus<\/h2>\n<p>YOLO V5 s\u00fcgav\u00f5ppe mudeli ja 2T arvutusv\u00f5imsuse j\u00f5ul loodud s\u00fcsteem on m\u00f5eldud teie jahikogemuse parandamiseks. S\u00fcgav\u00f5ppe mudel, mis on koolitatud suure andmehulgaga, v\u00f5imaldab kiiret automaatset saagi tuvastamist ja j\u00e4lgimist, t\u00e4psete piirjoontega sihti m\u00e4rkides. See muudab kogu jahiprotsessi &#8211; tuvastamise, m\u00e4rkimise ja j\u00e4lgimise &#8211; oluliselt lihtsamaks ja sujuvamaks, v\u00e4hendades vajalikku isiklikku pingutust igas etapis.<\/p>\n<h2>Harjateta 360\u00b0 panoraamvaade, 90\u00b0 kaldenurk<\/h2>\n<p>MT pakub lai 360\u00b0 panoraamvaadet 90\u00b0 kaldenurgaga, tagades t\u00e4ieliku katte. See tagab teie saagi t\u00e4ieliku ja sujuva j\u00e4lgimise ilma pimedate laikudeta.<\/p>\n<h2>L\u00f5plik stabiliseerimine<\/h2>\n<p>2-teljelise stabiliseerimise abil on MT v\u00f5imeline edastama stabiilset pilti, automaatne kalibreerimine korrigeerib teekahjude v\u00f5i muude v\u00e4liste tegurite p\u00f5hjustatud l\u00e4\u00e4tsenihet, s\u00e4ilitades p\u00fcsiva suuna.<\/p>\n<h2>\u00dclimalt vaikne kasutuskogemus<\/h2>\n<p>M6T25S kasutab 360-kraadise horisontaalse p\u00f6\u00f6rlemise jaoks harjatut mootorit ja d\u00fcnaamilist tasakaalustuse disaini, mis t\u00e4hendab, et p\u00f6\u00f6rlemise ja kallutamise ajal t\u00f6\u00f6tab see madala detsibellitasemega, tagades teie jahikogemuse h\u00e4irimatu ja nauditava.<\/p>\n<h2>Mitmek\u00fclgsed \u00fchendus- ja terminali kuvamise v\u00f5imalused<\/h2>\n<p>Erinevate kasutusharjumuste ja stsenaariumide jaoks toetab see kaks \u00fchendusviisi: kaabel ja WiFi. Kaabel\u00fchendus tagab suhteliselt stabiilsema pildi\u00fclekande, samas kui WiFi pakub mugavamat ja juhtmevaba kogemust. Reaalajas pildi\u00fclekanne on saadaval igal seadmel, kus on installeeritud Nocpix rakendus, sealhulgas, aga mitte ainult, iPad, mobiiltelefonid jne.<\/p>\n","protected":false},"excerpt":{"rendered":"<p>Nocpix M6T25S termokaam\u0435\u0440\u0430 autosse koos intelligentse tuvastamisega kuumade objektide jaoks. Intelligentne otsing, efektiivne ulatus 2300m, kaugjuhtimine, 2 laetavat akut kuni 7 tunni t\u00f6\u00f6ks.<\/p>\n<p>Kui toode ei ole saadaval, v\u00f5tke meiega \u00fchendust: shop@nbg.eu v\u00f5i +359896147790<\/p>\n","protected":false},"featured_media":683585,"template":"","meta":{"_acf_changed":false},"product_brand":[14449],"product_cat":[14042],"product_tag":[],"class_list":{"0":"post-683436","1":"product","2":"type-product","3":"status-publish","4":"has-post-thumbnail","6":"product_brand-nocpix","7":"product_cat-soojuskiir","9":"first","10":"instock","11":"taxable","12":"shipping-taxable","13":"purchasable","14":"product-type-simple"},"acf":[],"_links":{"self":[{"href":"https:\/\/nbg.eu\/et\/wp-json\/wp\/v2\/product\/683436","targetHints":{"allow":["GET"]}}],"collection":[{"href":"https:\/\/nbg.eu\/et\/wp-json\/wp\/v2\/product"}],"about":[{"href":"https:\/\/nbg.eu\/et\/wp-json\/wp\/v2\/types\/product"}],"wp:featuredmedia":[{"embeddable":true,"href":"https:\/\/nbg.eu\/et\/wp-json\/wp\/v2\/media\/683585"}],"wp:attachment":[{"href":"https:\/\/nbg.eu\/et\/wp-json\/wp\/v2\/media?parent=683436"}],"wp:term":[{"taxonomy":"product_brand","embeddable":true,"href":"https:\/\/nbg.eu\/et\/wp-json\/wp\/v2\/product_brand?post=683436"},{"taxonomy":"product_cat","embeddable":true,"href":"https:\/\/nbg.eu\/et\/wp-json\/wp\/v2\/product_cat?post=683436"},{"taxonomy":"product_tag","embeddable":true,"href":"https:\/\/nbg.eu\/et\/wp-json\/wp\/v2\/product_tag?post=683436"}],"curies":[{"name":"wp","href":"https:\/\/api.w.org\/{rel}","templated":true}]}}