{"id":683645,"date":"2026-01-08T18:14:29","date_gmt":"2026-01-08T15:14:29","guid":{"rendered":"https:\/\/nbg.eu\/product\/termokaameral-nocpix-vista-h50-50mm-12um-640x512-15mk-netd\/"},"modified":"2026-04-14T15:51:43","modified_gmt":"2026-04-14T12:51:43","slug":"termokaameral-nocpix-vista-h50-50mm-12um-640x512-15mk-netd","status":"publish","type":"product","link":"https:\/\/nbg.eu\/et\/toode\/termokaameral-nocpix-vista-h50-50mm-12um-640x512-15mk-netd\/","title":{"rendered":"Nocpix Termokaamera VISTA H50"},"content":{"rendered":"<h2>Nocpix VISTA H50 &#8211; Termokaamerad p\u00e4eva- ja \u00f6\u00f6kasutuseks<\/h2>\n<p>Nocpix VISTA H50 on kaasaegne termokaamerap\u00f5hine seade, mis on m\u00f5eldud nii p\u00e4eva- kui \u00f6\u00f6kasutuseks. See pakub suurep\u00e4rast pildikvaliteeti isegi raskes ilmastikus nagu udu, suits ja vihm ning suudab tuvastada sihtm\u00e4rke l\u00e4bi takistuste nagu oksad, k\u00f5rge rohi ja tihe taimestik, mis tavaliselt n\u00e4htavust varjavad.<\/p>\n<p>VISTA H50 on v\u00e4ga mitmek\u00fclgne ja sobib kasutamiseks erinevates rakendustes, sealhulgas jahipidamine, julgeolek, valve, maastiku navigatsioon ja otsi- ja p\u00e4\u00e4stetegevus. Selle edasij\u00f5udnud termotehnoloogia tagab usaldusv\u00e4\u00e4rse j\u00f5udluse, pakkudes selgeid pilte ja t\u00e4pseid m\u00f5\u00f5tmisi keerulistes tingimustes.<\/p>\n<h2>P\u00f5hiandmed:<\/h2>\n<p>Resolutsioon: 640 x 512<br \/>\nPiksli suurus: 12<br \/>\nNETD, mK: \u226415<br \/>\nKaadrisagedus: 50<br \/>\nObjektiiv: 50mm F0.9<br \/>\nVaatenurk: 8.8 x 7.0<br \/>\nVaatenurk (lineaarne): 15 x 12<br \/>\nSuurendus: 4~40<br \/>\nTuvastusulatus: 2600<br \/>\nSilmadest kaugus: 25<br \/>\nPupilli diameeter: 8<br \/>\nDiopter: -4 ~ +6<br \/>\nEkraani t\u00fc\u00fcp: AMOLED<br \/>\nEkraanieraldusv\u00f5ime: 2560 x 2560<br \/>\nAku: Vahetatav liitium-ioonaku IBP-7 \/ 4400mAh<br \/>\nMax t\u00f6\u00f6aeg: 5.5<br \/>\nWi-Fi\/rakendus: JAH<br \/>\nMIC: JAH<br \/>\nM\u00e4lumaht: 64GB<br \/>\nIP-kaitseaste: IP67<br \/>\nMax t\u00f6\u00f6temperatuur: -20 ~ +50<br \/>\nKaal (untsi): 22.93<br \/>\nKaal (g): 650<br \/>\nM\u00f5\u00f5tmed (tolli): 7.64 x 2.76 x 3.23<br \/>\nM\u00f5\u00f5tmed (mm): 194 x 70 x 82<\/p>\n","protected":false},"excerpt":{"rendered":"<p>Nocpix VISTA H50 on 640&#215;512 12um termokaamera, mille NETD on \u226415mK, 50mm F0.9 objektiiv ja 2560&#215;2560 AMOLED ekraan.<\/p>\n<p>Kui toode pole saadaval, v\u00f5tke palun \u00fchendust: shop@nbg.eu v\u00f5i +359896147790<\/p>\n<p>\n","protected":false},"featured_media":683706,"template":"","meta":{"_acf_changed":false},"product_brand":[14449],"product_cat":[14042,16070],"product_tag":[],"class_list":{"0":"post-683645","1":"product","2":"type-product","3":"status-publish","4":"has-post-thumbnail","6":"product_brand-nocpix","7":"product_cat-soojuskiir","8":"product_cat-thermal-cameras-et","10":"first","11":"instock","12":"taxable","13":"shipping-taxable","14":"purchasable","15":"product-type-simple"},"acf":[],"_links":{"self":[{"href":"https:\/\/nbg.eu\/et\/wp-json\/wp\/v2\/product\/683645","targetHints":{"allow":["GET"]}}],"collection":[{"href":"https:\/\/nbg.eu\/et\/wp-json\/wp\/v2\/product"}],"about":[{"href":"https:\/\/nbg.eu\/et\/wp-json\/wp\/v2\/types\/product"}],"wp:featuredmedia":[{"embeddable":true,"href":"https:\/\/nbg.eu\/et\/wp-json\/wp\/v2\/media\/683706"}],"wp:attachment":[{"href":"https:\/\/nbg.eu\/et\/wp-json\/wp\/v2\/media?parent=683645"}],"wp:term":[{"taxonomy":"product_brand","embeddable":true,"href":"https:\/\/nbg.eu\/et\/wp-json\/wp\/v2\/product_brand?post=683645"},{"taxonomy":"product_cat","embeddable":true,"href":"https:\/\/nbg.eu\/et\/wp-json\/wp\/v2\/product_cat?post=683645"},{"taxonomy":"product_tag","embeddable":true,"href":"https:\/\/nbg.eu\/et\/wp-json\/wp\/v2\/product_tag?post=683645"}],"curies":[{"name":"wp","href":"https:\/\/api.w.org\/{rel}","templated":true}]}}