{"id":683748,"date":"2026-01-08T18:13:33","date_gmt":"2026-01-08T15:13:33","guid":{"rendered":"https:\/\/nbg.eu\/product\/termokaamerad-nocpix-vista-h35-ilma-kaugusmootjata-35mm-12um-640x512-15mk-net\/"},"modified":"2026-04-14T15:52:02","modified_gmt":"2026-04-14T12:52:02","slug":"termokaamerad-nocpix-vista-h35-ilma-kaugusmootjata-35mm-12um-640x512-15mk-net","status":"publish","type":"product","link":"https:\/\/nbg.eu\/et\/toode\/termokaamerad-nocpix-vista-h35-ilma-kaugusmootjata-35mm-12um-640x512-15mk-net\/","title":{"rendered":"Nocpix Termokaamera VISTA H35"},"content":{"rendered":"<h2>Nocpix VISTA H35 termilise monokulari &#8211; 35mm 12um 640&#215;512 \u226415mK NET<\/h2>\n<p>Nocpix VISTA H35 on mitmeotstarbeline termilise monokulari, mis on loodud usaldusv\u00e4\u00e4rseks kasutamiseks nii p\u00e4eval kui \u00f6\u00f6sel. See edasij\u00f5udnud seade pakub erakordset termilise pildi kvaliteeti, pakkudes selgeid ja detailseid visuaale isegi keerulistes ilmaoludes, nagu udu, suits ja vihm. See suudab tuvastada sihte takistuste, nagu oksad, k\u00f5rge rohi ja tihe lehtpuumetsa kaudu, tagades t\u00f5husa toimimise keskkondades, kus traditsioonilised optikad on ebapiisavad.<\/p>\n<p>Ideaalne mitmesugusteks rakendusteks, nagu jaht, valve, turvalisus, maastiku navigeerimine ja otsingute ning p\u00e4\u00e4stmismissioonid. Oma tipptasemel tehnoloogia ja vastupidava ehitusega tagab VISTA H35 t\u00e4pse tuvastamise ja m\u00f5\u00f5tmise k\u00f5ige raskematest tingimustest.<\/p>\n<h2>Omadused<\/h2>\n<p>-640\u00d7512 12\u03bcm detektor<br \/>\nNETD\u226415mK<br \/>\n-60Hz k\u00f5rge kaadrisagedus<br \/>\n-F0.9 objektiiv<br \/>\n-AMOLED 2560\u00d72560 \u00fcmmargune ekraan<br \/>\n-IBP-7 kiiresti vahetatav laetav aku<br \/>\n-Sujuv digitaalne suum: 1\u00d7~8\u00d7<br \/>\n-Eriti puhas re\u017eiim<br \/>\n-Silmakaitse madala heleduse, v\u00e4rvivaliku ja soojas toonis<br \/>\n-Elektrooniline pildi stabilisaator<\/p>\n","protected":false},"excerpt":{"rendered":"<p>Termokaamerad Nocpix VISTA H35 ilma kaugusem\u00f5\u00f5tjata &#8211; 35mm 12um 640&#215;512 &lt;15mk NET<\/p>\n<p>Kui toode ei ole saadaval, v\u00f5tke meiega \u00fchendust: shop@nbg.eu v\u00f5i +359896147790<\/p>\n<p>\n","protected":false},"featured_media":683885,"template":"","meta":{"_acf_changed":false},"product_brand":[14449],"product_cat":[14042,16070],"product_tag":[],"class_list":{"0":"post-683748","1":"product","2":"type-product","3":"status-publish","4":"has-post-thumbnail","6":"product_brand-nocpix","7":"product_cat-soojuskiir","8":"product_cat-thermal-cameras-et","10":"first","11":"instock","12":"taxable","13":"shipping-taxable","14":"purchasable","15":"product-type-simple"},"acf":[],"_links":{"self":[{"href":"https:\/\/nbg.eu\/et\/wp-json\/wp\/v2\/product\/683748","targetHints":{"allow":["GET"]}}],"collection":[{"href":"https:\/\/nbg.eu\/et\/wp-json\/wp\/v2\/product"}],"about":[{"href":"https:\/\/nbg.eu\/et\/wp-json\/wp\/v2\/types\/product"}],"wp:featuredmedia":[{"embeddable":true,"href":"https:\/\/nbg.eu\/et\/wp-json\/wp\/v2\/media\/683885"}],"wp:attachment":[{"href":"https:\/\/nbg.eu\/et\/wp-json\/wp\/v2\/media?parent=683748"}],"wp:term":[{"taxonomy":"product_brand","embeddable":true,"href":"https:\/\/nbg.eu\/et\/wp-json\/wp\/v2\/product_brand?post=683748"},{"taxonomy":"product_cat","embeddable":true,"href":"https:\/\/nbg.eu\/et\/wp-json\/wp\/v2\/product_cat?post=683748"},{"taxonomy":"product_tag","embeddable":true,"href":"https:\/\/nbg.eu\/et\/wp-json\/wp\/v2\/product_tag?post=683748"}],"curies":[{"name":"wp","href":"https:\/\/api.w.org\/{rel}","templated":true}]}}