{"id":683926,"date":"2026-01-08T18:14:25","date_gmt":"2026-01-08T15:14:25","guid":{"rendered":"https:\/\/nbg.eu\/product\/termokaamera-nocpix-rico-2-h50r\/"},"modified":"2026-04-14T15:51:47","modified_gmt":"2026-04-14T12:51:47","slug":"termokaamera-nocpix-rico-2-h50r","status":"publish","type":"product","link":"https:\/\/nbg.eu\/et\/toode\/termokaamera-nocpix-rico-2-h50r\/","title":{"rendered":"Nocpix Termokaamera Rico 2 H50R"},"content":{"rendered":"<h2>Nocpix Rico 2 H50R: Pikka distantsi laskeekspert<\/h2>\n<p>Nocpix RICO 2 H50R termilise sihtmiku sari on m\u00f5eldud jahimeestele, kes n\u00f5uavad parimaid selgust, ulatust ja mugavust. See on disainitud juhtiva t\u00f6\u00f6stuse termoanduri ja suure kaadrisagedusega, pakkudes \u00fclimalt kvaliteetset pilti, mis muudab sihtm\u00e4rkide tuvastamise ja j\u00e4lgimise lihtsaks. Selle pikk fookuskaugus ja integreeritud LRF tagavad, et saate t\u00e4pselt m\u00f5\u00f5ta kaugsihte, samal ajal kui erakordselt optilise disaini t\u00f5ttu pakub see uputavat vaatamiskogemust ilma moonutusteta. J\u00e4rkjas suumiliuguriga ja suurep\u00e4rase silman\u00f5udega Nocpix RICO 2 H50R sari v\u00f5imaldab jahimeestel effortlessly reguleerida suurendust ja tunda end pikema jahi ajal mugavalt. Innovaatiliste tehnoloogiate ja kasutajas\u00f5braliku disainiga Nocpix RICO 2 H50R sari v\u00f5imaldab t\u00f5esti jahti teostada kaugemale, kui seni v\u00f5imalik.<\/p>\n<h2>Peamised omadused:<\/h2>\n<p>Kasuta uue p\u00f5lvkonna 12 \u03bcm@60 Hz andurit NETD \u226420 mK, et saada teravaid ja kontrastseid pilte ning parandada sihtm\u00e4rkide tuvastamist.<\/p>\n<p>Nocpix RICO 2 H50R on varustatud suurema objektiiviga (50 mm\/F1,0, 42 mm\/F1,0), pakkudes paremaid valguse kogumisv\u00f5imalusi erakordse pildi selguse ja pikendatud avastusulatus.<\/p>\n<p>RICO 2 sari v\u00f5imaldab teil oma suurendust kiirelt ja lihtsalt seadistada j\u00e4rkj\u00e4rgulise LPVO-stiilis suumi hoovaga, pakkudes kiiret ja mugavat kohandamist, et olla kindel kaugel olevate sihtm\u00e4rkide t\u00e4psel tabamisel.<\/p>\n<p>RICO 2 sari pakub silmapaistvat tuvastusulatus kuni 2600 m, andes teile m\u00e4rkimisv\u00e4\u00e4rse eelise pikamaa jahil ja t\u00e4psel sihtimise.<\/p>\n<p>Nocpix RICO 2 H50R on varustatud integreeritud LRF-iga, pakkudes laserdetektsiooni kuni 1200 m ulatuses t\u00f5elise optiline telje joondamises, tagades t\u00e4psed vahem\u00f5\u00f5tmised ja s\u00e4ilitades sale ning elegantse disaini.<\/p>\n<p>Lihtsustage oma laskepaika automaatse balistilise arvutusega, kasutades integreeritud LRF-i, et h\u00f5lpsasti tabada t\u00e4pseid l\u00f6\u00f6ke pikkadel vahemaadel.<\/p>\n<p>1,03&#8243; 2560\u00d72560 OLED-ekraan (H50R), moonutusteta okulaar, 70 mm silmarelva ja 23 mm v\u00e4ljundava tagavad terava ja mugava vaatamise pikkadeks sessioonideks.<\/p>\n<p>H50R mudel on varustatud enneolematult 70 mm silmarelva, mis pakub maksimaalset mugavust pikkadeks kasutusperioodideks ilma silmade v\u00e4simiseta ja tagab silmade ohutuse.<\/p>\n","protected":false},"excerpt":{"rendered":"<p>Termokaamera Nocpix Rico 2 H50R. Pikamaa laskmise ekspert. 640&#215;512 andur, 60Hz, integreeritud LRF, pidev suum.<\/p>\n<p>Kui kaup pole saadaval, v\u00f5tke \u00fchendust: shop@nbg.eu v\u00f5i +359896147790<\/p>\n<p>\n","protected":false},"featured_media":684159,"template":"","meta":{"_acf_changed":false},"product_brand":[14449],"product_cat":[14042,16070],"product_tag":[],"class_list":{"0":"post-683926","1":"product","2":"type-product","3":"status-publish","4":"has-post-thumbnail","6":"product_brand-nocpix","7":"product_cat-soojuskiir","8":"product_cat-thermal-cameras-et","10":"first","11":"instock","12":"taxable","13":"shipping-taxable","14":"purchasable","15":"product-type-simple"},"acf":[],"_links":{"self":[{"href":"https:\/\/nbg.eu\/et\/wp-json\/wp\/v2\/product\/683926","targetHints":{"allow":["GET"]}}],"collection":[{"href":"https:\/\/nbg.eu\/et\/wp-json\/wp\/v2\/product"}],"about":[{"href":"https:\/\/nbg.eu\/et\/wp-json\/wp\/v2\/types\/product"}],"wp:featuredmedia":[{"embeddable":true,"href":"https:\/\/nbg.eu\/et\/wp-json\/wp\/v2\/media\/684159"}],"wp:attachment":[{"href":"https:\/\/nbg.eu\/et\/wp-json\/wp\/v2\/media?parent=683926"}],"wp:term":[{"taxonomy":"product_brand","embeddable":true,"href":"https:\/\/nbg.eu\/et\/wp-json\/wp\/v2\/product_brand?post=683926"},{"taxonomy":"product_cat","embeddable":true,"href":"https:\/\/nbg.eu\/et\/wp-json\/wp\/v2\/product_cat?post=683926"},{"taxonomy":"product_tag","embeddable":true,"href":"https:\/\/nbg.eu\/et\/wp-json\/wp\/v2\/product_tag?post=683926"}],"curies":[{"name":"wp","href":"https:\/\/api.w.org\/{rel}","templated":true}]}}