{"id":68449,"date":"2023-11-29T10:10:20","date_gmt":"2023-11-29T10:10:20","guid":{"rendered":"https:\/\/nbg.eu\/product\/geissele-super-duty-mod1-11-5-5-56mm-ddc\/"},"modified":"2026-05-13T17:10:24","modified_gmt":"2026-05-13T14:10:24","slug":"geissele-super-duty-mod1-11-5-5-56mm-ddc","status":"publish","type":"product","link":"https:\/\/nbg.eu\/et\/toode\/geissele-super-duty-mod1-11-5-5-56mm-ddc\/","title":{"rendered":"Geissele Poolautomaatne Karabiin Super Duty 11.5&#8243; 5.56 NATO &#8211; DDC"},"content":{"rendered":"<h2>Geissele Super Duty p\u00fcstol &#8211; 11.5&#8243; 5.56MM<\/h2>\n<p>Geissele Super Duty on 11.5-tolline p\u00fcstol kaliibriga 5.56 NATO.<\/p>\n<h2>P\u00f5hiomadused:<\/h2>\n<ul>\n<li>11.5&#8243; k\u00fclmalt sepistatud, kroomitud rauaga (1:7&#8243; keere)<\/li>\n<li>Toodetud Geissele tehastes P\u00f5hja-Walesis, Pennsylvanias<\/li>\n<li>Karabiini pikkusega gaasis\u00fcsteem kompaktse gaasiplokiga<\/li>\n<li>10.5&#8243; SMR MK16 modulaarne k\u00e4epide M-LOK \u00fchilduvusega<\/li>\n<li>7075-T6 alumiiniumist alumine raam Ultra Duty osadekomplektiga<\/li>\n<li>M\u00f5lemak\u00e4eline konfigureeritav ohutushoob<\/li>\n<li>Super-42 toimemehhanism ja H3 puhver<\/li>\n<\/ul>\n<h2>Tehnilised andmed:<\/h2>\n<ul>\n<li>Kaliiber: 5.56 NATO<\/li>\n<li>Raud: Geissele k\u00fclmalt sepistatud, kroomitud, 1\/7 keere<\/li>\n<li>Raamid: Sepistatud 7075-T6, k\u00f5va anodeerimine t\u00fc\u00fcp III<\/li>\n<li>Lukuraami kandur: REBCG (t\u00e4iustatud usaldusv\u00e4\u00e4rsusega lukuraami kandur)<\/li>\n<li>P\u00e4\u00e4stik: SSA-X Lightning Bow&#8217;ga<\/li>\n<li>Suudmeseade: Geissele Sparkout leegisummuti<\/li>\n<li>Laadimisk\u00e4epide: Airborne<\/li>\n<li>V\u00e4rv: DDC (k\u00f5rbeliiva v\u00e4rv)*<\/li>\n<\/ul>\n<p><em>*M\u00e4rkus: DDC anodeerimine v\u00f5ib v\u00e4rvitoonis varieeruda<\/em><\/p>\n<p>Geissele Super Duty p\u00fcstol on kompaktne ja suure j\u00f5udlusega relv.<\/p>\n","protected":false},"excerpt":{"rendered":"<p>Geissele Super Duty: 11,5-tolline 5,56 mm, edasiarenenud tehnoloogia, t\u00e4ppisvalmistatud.<\/p>\n","protected":false},"featured_media":191248,"template":"","meta":{"_acf_changed":false},"product_brand":[11385],"product_cat":[16193,14002,15800,14071],"product_tag":[],"class_list":{"0":"post-68449","1":"product","2":"type-product","3":"status-publish","4":"has-post-thumbnail","6":"product_brand-geissele","7":"product_cat-ar-15-rifles-et","8":"product_cat-karabiinid","9":"product_cat-semi-automatic-rifles-et","10":"product_cat-vintpuess","12":"first","13":"outofstock","14":"taxable","15":"shipping-taxable","16":"product-type-simple"},"acf":[],"_links":{"self":[{"href":"https:\/\/nbg.eu\/et\/wp-json\/wp\/v2\/product\/68449","targetHints":{"allow":["GET"]}}],"collection":[{"href":"https:\/\/nbg.eu\/et\/wp-json\/wp\/v2\/product"}],"about":[{"href":"https:\/\/nbg.eu\/et\/wp-json\/wp\/v2\/types\/product"}],"wp:featuredmedia":[{"embeddable":true,"href":"https:\/\/nbg.eu\/et\/wp-json\/wp\/v2\/media\/191248"}],"wp:attachment":[{"href":"https:\/\/nbg.eu\/et\/wp-json\/wp\/v2\/media?parent=68449"}],"wp:term":[{"taxonomy":"product_brand","embeddable":true,"href":"https:\/\/nbg.eu\/et\/wp-json\/wp\/v2\/product_brand?post=68449"},{"taxonomy":"product_cat","embeddable":true,"href":"https:\/\/nbg.eu\/et\/wp-json\/wp\/v2\/product_cat?post=68449"},{"taxonomy":"product_tag","embeddable":true,"href":"https:\/\/nbg.eu\/et\/wp-json\/wp\/v2\/product_tag?post=68449"}],"curies":[{"name":"wp","href":"https:\/\/api.w.org\/{rel}","templated":true}]}}