{"id":684917,"date":"2026-01-08T18:13:14","date_gmt":"2026-01-08T15:13:14","guid":{"rendered":"https:\/\/nbg.eu\/product\/termokaamera-nocpix-ace-h50-12um-640x512-15mk-netd\/"},"modified":"2026-04-14T15:52:21","modified_gmt":"2026-04-14T12:52:21","slug":"termokaamera-nocpix-ace-h50-12um-640x512-15mk-netd","status":"publish","type":"product","link":"https:\/\/nbg.eu\/et\/toode\/termokaamera-nocpix-ace-h50-12um-640x512-15mk-netd\/","title":{"rendered":"Nocpix Termokaamera ACE H50"},"content":{"rendered":"<h2>Nocpix ACE H50 termilkiikarit: \u00fcletamatu jahisoorituse<\/h2>\n<p>Nocpix ACE H50 termilkiikarit \u00fchendab edasij\u00f5udnud tehnoloogia vastupidava vastupidavusega, et pakkuda \u00fcletamatut jahikogemust. See sisaldab 640&#215;512 resolutsiooniga termilsensorit, mille NETD on \u226412mK, mille tuvastusulatus on 3100 meetrit. Innovatiivne Vision+ s\u00fcsteem pakub okulaarsuurendust selgete l\u00e4hivaadetega, samal ajal kui topeltakutoites\u00fcsteem tagab pikaajalise kasutuse. See kiikarit on valmistatud suure tugevusega alumiiniumsulamist ja IP67 hinnatud, see on loodud edukalt toimima mistahes v\u00e4listingimustes ja kohanema iga olukorras.<\/p>\n<p>Nocpix ACE H50 termilkiikarit on eesrindlik t\u00f6\u00f6riist, mis on loodud jahikogemust uuendama, olenemata sellest, kas liigute pimedas \u00f6\u00f6l v\u00f5i j\u00e4lite saakloomakujude keerulisel pinnasel. Kui osa Nocpixi lipulaevaseeriast ACE, eristub see termiloptiliste seadmestamine oma \u00fclimuslikust pildikvaliteedist ja t\u00e4psusest, t\u00e4nu oma enda arendatud k\u00f5rgelahutusega termilsensorile ja edasij\u00f5udnud Reality+ ja Vision+ s\u00fcsteemidele.<\/p>\n<p>Nocpix ACE H50 s\u00fcdameks on selle Gen-2 HD termilsensor, millel on 640&#215;512 resolutsioon ja 60 Hz kaadrisagedus, pakkudes uskumatult stabiilset j\u00f5udlust. Oma \u226412mK NETD-ga tuvastab see kiikarit isegi k\u00f5ige v\u00e4iksemad temperatuurierinevused, pakkudes \u00fcksikasjalikke ja sileda termilpilti, ideaalne kiirelt liikuvate sihtkujude j\u00e4lgimiseks reaalajas. Edasij\u00f5udnud Reality+ pildit\u00f6\u00f6tlusalgoritmid t\u00f5hustavad seda veelgi, k\u00f5rvaldades \u00fcmbrustemperatuuri m\u00fcra, pakkudes paremat kontrasti ja selgust isegi keerulistes jahitingimustes.<\/p>\n<p>ACE H50-l on 50mm\/F0.9 objektiiv, mis lubab 20% rohkem valgust andurit j\u00f5uda, luues eredamaid ja selgemaid pilte. See on oluline jahtidele, kes otsivad t\u00e4psust, kuna parandatud valguse \u00fclekanne pakub parenenud n\u00e4htavust madala valgustusega keskkondades. Lisaks 3100 meetri tuvastamisulatus eraldab ACE, tehes kaugelt sihtm\u00e4rkide tuvastamise ja j\u00e4lgimise h\u00f5lpsamaks ja t\u00f5husamaks kui kunagi varem.<\/p>\n<p>Integreeritud Vision+ s\u00fcsteem t\u00f5stab visuaalset kogemust 1.03-tollisel \u00fcmmarguse AMOLED-ekraaniga, mille resolutsioon on 2560&#215;2560. Selle optilise suurenduss\u00fcsteemi, mis on loodud v\u00e4ltima t\u00fc\u00fcpilist elektrooniliste suurenemiste udusust ja moonutust, tagab jahimeestele selged, k\u00f5rge resolutsiooniga l\u00e4hivaabed ilma \u00fcksikasjade kaotamiseta. See pakub kaasahaaravat, mugavat vaatamiskogemust, olenemata sellest, kas spotite saakloomad kaugelt v\u00f5i suurendate t\u00e4pse sihtimise jaoks.<\/p>\n<p>Pikaks kasutuseks v\u00e4litingimustes on ACE varustatud topeltakutoites\u00fcsteemiga, mis sisaldab sisseehitatud 4000mAh akut ja eemaldatavat 18650 akut, v\u00f5imaldades pikaajalist t\u00f6\u00f6d pikematel jahisessioonidel. Vastupidav disain, valmistatud k\u00f5rge tugevusega alumiiniumsulamist, tagab, et ACE suudab taluda raskeid v\u00e4litingimusi ja rasket kasutamist, olles l\u00e4binud range l\u00f6\u00f6gikindluse testid. IP67 veekindla hinnanguga j\u00e4\u00e4b kiikarit t\u00f6\u00f6kindlaks ka ebasoodsates ilmastikuoludes, pakkudes jahimeestele rahu s\u00f5ltumata keskkonnast.<\/p>\n<p>Jahimeeste tarvis loodud Nocpix ACE H50 sisaldab olulisi funktsioone nagu l\u00f6\u00f6gim\u00f5jul aktiveeritud videosalvestus ja kattevaba disain, et tagada v\u00e4ljal k\u00e4ep\u00e4rane t\u00f6\u00f6. Kasutajas\u00f5bralike lisadega nagu fookuse reguleerija, laadimiskate ja v\u00f5imalus videoid otse Galerii kaudu esitada, \u00fchendab see kiikarit k\u00f5rge j\u00f5udlusega mugavusega, et pakkuda optimaalset jahikogemust.<\/p>\n","protected":false},"excerpt":{"rendered":"<p>NocPix ACE H50 termovisiooniga p\u00fcssikaugatoru pakub 640&#215;512 resolutsiooni, \u226415mK NETD, 3100m tuvastamisulatus ja topeltpatareis\u00fcsteem erakordseks jahikogemuseks.<\/p>\n<p>Kui toode pole saadaval, v\u00f5tke palun \u00fchendust: shop@nbg.eu v\u00f5i +359896147790<\/p>\n<p>\n","protected":false},"featured_media":684991,"template":"","meta":{"_acf_changed":false},"product_brand":[14449],"product_cat":[14042,16070],"product_tag":[],"class_list":{"0":"post-684917","1":"product","2":"type-product","3":"status-publish","4":"has-post-thumbnail","6":"product_brand-nocpix","7":"product_cat-soojuskiir","8":"product_cat-thermal-cameras-et","10":"first","11":"instock","12":"taxable","13":"shipping-taxable","14":"purchasable","15":"product-type-simple"},"acf":[],"_links":{"self":[{"href":"https:\/\/nbg.eu\/et\/wp-json\/wp\/v2\/product\/684917","targetHints":{"allow":["GET"]}}],"collection":[{"href":"https:\/\/nbg.eu\/et\/wp-json\/wp\/v2\/product"}],"about":[{"href":"https:\/\/nbg.eu\/et\/wp-json\/wp\/v2\/types\/product"}],"wp:featuredmedia":[{"embeddable":true,"href":"https:\/\/nbg.eu\/et\/wp-json\/wp\/v2\/media\/684991"}],"wp:attachment":[{"href":"https:\/\/nbg.eu\/et\/wp-json\/wp\/v2\/media?parent=684917"}],"wp:term":[{"taxonomy":"product_brand","embeddable":true,"href":"https:\/\/nbg.eu\/et\/wp-json\/wp\/v2\/product_brand?post=684917"},{"taxonomy":"product_cat","embeddable":true,"href":"https:\/\/nbg.eu\/et\/wp-json\/wp\/v2\/product_cat?post=684917"},{"taxonomy":"product_tag","embeddable":true,"href":"https:\/\/nbg.eu\/et\/wp-json\/wp\/v2\/product_tag?post=684917"}],"curies":[{"name":"wp","href":"https:\/\/api.w.org\/{rel}","templated":true}]}}