{"id":685068,"date":"2026-01-08T18:13:21","date_gmt":"2026-01-08T15:13:21","guid":{"rendered":"https:\/\/nbg.eu\/product\/thermal-monocular-nocpix-lumi-p13\/"},"modified":"2026-04-14T15:52:11","modified_gmt":"2026-04-14T12:52:11","slug":"thermal-monocular-nocpix-lumi-p13","status":"publish","type":"product","link":"https:\/\/nbg.eu\/et\/toode\/thermal-monocular-nocpix-lumi-p13\/","title":{"rendered":"Nocpix Termomonokulaare LUMI P13"},"content":{"rendered":"<h2>Maksimaalne j\u00f5udlus minimaalne kaaluga &#8211; Nocpix LUMI P13: Hoidke alati silma peal oma \u00fcmbruskonnal<\/h2>\n<p>LUMI termiilise kujutise monokulaarisari on m\u00f5eldud kasutamiseks nii p\u00e4eval kui ka \u00f6\u00f6sel ning pakub teile erakordset pildikvaliteeti isegi rasketel ilmastikutingimustel nagu udu, suits v\u00f5i vihm. Isegi kui takistused nagu oksad, k\u00f5rge rohi v\u00f5i tihe lehtpuumets teevad n\u00e4gemise raskeks, saate t\u00e4nu sellele tehnoloogiale alati selgelt n\u00e4ha, mis teie ees on. Need on ka nii kompaktsed ja kerged, et saate neid kergesti igale poole kaasa v\u00f5tta.<\/p>\n<p>LUMI termiilised kaamerad on ideaalsed mitmesugusteks rakendusteks, nagu jaht, valve, turvalisus, maastiku orienteerumine v\u00f5i otsi- ja p\u00e4\u00e4stet\u00f6\u00f6d.<\/p>\n<h2>\u00dcletamatu kujutise j\u00f5udlus teravate piltide saamiseks<\/h2>\n<p>LUMI-seeria seab uued standardid pildikvaliteedi osas. Varustatud k\u00f5ige kaasaegsema kujutise algoritmidega ja v\u00f5imsa termoanduri NETD &lt; 20 mK-ga, annab kaamera teravad ja realistlikud pildid. 1440 x 1080 piksli AMOLED-ekraan tagab erakorralise pildi kuvamise, samas kui Ultra Clear re\u017eiim optimeerib pildikvaliteeti veelgi, eriti rasketes ilmastikutingimustes.<\/p>\n<h2>Personaliseeritud vaatamiskogemus \u2013 Kohandage seade t\u00e4pselt oma vajadustele<\/h2>\n<p>T\u00e4nu 256 x 192 px anduritele ja mitmesugustele reguleerimisv\u00f5imalustele saate seadme t\u00e4pselt oma vajadustele kohandada. Valige viie v\u00e4rvire\u017eiimi vahel ja optimeerige oma vaade 10 heleduse, teravuse ja kontrasti tasemega &#8211; nii et \u00fckski detail ei j\u00e4\u00e4 m\u00e4rkamata.<\/p>\n<h2>LUMI-ga kogemuste jagamine on lihtne<\/h2>\n<p>Eriliste hetkedest salvestamine on kaasaegse jahimehe jaoks h\u00e4davajalik. Nocpix LUMI P13-ga saate oma salvestisi mitte ainult lihtsalt jagada rakenduse kaudu, vaid ka seadmes otse taasesitada &#8211; ideaalne oma kogemuste kohese jagamisega teistega.<\/p>\n<h2>Kasutatav paindlikult t\u00e4nu eemaldatavale akus\u00fcsteemile<\/h2>\n<p>LUMI-seeria on varustatud standardsete 18650 patareidega, mis annab teile maksimaalse paindlikkuse. Kuhu iganes ka ei l\u00e4he, kaasasoleva akulaadijaga olete te kiiresti uuesti kasutamiseks valmis &#8211; ja saate oma \u00fclesannet j\u00e4tkata.<\/p>\n","protected":false},"excerpt":{"rendered":"<p>Maksimaalne j\u00f5udlus minimaalse kaaluga &#8211; Nocpix LUMI P13: Hoidke alati silma peal oma sihtm\u00e4rgil.<\/p>\n","protected":false},"featured_media":685100,"template":"","meta":{"_acf_changed":false},"product_brand":[14449],"product_cat":[16069,14042],"product_tag":[],"class_list":{"0":"post-685068","1":"product","2":"type-product","3":"status-publish","4":"has-post-thumbnail","6":"product_brand-nocpix","7":"product_cat-monoculars-et","8":"product_cat-soojuskiir","10":"first","11":"instock","12":"taxable","13":"shipping-taxable","14":"purchasable","15":"product-type-simple"},"acf":[],"_links":{"self":[{"href":"https:\/\/nbg.eu\/et\/wp-json\/wp\/v2\/product\/685068","targetHints":{"allow":["GET"]}}],"collection":[{"href":"https:\/\/nbg.eu\/et\/wp-json\/wp\/v2\/product"}],"about":[{"href":"https:\/\/nbg.eu\/et\/wp-json\/wp\/v2\/types\/product"}],"wp:featuredmedia":[{"embeddable":true,"href":"https:\/\/nbg.eu\/et\/wp-json\/wp\/v2\/media\/685100"}],"wp:attachment":[{"href":"https:\/\/nbg.eu\/et\/wp-json\/wp\/v2\/media?parent=685068"}],"wp:term":[{"taxonomy":"product_brand","embeddable":true,"href":"https:\/\/nbg.eu\/et\/wp-json\/wp\/v2\/product_brand?post=685068"},{"taxonomy":"product_cat","embeddable":true,"href":"https:\/\/nbg.eu\/et\/wp-json\/wp\/v2\/product_cat?post=685068"},{"taxonomy":"product_tag","embeddable":true,"href":"https:\/\/nbg.eu\/et\/wp-json\/wp\/v2\/product_tag?post=685068"}],"curies":[{"name":"wp","href":"https:\/\/api.w.org\/{rel}","templated":true}]}}