{"id":685238,"date":"2026-01-08T18:13:20","date_gmt":"2026-01-08T15:13:20","guid":{"rendered":"https:\/\/nbg.eu\/product\/termoskoobikamera-nocpix-lumi-l35r-laseriga-kaugusmootjaga\/"},"modified":"2026-04-14T15:52:16","modified_gmt":"2026-04-14T12:52:16","slug":"termoskoobikamera-nocpix-lumi-l35r-laseriga-kaugusmootjaga","status":"publish","type":"product","link":"https:\/\/nbg.eu\/et\/toode\/termoskoobikamera-nocpix-lumi-l35r-laseriga-kaugusmootjaga\/","title":{"rendered":"Nocpix Termomonokulaare LUMI L35R LRF"},"content":{"rendered":"<h2>Termokaugvaataja Nocpix LUMI L35R laseriga kaugusm\u00f5\u00f5tjaga<\/h2>\n<p>Nocpix LUMI L35R on v\u00f5imas ja kompaktne termokaugvaataja koos integreeritud laseriga kaugusm\u00f5\u00f5tjaga. Sellel termokaameral on oma klassi k\u00f5ige t\u00e4iuslikum sensor, mille NETD on \u226418mK, mis tagab k\u00f5rge eraldusv\u00f5imega pildiloomise isegi ekstreemsetes ilmaoludes. Kerge ja ergonoomilise disainiga on see lihtne k\u00e4sitseda, eemaldatav akus\u00fcsteem standardsete 18650 patareidega tagab pikema kasutusaja.<\/p>\n<p>Integreeritud laseriga kaugusm\u00f5\u00f5tja v\u00f5imaldab t\u00e4pset sihtm\u00e4rgi kauguse m\u00e4\u00e4ramist, ning t\u00e4iustatud R+ AI pildialgoritmid parandavad detaile ja kasutavad sensori t\u00e4ielikku potentsiaali. Kaugvaataja on veekindel, tolmukindel ja m\u00f5eldud mugavaks v\u00e4listingimustes kasutamiseks, funktsioone on nagu elektrooniline pildi stabiliseerija, silmareljeef, v\u00e4rviskaalad ja ultratagasihoidlikud nupud.<\/p>\n<p>1800 m sensorulatusega Nocpix LUMI L35R on mitmek\u00fclgne termopildilahendus jahiks, turvalisuseks ja v\u00e4listegevusteks. Seda termokaugvaatajat katab 3-aastane t\u00e4ielik tootjagarantii, pakkudes suurep\u00e4rast j\u00f5udlust ja t\u00f6\u00f6kindlust.<\/p>\n","protected":false},"excerpt":{"rendered":"<p>Termiliselt monokulaarteleskoop Nocpix LUMI L35R koos lasertelemeetriga: k\u00f5rge resolutsiooniga andur \u226418 mK NETD, kompaktne ja kerge, eemaldatav aku.<\/p>\n","protected":false},"featured_media":685296,"template":"","meta":{"_acf_changed":false},"product_brand":[14449],"product_cat":[16069,14042],"product_tag":[],"class_list":{"0":"post-685238","1":"product","2":"type-product","3":"status-publish","4":"has-post-thumbnail","6":"product_brand-nocpix","7":"product_cat-monoculars-et","8":"product_cat-soojuskiir","10":"first","11":"instock","12":"taxable","13":"shipping-taxable","14":"purchasable","15":"product-type-simple"},"acf":[],"_links":{"self":[{"href":"https:\/\/nbg.eu\/et\/wp-json\/wp\/v2\/product\/685238","targetHints":{"allow":["GET"]}}],"collection":[{"href":"https:\/\/nbg.eu\/et\/wp-json\/wp\/v2\/product"}],"about":[{"href":"https:\/\/nbg.eu\/et\/wp-json\/wp\/v2\/types\/product"}],"wp:featuredmedia":[{"embeddable":true,"href":"https:\/\/nbg.eu\/et\/wp-json\/wp\/v2\/media\/685296"}],"wp:attachment":[{"href":"https:\/\/nbg.eu\/et\/wp-json\/wp\/v2\/media?parent=685238"}],"wp:term":[{"taxonomy":"product_brand","embeddable":true,"href":"https:\/\/nbg.eu\/et\/wp-json\/wp\/v2\/product_brand?post=685238"},{"taxonomy":"product_cat","embeddable":true,"href":"https:\/\/nbg.eu\/et\/wp-json\/wp\/v2\/product_cat?post=685238"},{"taxonomy":"product_tag","embeddable":true,"href":"https:\/\/nbg.eu\/et\/wp-json\/wp\/v2\/product_tag?post=685238"}],"curies":[{"name":"wp","href":"https:\/\/api.w.org\/{rel}","templated":true}]}}