{"id":685328,"date":"2025-12-17T17:50:25","date_gmt":"2025-12-17T14:50:25","guid":{"rendered":"https:\/\/nbg.eu\/product\/termiline-monokulaarne-nocpix-lumi-l19\/"},"modified":"2026-01-21T11:59:28","modified_gmt":"2026-01-21T08:59:28","slug":"termiline-monokulaarne-nocpix-lumi-l19","status":"publish","type":"product","link":"https:\/\/nbg.eu\/et\/toode\/termiline-monokulaarne-nocpix-lumi-l19\/","title":{"rendered":"Termiline monokulaarne Nocpix LUMI L19"},"content":{"rendered":"<h2>Maksimaalne j\u00f5udlus minimaalse kaaluga \u2013 Nocpix LUMI L19: Teie vaatleja metsadele ja niitudele<\/h2>\n<p>LUMI termiilise pildi monokulaaride seeria on m\u00f5eldud nii p\u00e4evase kui \u00f6ise kasutamise jaoks ning pakub teile erakordset pildi kvaliteeti isegi raskes ilmastikus, nagu udu, suits v\u00f5i vihm. Isegi kui takistused, nagu oksad, k\u00f5rge rohi v\u00f5i tihe lehestik, raskendavad n\u00e4gemist, v\u00f5ite t\u00e4nu sellele tehnoloogiale alati selgelt n\u00e4ha, mis teie ees on. Need on ka nii kompaktsed ja kergekaalulised, et saate neid h\u00f5lpsasti igale poole kaasa v\u00f5tta.<\/p>\n<p>LUMI termokaameraid saab kasutada mitmesugustel eesm\u00e4rkidel, nagu jahtimine, valve, turvalisus, maastiku orienteerumine v\u00f5i otsing- ja p\u00e4\u00e4stet\u00f6\u00f6d.<\/p>\n<h2>\u00dcletamatu pildikvaliteet teravate kujutiste jaoks<\/h2>\n<p>LUMI seeria seab uued standardid pildikvaliteedi osas. K\u00f5ige kaasaegsemate piltide algoritmidega ja v\u00f5imsa termoanduri (NETD &lt; 18 mK) abil pakub kaamera teravaid ja realistlikke kujutisi. 1024 x 768 piksli AMOLED-ekraan tagab erakordse pildi kvaliteedi, samas kui Ultra Clear re\u017eiim optimeerib pildi selgust eriti raskes ilmastikus.<\/p>\n<h2>Isikup\u00e4rastatud vaatamiskogemus \u2013 Kohandage oma seade t\u00e4pselt oma vajadustele<\/h2>\n<p>T\u00e4nu keskmise suurusega 384 x 288 px andurile ja mitmesugustele seadete v\u00f5imalustele saate seadme t\u00e4pselt oma vajadustele kohandada. Valige 5 v\u00e4rvire\u017eiimi ja optimeerige oma vaadet 10 erinevas ereduse, teravuse ja kontrasti tasemel \u2013 nii et \u00fckski detail ei j\u00e4\u00e4 m\u00e4rkamatuks.<\/p>\n<h2>Lihtne kogemuste jagamine<\/h2>\n<p>Eriliste hetke j\u00e4\u00e4dvustamine on kaasaegse jahimehe jaoks oluline. Nocpix LUMIga saate oma salvestisi mitte ainult h\u00f5lpsasti rakenduse kaudu jagada, vaid ka seadmel otse taasesitada \u2013 perfektne oma kogemuste koheseks jagamiseks teistega.<\/p>\n<h2>Paindlik kasutus eemaldatava akus\u00fcsteemi t\u00f5ttu<\/h2>\n<p>LUMI seeria on varustatud standardsete 18650 patareidega, mis tagavad maksimaalse paindlikkuse. Olenemata sellest, kuhu l\u00e4hete, saate kaasasoleva akulaadijaga kiiresti uuesti valmis olla \u2013 ja oma missiooni j\u00e4tkata.<\/p>\n","protected":false},"excerpt":{"rendered":"<p>Maksimaalne j\u00f5udlus minimaalse kaaluga &#8211; Nocpix LUMI L19: Teie vaatleja metsades ja heinamaadel<\/p>\n","protected":false},"featured_media":685549,"template":"","meta":{"_acf_changed":false},"product_brand":[14449],"product_cat":[14042],"product_tag":[],"class_list":{"0":"post-685328","1":"product","2":"type-product","3":"status-publish","4":"has-post-thumbnail","6":"product_brand-nocpix","7":"product_cat-soojuskiir","9":"first","10":"outofstock","11":"taxable","12":"shipping-taxable","13":"purchasable","14":"product-type-simple"},"acf":[],"_links":{"self":[{"href":"https:\/\/nbg.eu\/et\/wp-json\/wp\/v2\/product\/685328","targetHints":{"allow":["GET"]}}],"collection":[{"href":"https:\/\/nbg.eu\/et\/wp-json\/wp\/v2\/product"}],"about":[{"href":"https:\/\/nbg.eu\/et\/wp-json\/wp\/v2\/types\/product"}],"wp:featuredmedia":[{"embeddable":true,"href":"https:\/\/nbg.eu\/et\/wp-json\/wp\/v2\/media\/685549"}],"wp:attachment":[{"href":"https:\/\/nbg.eu\/et\/wp-json\/wp\/v2\/media?parent=685328"}],"wp:term":[{"taxonomy":"product_brand","embeddable":true,"href":"https:\/\/nbg.eu\/et\/wp-json\/wp\/v2\/product_brand?post=685328"},{"taxonomy":"product_cat","embeddable":true,"href":"https:\/\/nbg.eu\/et\/wp-json\/wp\/v2\/product_cat?post=685328"},{"taxonomy":"product_tag","embeddable":true,"href":"https:\/\/nbg.eu\/et\/wp-json\/wp\/v2\/product_tag?post=685328"}],"curies":[{"name":"wp","href":"https:\/\/api.w.org\/{rel}","templated":true}]}}