{"id":685625,"date":"2025-12-17T17:47:09","date_gmt":"2025-12-17T14:47:09","guid":{"rendered":"https:\/\/nbg.eu\/product\/termiline-monokulaarne-lumi-h35r-koos-laserkaugusmooturiga\/"},"modified":"2026-01-21T11:58:52","modified_gmt":"2026-01-21T08:58:52","slug":"termiline-monokulaarne-lumi-h35r-koos-laserkaugusmooturiga","status":"publish","type":"product","link":"https:\/\/nbg.eu\/et\/toode\/termiline-monokulaarne-lumi-h35r-koos-laserkaugusmooturiga\/","title":{"rendered":"Termiline monokulaarne LUMI H35R koos laserkaugusm\u00f5\u00f5turiga"},"content":{"rendered":"<h2>Termokuulaja andurivahemikuga kuni 1800m, \u00e4\u00e4rmiselt kompaktne ja kerge!<\/h2>\n<p>Integreeritud laserkaugusm\u00f5\u00f5tja.<\/p>\n<p>K\u00f5rge resolutsiooniga andur ja eriti v\u00f5imas: \u2264 18 mK NETD.<\/p>\n<p>Eemaldatav akus\u00fcsteem 18650 akudega<\/p>\n<p>Videosalvestus, veekindel ja eriti vaikne t\u00f6\u00f6.<\/p>\n<p>3-aastane t\u00e4istehasegarantii!<\/p>\n<h2>Veel funktsioone:<\/h2>\n<p>-Integreeritud laserkaugusm\u00f5\u00f5tja t\u00e4pse sihtm\u00e4rgi kauguse m\u00e4\u00e4ramiseks<\/p>\n<p>-K\u00f5rge pildi kvaliteet: Isegi \u00e4\u00e4rmuslike ilmastikuolude korral p\u00fcsib pildi kvaliteet stabiilsena.<\/p>\n<p>-Andur on spetsiaalselt jahipidamiseks kavandatud: Tagab stabiilse t\u00f6\u00f6 NETD \u2264 18mK-ga suurep\u00e4rase pildi kvaliteedi saavutamiseks.<\/p>\n<p>-F0,9 objektiiv: 20% rohkem valguse \u00fclekandmist v\u00f5rreldes F1,0 objektiiviga eredamate ja selgemate piltide saamiseks.<\/p>\n<p>-Reality+ piltide optimeerimine: T\u00e4iustatud algoritmid parandavad pildi kvaliteeti ja elimineerivad pildi m\u00fcra.<\/p>\n<p>-Elektrooniline pildi stabiliseerimine: Sujuvate ja stabiilsete videode jaoks.<\/p>\n<p>-V\u00e4rvusv\u00e4ljade pehmendamine silmadele: Eriroheline ja -punane v\u00e4rviskaala v\u00e4hendavad silmade v\u00e4simust pikaajalisel kasutamisel.<\/p>\n<p>-Eemaldatav 18650 aku: P\u00f6\u00f6rdpolaarsusega lihtsa asendamise v\u00f5imalusega, ideaalne \u00f6\u00f6sel.<\/p>\n<p>-\u00dclimalt vaiksed nupud: Vaikne t\u00f6\u00f6, mis metsaelustikku ei sega.<\/p>\n<p>-Kompaktne disain: Seade on v\u00e4iksem kui mobiiltelefon ja lihtne kanda.<\/p>\n<p>-IP67 kaitseklass: Tolmu- ja veekindel kasutamiseks \u00e4\u00e4rmuslikes tingimustes.<\/p>\n<p>-Ergonoomilise kujundus: Ideaalne v\u00e4litingimustes kasutamiseks, mugav ja kasutajas\u00f5bralik.<\/p>\n<p>-Kerge: Seade kaalub v\u00e4hem kui 345 g.<\/p>\n<p>-10 mm pupiilivahemaa: Tagab optimaalse n\u00e4htavuse ja mugava vaatenurga.<\/p>\n<p>-Usaldusv\u00e4\u00e4rne \u00f6\u00f6sel: T\u00e4nu vaiksele ja lihtsale kasutamisele sobib see ideaalselt kasutamiseks pimedas keskkonnas.<\/p>\n<p>-Eemaldatav aku: V\u00f5imaldab t\u00f6\u00f6tada kauem, asendades akusid.<\/p>\n<p>-Suur ava: Suurendab valguse kogumist ja pildi eredust rasketes valgustingimustes.<\/p>\n<p>-Sisseehitatud mikrofon: V\u00f5imaldab heli salvestada.<\/p>\n<p>-32 GB m\u00e4lu: Fotode, videote ja helirakenduste salvestamiseks.<\/p>\n<p>-Lihtne kasutada: Ideaalne kasutajatele, kes eelistavad kompaktset ja kerget seadet.<\/p>\n<p>-R+ AI piltide algoritm: Parandab pildi detaile ja kasutab anduri t\u00e4it potentsiaali.<\/p>\n","protected":false},"excerpt":{"rendered":"<p>Oma klassi k\u00f5ige arenenum andur (&lt;18mK NETD). Integreeritud laserkaugusm\u00f5\u00f5tja. Eriti lihtne kasutada: kerge ja kompaktne korpus. Vahetatav patareis\u00fcsteem standardsete 18650 patareidega.<\/p>\n<p>Kui toode pole saadaval, v\u00f5tke meiega \u00fchendust: shop@nbg.eu v\u00f5i +359896147790<\/p>\n","protected":false},"featured_media":685681,"template":"","meta":{"_acf_changed":false},"product_brand":[14449],"product_cat":[14042],"product_tag":[],"class_list":{"0":"post-685625","1":"product","2":"type-product","3":"status-publish","4":"has-post-thumbnail","6":"product_brand-nocpix","7":"product_cat-soojuskiir","9":"first","10":"instock","11":"taxable","12":"shipping-taxable","13":"purchasable","14":"product-type-simple"},"acf":[],"_links":{"self":[{"href":"https:\/\/nbg.eu\/et\/wp-json\/wp\/v2\/product\/685625","targetHints":{"allow":["GET"]}}],"collection":[{"href":"https:\/\/nbg.eu\/et\/wp-json\/wp\/v2\/product"}],"about":[{"href":"https:\/\/nbg.eu\/et\/wp-json\/wp\/v2\/types\/product"}],"wp:featuredmedia":[{"embeddable":true,"href":"https:\/\/nbg.eu\/et\/wp-json\/wp\/v2\/media\/685681"}],"wp:attachment":[{"href":"https:\/\/nbg.eu\/et\/wp-json\/wp\/v2\/media?parent=685625"}],"wp:term":[{"taxonomy":"product_brand","embeddable":true,"href":"https:\/\/nbg.eu\/et\/wp-json\/wp\/v2\/product_brand?post=685625"},{"taxonomy":"product_cat","embeddable":true,"href":"https:\/\/nbg.eu\/et\/wp-json\/wp\/v2\/product_cat?post=685625"},{"taxonomy":"product_tag","embeddable":true,"href":"https:\/\/nbg.eu\/et\/wp-json\/wp\/v2\/product_tag?post=685625"}],"curies":[{"name":"wp","href":"https:\/\/api.w.org\/{rel}","templated":true}]}}