{"id":685786,"date":"2025-12-18T16:23:59","date_gmt":"2025-12-18T13:23:59","guid":{"rendered":"https:\/\/nbg.eu\/product\/termilised-binoklid-nocpix-quest-h35r-lrf-640x512-netd-15mk\/"},"modified":"2026-01-21T12:22:39","modified_gmt":"2026-01-21T09:22:39","slug":"termilised-binoklid-nocpix-quest-h35r-lrf-640x512-netd-15mk","status":"publish","type":"product","link":"https:\/\/nbg.eu\/et\/toode\/termilised-binoklid-nocpix-quest-h35r-lrf-640x512-netd-15mk\/","title":{"rendered":"Termilised binoklid Nocpix Quest H35R LRF 640&#215;512 NETD &lt;15mK"},"content":{"rendered":"<h2>Nocpix QUEST H35R LRF 640&#215;512 termokiirbokad<\/h2>\n<p>QUEST on kerge ja kaasaskantav, pakkudes tuvastamisulatust kuni 2600 m ja sisseehitatud varjatud LRF-iga, mille ulatus on 1000 m parema t\u00e4psuse ja n\u00e4htavuse jaoks. Selle traditsiooniline kiirbokakujundus sisaldab t\u00e4isruberkatet ja IP67 kaitseklassiga vastupidavust ja mugavust rasketes tingimustes. Varustatud k\u00f5rge j\u00f5udlusega 640&#215;512 sensoriga (NETD \u226415mK, 60Hz), pakub QUEST erakordset pildi selgust, \u00fcleolekut soojatundlikkuses ja probleemivaba kasutamist rasketes keskkondades.<\/p>\n<h2>Suurep\u00e4rane visuaalne kogemus<\/h2>\n<p>Nocpix QUEST kasutab R+ pildi parandust parema selguse ja t\u00e4psuse tagamiseks, kombineerituna 1920&#215;1200 AMOLED-ekraaniga silmale s\u00f5braliku vaatamiskogemuse saamiseks.<\/p>\n<h2>Suurep\u00e4rane sensor tagab kvaliteedi<\/h2>\n<p>Nocpix QUEST on varustatud k\u00f5rge j\u00f5udlusega sensoriga (640&#215;512@12\u00b5m), mis pakub erakordset pildi selgust. NETD \u226415mK ja 60Hz kaadrisagedusega tagab see suurep\u00e4rase soojatundlikkuse, pakkudes selgeid ja visuaalselt arusaadavaid pilte isegi k\u00f5ige raskemas keskkonnas.<\/p>\n<h2>V\u00f5imas tuvastamisv\u00f5ime<\/h2>\n<p>Nocpix QUEST pakub tuvastamisulatust kuni 2600 m ja sisseehitatud varjatud LRF-iga ulatusega kuni 1000 m, v\u00f5imaldades n\u00e4ha kaugemale ja t\u00e4psemalt kui kunagi varem. See toetab ka ballistilisi arvutusi, pakkudes andmetuge koost\u00f6\u00f6l p\u00f5hinevaks jahiks.<\/p>\n<h2>\u00dchek\u00e4ega kasutus<\/h2>\n<p>Nocpix QUEST pakub ergonoomilise, libisemiskindla k\u00e4sitsemisega, lihtsustatud 4-nuppulise paigutusega ja keskel paiknevate rullratastega, mis v\u00f5imaldab lihtsat \u00fchek\u00e4egakasutust ja kindlat haaret k\u00f5igis tingimustes.<\/p>\n<h2>Kerge ja kaasaskantav<\/h2>\n<p>QUEST kaalub vaid 700 g ja sisaldab spetsiaalset kandekotti, pakkudes lihtsat kaasaskantavust ja mugavust v\u00e4listgevusteks nagu jahtimine ja uurimine.<\/p>\n<h2>Muretse toite p\u00e4rast<\/h2>\n<p>QUEST-seeria pakub kaheakutoitemehhanismi sisseehitatud ja vahetatava 18650-akuga, tagades muretu asendamise ja p\u00fcsiva kasutamise seiklustegevuste jooksul.<\/p>\n<h2>Parim kiirbokade kogemus<\/h2>\n<p>QUEST kasutab traditsioonilist kiirbokakujundust koos l\u00e4bim\u00f5eldud t\u00e4isruberkattega ja IP67 kaitseklassiga vee- ja tolmukindluse tagamiseks, tagades nii vastupidavuse kui \u00fcldise mugavuse.<\/p>\n","protected":false},"excerpt":{"rendered":"<p>Kergekaaluline, kaasaskantav termokiikrid 2600m tuvastusraadiusega, 1000m kaugusem\u00f5\u00f5tjaga ja erakordselt selge pildiga.<\/p>\n","protected":false},"featured_media":686409,"template":"","meta":{"_acf_changed":false},"product_brand":[14449],"product_cat":[14680,14042],"product_tag":[],"class_list":{"0":"post-685786","1":"product","2":"type-product","3":"status-publish","4":"has-post-thumbnail","6":"product_brand-nocpix","7":"product_cat-binokkel","8":"product_cat-soojuskiir","10":"first","11":"instock","12":"taxable","13":"shipping-taxable","14":"purchasable","15":"product-type-simple"},"acf":[],"_links":{"self":[{"href":"https:\/\/nbg.eu\/et\/wp-json\/wp\/v2\/product\/685786","targetHints":{"allow":["GET"]}}],"collection":[{"href":"https:\/\/nbg.eu\/et\/wp-json\/wp\/v2\/product"}],"about":[{"href":"https:\/\/nbg.eu\/et\/wp-json\/wp\/v2\/types\/product"}],"wp:featuredmedia":[{"embeddable":true,"href":"https:\/\/nbg.eu\/et\/wp-json\/wp\/v2\/media\/686409"}],"wp:attachment":[{"href":"https:\/\/nbg.eu\/et\/wp-json\/wp\/v2\/media?parent=685786"}],"wp:term":[{"taxonomy":"product_brand","embeddable":true,"href":"https:\/\/nbg.eu\/et\/wp-json\/wp\/v2\/product_brand?post=685786"},{"taxonomy":"product_cat","embeddable":true,"href":"https:\/\/nbg.eu\/et\/wp-json\/wp\/v2\/product_cat?post=685786"},{"taxonomy":"product_tag","embeddable":true,"href":"https:\/\/nbg.eu\/et\/wp-json\/wp\/v2\/product_tag?post=685786"}],"curies":[{"name":"wp","href":"https:\/\/api.w.org\/{rel}","templated":true}]}}