{"id":686431,"date":"2026-01-08T18:14:39","date_gmt":"2026-01-08T15:14:39","guid":{"rendered":"https:\/\/nbg.eu\/product\/termomount-nocpix-mate-ultra-s60r\/"},"modified":"2026-04-14T15:51:38","modified_gmt":"2026-04-14T12:51:38","slug":"termomount-nocpix-mate-ultra-s60r","status":"publish","type":"product","link":"https:\/\/nbg.eu\/et\/toode\/termomount-nocpix-mate-ultra-s60r\/","title":{"rendered":"Nocpix Termoadapter Mate Ultra S60R"},"content":{"rendered":"<h2>Muuda oma p\u00e4evast skoopi kaasaegseks termiilise relvaskoobi Nocpix MATE Ultra S60R termiilise kinnitusega &#8211; parima eestkinnitusega termiilise kinnituse, mis on m\u00f5eldud professionaalsetele jahimeestele, loodusvaatlejatele ja tulistajaile, kes n\u00f5uavad t\u00e4psust.<\/h2>\n<p>Ehitatud uue p\u00f5lvkonna pilditehnoloogliat kasutades pakub Nocpix MATE Ultra S60R v\u00f5rreldamatut selgust, kauguste avastamist ja tipptasemel funktsioone parima j\u00f5udlusega mis tahes keskkonnas.<\/p>\n<h2>Erakordne pildi kvaliteet ja avastamise ulatus<\/h2>\n<p>Nocpix MATE Ultra S60R s\u00fcdameks on 2. p\u00f5lvkonna HD 1280\u00d71024 termiline andur ultrapeene 12 \u03bcm piksli sammuga ja tundlikkusega NETD \u226415mK, mis tagab, et isegi n\u00f5rgimadki soojuslikud erinevused tuvastatakse. Suur 60mm F1.0 objektiiv p\u00fc\u00fcab rohkem soojuskiirgust, tagades kristallselged pildid ja laiendatud ulatuse, pakkudes avastamise vahemikke kuni 3100 m. Kas j\u00e4lite hirvi koidikul v\u00f5i skaneerite laiemaid v\u00e4lju \u00f6\u00f6sel, siis S60R tagab, et \u00fckski \u00fcksikasja ei j\u00e4\u00e4 m\u00e4rkamata.<\/p>\n<h2>T\u00e4iustatud pildit\u00f6\u00f6tlus Reality+ AI-ga<\/h2>\n<p>Varustatud kahe pildit\u00f6\u00f6tlusalgoritmiga &#8211; v\u00f5imas pildit\u00f6\u00f6tlusprotsessor, mis kombineeritud intelligentse Reality+ tehnoloogiaga &#8211; MATE Ultra S60R kohandub teie skoopi suurendusele automaatselt. See tagab teravad visuaalid, t\u00e4pse suumimise ja \u00fchtlase pildi stabiilsuse isegi udu, vihma v\u00f5i raskete madala valgusega tingimuste korral.<\/p>\n<p>Magic Zoom (ilma LITE-ta) \u2013 Automaatne pildi ja liidese reguleerimine reaalajas sujuva suumimise jaoks.<\/p>\n<p>7 erinevat v\u00e4rvipaletti \u2013 Valige parim termiline vaade igaks stsenaariumiks.<\/p>\n<p>1920\u00d71080 AMOLED-ekraan \u2013 \u00c4\u00e4rmiselt teravad pildid elavate kontrastidega.<\/p>\n<h2>Loodud t\u00e4psuseks ja eetiliseks jahinduseks<\/h2>\n<p>Sisseehitatud laserkaugusm\u00f5\u00f5dikuga (kuni 1200m) ja integreeritud ballistilise kalkulaatoriga aitab S60R teil teha teadlikke ja eetilisi laskeotsuseid. Pilt-pildis (PIP) re\u017eiim parandab sihtimist\u00e4psust ja tagasil\u00f6\u00f6giga aktiveeritud video (RAV) tagab, et iga kriitilisem hetk j\u00e4\u00e4dvustatakse.<\/p>\n<p>Salvesta fotosid, videoid ja heli 64GB m\u00e4luruumiga<\/p>\n<p>Wi-Fi ja kaugsidega N-Link<\/p>\n<p>Suluketa tehnoloogia vaikse ja usaldusv\u00e4\u00e4rse t\u00f6\u00f6 jaoks<\/p>\n<h2>Vastupidav, praktiline ja usaldusv\u00e4\u00e4rne<\/h2>\n<p>V\u00e4listegevusteks m\u00f5eldud MATE Ultra S60R on nii tugev kui ka lihtne kasutada. Sellel on suur 60mm okulaar distorsiooni all 1%, tagades stabiilse tabamuspunkti ja j\u00e4rjepideva joondumise kuni 16-kordsele suurendusele. Toiteallikaks on v\u00e4ljavahetatavad 18650 patareid (4 kaasa), tagades pikaajalise t\u00f6\u00f6kindluse pikemateks v\u00e4liistungiteks.<\/p>\n<h2>P\u00f5hiomadused<\/h2>\n<p>-2. p\u00f5lvkonna alla 15mk 1280\u00d71024 60Hz andur (Ultra)<\/p>\n<p>-F1.0 objektiiv &#8211; suurep\u00e4rane valguse kogumise v\u00f5ime<\/p>\n<p>-Avastamise ulatus kuni 3100 m<\/p>\n<p>-1200 m integreeritud laserkaugusm\u00f5\u00f5dik (ilma LITE-ta)<\/p>\n<p>-Reality+ pildit\u00f6\u00f6tlus tehisintellektiga<\/p>\n<p>-Ballistiline kalkulatsiooni toetus<\/p>\n<p>-Foto\/video\/heli salvestamine, 64 GB m\u00e4lu<\/p>\n<p>-Tagasil\u00f6\u00f6giga aktiveeritud video (RAV)<\/p>\n<p>-1920\u00d71080 resolutsiooniga AMOLED-ekraan<\/p>\n<p>-7 v\u00e4rvipaletti<\/p>\n<p>-Wi-Fi\/N-Link kaugjuhtimise \u00fchilduvus<\/p>\n<p>-V\u00e4ljavahetatavad 18650 patareid<\/p>\n<h2>Miks valida Nocpix MATE Ultra S60R?<\/h2>\n<p>Kui otsite oma relvaskoobi jaoks t\u00e4iuslikku termiilise pildistamise kinnitust, siis MATE Ultra S60R pakub t\u00e4iuslikku kombinatsiooni kauguse avastamisest, tipptasemel AI-pildit\u00f6\u00f6tlustehnoloogiast ja v\u00e4liust\u00f6\u00f6kindlusest. Seda kasutatagu jahinduses, loodusvaatluses v\u00f5i taktikalistes rakendustes, see \u00fcmberdefineerib selle, mida termiilise pildistamise kinnitus suudab saavutada.<\/p>\n","protected":false},"excerpt":{"rendered":"<p>Muuda oma p\u00e4evakopteri kaasaegse termiril\u00fckse kiikega, kasutades ainulaadset 1280&#215;1024 Nocpix MATE Ultra S60R termiril\u00fckse kinnitust \u2013 parima eesmise termiril\u00fckse kinnituse, mis on loodud professionaalsete jahimeeste, looduse vaatlejate ja t\u00e4psust n\u00f5udvate relvalaskjate jaoks.<\/p>\n<p>Kui toode pole saadaval, v\u00f5tke meiega \u00fchendust: shop@nbg.eu v\u00f5i +359896147790<\/p>\n","protected":false},"featured_media":686535,"template":"","meta":{"_acf_changed":false},"product_brand":[14449],"product_cat":[14042,16070],"product_tag":[],"class_list":{"0":"post-686431","1":"product","2":"type-product","3":"status-publish","4":"has-post-thumbnail","6":"product_brand-nocpix","7":"product_cat-soojuskiir","8":"product_cat-thermal-cameras-et","10":"first","11":"instock","12":"taxable","13":"shipping-taxable","14":"purchasable","15":"product-type-simple"},"acf":[],"_links":{"self":[{"href":"https:\/\/nbg.eu\/et\/wp-json\/wp\/v2\/product\/686431","targetHints":{"allow":["GET"]}}],"collection":[{"href":"https:\/\/nbg.eu\/et\/wp-json\/wp\/v2\/product"}],"about":[{"href":"https:\/\/nbg.eu\/et\/wp-json\/wp\/v2\/types\/product"}],"wp:featuredmedia":[{"embeddable":true,"href":"https:\/\/nbg.eu\/et\/wp-json\/wp\/v2\/media\/686535"}],"wp:attachment":[{"href":"https:\/\/nbg.eu\/et\/wp-json\/wp\/v2\/media?parent=686431"}],"wp:term":[{"taxonomy":"product_brand","embeddable":true,"href":"https:\/\/nbg.eu\/et\/wp-json\/wp\/v2\/product_brand?post=686431"},{"taxonomy":"product_cat","embeddable":true,"href":"https:\/\/nbg.eu\/et\/wp-json\/wp\/v2\/product_cat?post=686431"},{"taxonomy":"product_tag","embeddable":true,"href":"https:\/\/nbg.eu\/et\/wp-json\/wp\/v2\/product_tag?post=686431"}],"curies":[{"name":"wp","href":"https:\/\/api.w.org\/{rel}","templated":true}]}}