{"id":686577,"date":"2026-01-08T18:15:06","date_gmt":"2026-01-08T15:15:06","guid":{"rendered":"https:\/\/nbg.eu\/product\/termiline-skoobiga-nocpix-mate-h50r\/"},"modified":"2026-04-14T15:51:35","modified_gmt":"2026-04-14T12:51:35","slug":"termiline-skoobiga-nocpix-mate-h50r","status":"publish","type":"product","link":"https:\/\/nbg.eu\/et\/toode\/termiline-skoobiga-nocpix-mate-h50r\/","title":{"rendered":"Nocpix Termosihik Mate H50R"},"content":{"rendered":"<h2>Muuda oma p\u00e4evavaatlusseade kaasaegseks termiiliseks p\u00fcssiotsikuks Nocpix MATE H50R-iga<\/h2>\n<p>Muuda oma p\u00e4evavaatlusseade kaasaegseks termiiliseks p\u00fcssiotsikuks ainulaadse 640X512 Nocpix MATE H50R-i termiilise otsikuga \u2013 parima esik\u00fclje termiilise otsikuga, mis on disainitud professionaalsete jahimeeste, loodusvaatlejate ja tulistajate jaoks, kes n\u00f5uavad t\u00e4psust.<\/p>\n<p>Uue p\u00f5lvkonna kujutamistehnoloogiaga ehitatud Nocpix MATE H50R pakub \u00fcletamatut selgust, pika vahemaa tuvastust ja tipptasemel funktsioone suurep\u00e4raseks t\u00f6\u00f6ks igas keskkonnas.<\/p>\n<h2>Erakordselt kvaliteetne pilt ja tuvastamisvahemik<\/h2>\n<p>Nocpix MATE Ultra H50R p\u00f5hiosa on Gen-2 HD 640X512 termotundlik andur 12 \u03bcm ultrapeene pikslisammuga ja tundlikkusega NETD \u226415mK, tagades, et isegi k\u00f5ige n\u00f5rgemad soojuslikud erinevused tuvastatakse. Suur 50mm F1.0 objektiiv kogub rohkem soojusenergiat kristallselge pildi ja suurendatud vahemaa jaoks, pakkudes tuvastamisvahemikku kuni 2600 m. Kas teerete hirvi koidikul v\u00f5i skannite \u00f6\u00f6sel laialdasi v\u00e4ljasid, H50R tagab, et \u00fckski \u00fcksikasjaga ei j\u00e4\u00e4 m\u00e4rkamata.<\/p>\n<h2>T\u00e4iustatud pildik\u00e4itlus Reality+ AI-ga<\/h2>\n<p>Varustatud kahe kujutamisalgoritmi \u2013 v\u00f5imeka piltit\u00f6\u00f6tleja ja tark Reality+ tehnoloogia \u2013 abil kohaneb MATE Ultra H50R automaatselt sinu vaatlusseadme suurendusega. See tagab terava pildi, t\u00e4pse suumimise ja stabiilse pildi ka udu, uduse vihma v\u00f5i keerulistes n\u00f5rga valgusega tingimustes.<\/p>\n<h2>Disainitud t\u00e4psuseks ja eetiliseks jahinduseks<\/h2>\n<p>Sisseehitatud laserkaugusm\u00f5\u00f5tjaga (kuni 1200 m) ja integreeritud ballistika kalkulaatoriga aitab H50R teil teha informeeritud ja eetilisi laskmise otsuseid. Pilt-pildis (PIP) re\u017eiim parandab m\u00e4rklauaga sihtimiset\u00e4psust ja tagasil\u00f6\u00f6gist aktiveeritud video (RAV) tagab, et iga kriitiline hetk on j\u00e4\u00e4dvustatud.<\/p>\n<h2>Tugev, praktiline ja usaldusv\u00e4\u00e4rne<\/h2>\n<p>V\u00e4litingimusteks disainitud MATE Ultra H50R on nii vastupidav kui ka lihtne kasutada. Sellel on suur 60mm okulaar v\u00e4hem kui 1% moonutusega, s\u00e4ilitades stabiilse tabamispunkti ja \u00fchtlase joondumise kuni 16-kordse suurenduseni. Asendatavate 18650 patareidega (4x komplektis ULTRA-le) tagab see pikaajalise t\u00f6\u00f6kindluse pikemateks v\u00e4litingimustes viibimisteks.<\/p>\n","protected":false},"excerpt":{"rendered":"<p>Muutke oma p\u00e4evaspetsiifiline kaugusm\u00f5\u00f5tur kaasaegse soojuskiirgava relvakaugusm\u00f5\u00f5turiks ainulaadse 640X512 Nocpix MATE H50R soojuskiirgava kinnitusseadmega &#8211; parim esikinnitusega soojuskiirgav kinnitusseade professionaalsetele jahimeestele, loodusvaatlejatele ja tulistajatele, kes n\u00f5uavad t\u00e4psust.<\/p>\n<p>Kui toode pole saadaval, v\u00f5tke meiega \u00fchendust: shop@nbg.eu v\u00f5i +359896147790<\/p>\n","protected":false},"featured_media":686655,"template":"","meta":{"_acf_changed":false},"product_brand":[14449],"product_cat":[14042],"product_tag":[],"class_list":{"0":"post-686577","1":"product","2":"type-product","3":"status-publish","4":"has-post-thumbnail","6":"product_brand-nocpix","7":"product_cat-soojuskiir","9":"first","10":"instock","11":"taxable","12":"shipping-taxable","13":"purchasable","14":"product-type-simple"},"acf":[],"_links":{"self":[{"href":"https:\/\/nbg.eu\/et\/wp-json\/wp\/v2\/product\/686577","targetHints":{"allow":["GET"]}}],"collection":[{"href":"https:\/\/nbg.eu\/et\/wp-json\/wp\/v2\/product"}],"about":[{"href":"https:\/\/nbg.eu\/et\/wp-json\/wp\/v2\/types\/product"}],"wp:featuredmedia":[{"embeddable":true,"href":"https:\/\/nbg.eu\/et\/wp-json\/wp\/v2\/media\/686655"}],"wp:attachment":[{"href":"https:\/\/nbg.eu\/et\/wp-json\/wp\/v2\/media?parent=686577"}],"wp:term":[{"taxonomy":"product_brand","embeddable":true,"href":"https:\/\/nbg.eu\/et\/wp-json\/wp\/v2\/product_brand?post=686577"},{"taxonomy":"product_cat","embeddable":true,"href":"https:\/\/nbg.eu\/et\/wp-json\/wp\/v2\/product_cat?post=686577"},{"taxonomy":"product_tag","embeddable":true,"href":"https:\/\/nbg.eu\/et\/wp-json\/wp\/v2\/product_tag?post=686577"}],"curies":[{"name":"wp","href":"https:\/\/api.w.org\/{rel}","templated":true}]}}