{"id":686691,"date":"2026-01-08T18:14:07","date_gmt":"2026-01-08T15:14:07","guid":{"rendered":"https:\/\/nbg.eu\/product\/termokaamero-nocpix-ace-l35-andur-384x288-35mm-objektiiv\/"},"modified":"2026-04-14T15:51:55","modified_gmt":"2026-04-14T12:51:55","slug":"termokaamero-nocpix-ace-l35-andur-384x288-35mm-objektiiv","status":"publish","type":"product","link":"https:\/\/nbg.eu\/et\/toode\/termokaamero-nocpix-ace-l35-andur-384x288-35mm-objektiiv\/","title":{"rendered":"Nocpix Termokaamera ACE L35"},"content":{"rendered":"<h2>Nocpix ACE L35 termokaameral<\/h2>\n<p>Nocpix ACE L35 on loodud p\u00f5him\u00f5ttel \u00fchendada kasutajate n\u00f5utud tipptasemel omadused lihtsustatud optikaga, mis tasakaalustab arenenud v\u00f5imalusi ja kasutamise lihtsust v\u00e4ljal. Disainitud tunduma nagu traditsiooniline p\u00e4evapilu, on ACE \u00fchilduv p\u00fcssirelvadega, mis kasutavad standardseid 30 mm kinnitusklambreid ja ringe. Sisemise USB-C laadimisaku ja eemaldatava 18650 taaslaetava aku kombinatsioon v\u00f5imaldab kasutajatel patareisid vahetada pidevaks kasutusajaks. 1x kuni 3x okulaarluubi suurendus pakub optilist suurendust 2560 x 2560 piirkonna AMOLED-ekraanil silmaokularis. Vision+ s\u00fcsteem \u00fchendab selle k\u00f5rge resolutsiooniga ekraani 18 mK NETD-anduriga, tagades v\u00e4ga \u00fcksikasjaliku ja t\u00e4pse pildi.<\/p>\n<p>Nocpix ACE L35 pakub ACE-seeria seas soodsamat valikut kiskjaliste ja metsloomade jahtijatele, kes ei vaja laserkaugusm\u00f5\u00f5tjat v\u00f5i k\u00f5rgemat resolutsiooni andurit. \u00c4\u00e4rmiselt soodsa hinnaga s\u00e4ilitab ACE L35 k\u00f5ik teised ACE-seeria termilise rifliskoobise omadused.<\/p>\n<p>Optiline okularluup 1-3x suurendusega pakub t\u00e4iendavat ekraani suurendust ilma m\u00f5\u00f5tkava v\u00f5i digitaalse suumita muutmata. K\u00f5rge kontrastsusega \u00fcmmargune AMOLED-ekraan resolutsiooniga 2560 x 2560 pakub suuremat selgust ja \u00fcksikasjalikkust. Lihtsustatud juhtnupud pakuvad paranenud ergonoomiat ja paremat kasutajakogemust v\u00e4ljal. Seade kasutab tavalisi 18650 taaslaetavaid patareisid. Ballistikaarvuti kuvab kuulilanguse v\u00e4\u00e4rtused l\u00e4htuvalt laserkaugusm\u00f5\u00f5tja sisendist ja kasutaja kohandatud laskemoonast. Laadige seadet erikujundusega lukustatud USB-C pordiga.<\/p>\n","protected":false},"excerpt":{"rendered":"<p>Nocpix ACE L35 termokaameral on 384&#215;288 andur, 35mm objektiiv, 4x digitaalne suum ja 60Hz kaadrisagedus ning tuvastusulatus 1970 jardi.<\/p>\n<p>Kui kaup ei ole saadaval, palun v\u00f5tke \u00fchendust: shop@nbg.eu v\u00f5i +359896147790<\/p>\n","protected":false},"featured_media":686733,"template":"","meta":{"_acf_changed":false},"product_brand":[14449],"product_cat":[16070],"product_tag":[],"class_list":{"0":"post-686691","1":"product","2":"type-product","3":"status-publish","4":"has-post-thumbnail","6":"product_brand-nocpix","7":"product_cat-thermal-cameras-et","9":"first","10":"instock","11":"taxable","12":"shipping-taxable","13":"purchasable","14":"product-type-simple"},"acf":[],"_links":{"self":[{"href":"https:\/\/nbg.eu\/et\/wp-json\/wp\/v2\/product\/686691","targetHints":{"allow":["GET"]}}],"collection":[{"href":"https:\/\/nbg.eu\/et\/wp-json\/wp\/v2\/product"}],"about":[{"href":"https:\/\/nbg.eu\/et\/wp-json\/wp\/v2\/types\/product"}],"wp:featuredmedia":[{"embeddable":true,"href":"https:\/\/nbg.eu\/et\/wp-json\/wp\/v2\/media\/686733"}],"wp:attachment":[{"href":"https:\/\/nbg.eu\/et\/wp-json\/wp\/v2\/media?parent=686691"}],"wp:term":[{"taxonomy":"product_brand","embeddable":true,"href":"https:\/\/nbg.eu\/et\/wp-json\/wp\/v2\/product_brand?post=686691"},{"taxonomy":"product_cat","embeddable":true,"href":"https:\/\/nbg.eu\/et\/wp-json\/wp\/v2\/product_cat?post=686691"},{"taxonomy":"product_tag","embeddable":true,"href":"https:\/\/nbg.eu\/et\/wp-json\/wp\/v2\/product_tag?post=686691"}],"curies":[{"name":"wp","href":"https:\/\/api.w.org\/{rel}","templated":true}]}}