{"id":686835,"date":"2026-01-08T18:13:27","date_gmt":"2026-01-08T15:13:27","guid":{"rendered":"https:\/\/nbg.eu\/product\/termokaamera-nocpix-ace-h50r-12um-640x512-zeiss-rail\/"},"modified":"2026-04-14T17:19:02","modified_gmt":"2026-04-14T14:19:02","slug":"termokaamera-nocpix-ace-h50r-12um-640x512-zeiss-rail","status":"publish","type":"product","link":"https:\/\/nbg.eu\/et\/toode\/termokaamera-nocpix-ace-h50r-12um-640x512-zeiss-rail\/","title":{"rendered":"Nocpix Termokaamera ACE H50R ZEISS RAIL"},"content":{"rendered":"<h2>Nocpix ACE H50R termilise relvaskoobi: \u00fcletamatu jahip\u00fcssi t\u00e4psus ja selgus<\/h2>\n<p>Nocpix ACE H50R termilise relvaskoobi \u00fchendab t\u00e4iustatud tehnoloogia ja vastupidava t\u00f6\u00f6kindluse erakordseks jahinipiks. See sisaldab 640&#215;512 resolutsiooniga termilise anduriga, mille \u226412mK NETD tagab erakordselt selge pildi, 3100 meetri tuvastusraadiuse ja integreeritud kaugusm\u00f5\u00f5tja kuni 1200 meetri t\u00e4pseks m\u00f5\u00f5tmiseks. Innovatiivne Vision+ s\u00fcsteem pakub okulaarset suurendust selgeteks l\u00e4hivaadeteks, samas kui topeltaku s\u00fcsteem tagab pika kasutusaja. See relvaskoob, mis on valmistatud tugevast alumiiniumsulamist ja vastab IP67 standardile, on m\u00f5eldud t\u00f6\u00f6tama v\u00e4likeskkonnas ja kohanduma iga olukorraga.<\/p>\n<p>Nocpix ACE H50 termilise relvaskoobi on tipptasemel vahend, mis on loodud \u00fcmber defineerima jahikogemust, olenemata sellest, kas tegemist on pimedas \u00f6\u00f6s navigeerimise v\u00f5i keerulise maastiku kaudu saaklooma j\u00e4litamisega. Nocpix&#8217;i lipulaeva ACE seeria osana eristub see termilise optikaskoop oma \u00fclierksa pildikvaliteedi ja t\u00e4psuse poolest, t\u00e4nu oma k\u00f5rge resolutsiooniga termilisele anduris\u00fcsteemile ning t\u00e4iustatud Reality+ ja Vision+ s\u00fcsteemidele.<\/p>\n<p>Nocpix ACE H50R s\u00fcdames on selle Gen-2 HD termilise anduri, millel on 640&#215;512 resolutsioon ja 60Hz kaadrisagedus, pakkudes \u00e4\u00e4rmiselt stabiilset t\u00f6\u00f6d. Oma \u226412mK NETD-ga tuvastab see skoop isegi k\u00f5ige v\u00e4iksemad temperatuurierinevused, pakkudes detailseid ja sujuvaid termilisi kujutisi, mis sobivad ideaalselt liikuva saagi j\u00e4lgimiseks reaalajas. T\u00e4iustatud Reality+ pildialgoritmid v\u00f5imendavad seda veel, k\u00f5rvaldades \u00fcmbritseva temperatuuri m\u00fcra ja pakkudes paremat kontrasti ja selgust ka keerulistes jahitingimustes.<\/p>\n<p>ACE H50R on varustatud 50mm\/F0.9 objektiiviga, mis v\u00f5imaldab 20% rohkem valgust sensorini j\u00f5uda, luues heledamaid ja selgemaid pilte. See on oluline jahtidele, kes p\u00fc\u00fcdlevad t\u00e4psuse poole, kuna parandatud valguse \u00fclekanne tagab parema n\u00e4htavuse madala valgusega tingimustes. Lisaks 3100 meetri tuvastusraadius eristab ACE-d, tehes kaugete sihtm\u00e4rkide tuvastamise ja j\u00e4lgimise lihtsamaks ja t\u00f5husamaks kui kunagi varem.<\/p>\n<p>Integreeritud Vision+ s\u00fcsteem rikastab visuaalset kogemust 1,03-tollisel \u00fcmmarguse AMOLED ekraaniga, mille resolutsioon on 2560&#215;2560. Selle optiline suurenduss\u00fcsteem, mis on loodud v\u00e4ltima tavap\u00e4rase elektroonilise suurendusega seotud h\u00e4gustumist ja moonutust, tagab jahtidele selged, k\u00f5rge resolutsiooniga l\u00e4hivaated ilma detailide kaotamiseta. See pakub kaasahaaravat, mugavat vaatamiskogemust, olenemata sellest, kas j\u00e4lgite saakloomast kaugelt v\u00f5i suurendate t\u00e4psemaks m\u00e4rklauaks.<\/p>\n<p>V\u00e4litingimustes pikaajaliseks kasutamiseks on ACE-l topeltaku s\u00fcsteem, millel on sisseehitatud 4000mAh aku ja lisaks eemaldatav 18650 aku, mis v\u00f5imaldab pikki jahiistungeid katkestusteta. Vastupidav disain, mis on valmistatud tugevast alumiiniumisulamist, tagab, et ACE saab toime tulla karmide v\u00e4litingimuste ja intensiivse kasutamisega, olles l\u00e4binud range l\u00f6\u00f6gikindluse testid. IP67 veekindluse hinnanguga skoop j\u00e4\u00e4b t\u00f6\u00f6kindlaks ka ebasoodsates ilmastikutingimustes, pakkudes jahtidele kindlustunnet s\u00f5ltumata keskkonnast.<\/p>\n<p>Jahtidele m\u00f5eldes on Nocpix ACE H50R varustatud oluliste funktsioonidega, nagu tagasil\u00f6\u00f6gi-aktiveeritud videosalvestus ja avakatteta disain, et tagada sujuv t\u00f6\u00f6 v\u00e4ljal. Mugavaid lisav\u00f5imalusi, nagu fookuse regulaator, laadimiskate ja v\u00f5imalus videoid otse Galerii kaudu taasesitada, \u00fchendades k\u00f5rge j\u00f5udluse ja mugavuse optimaalse jahikogemuse jaoks.<\/p>\n","protected":false},"excerpt":{"rendered":"<p>Nocpix ACE H50R termokiirbikope \u00fchendab k\u00f5rgetehnoloogilist 640&#215;512 12um andurit, 3100m tuvastust ja integreeritud kaugusm\u00f5\u00f5tjat erakordse jahipidamise jaoks.<\/p>\n<p>Kui toode ei ole saadaval, v\u00f5tke \u00fchendust: shop@nbg.eu v\u00f5i +359896147790<\/p>\n<p>\n","protected":false},"featured_media":686929,"template":"","meta":{"_acf_changed":false},"product_brand":[14449],"product_cat":[16070],"product_tag":[],"class_list":{"0":"post-686835","1":"product","2":"type-product","3":"status-publish","4":"has-post-thumbnail","6":"product_brand-nocpix","7":"product_cat-thermal-cameras-et","9":"first","10":"instock","11":"taxable","12":"shipping-taxable","13":"purchasable","14":"product-type-simple"},"acf":[],"_links":{"self":[{"href":"https:\/\/nbg.eu\/et\/wp-json\/wp\/v2\/product\/686835","targetHints":{"allow":["GET"]}}],"collection":[{"href":"https:\/\/nbg.eu\/et\/wp-json\/wp\/v2\/product"}],"about":[{"href":"https:\/\/nbg.eu\/et\/wp-json\/wp\/v2\/types\/product"}],"wp:featuredmedia":[{"embeddable":true,"href":"https:\/\/nbg.eu\/et\/wp-json\/wp\/v2\/media\/686929"}],"wp:attachment":[{"href":"https:\/\/nbg.eu\/et\/wp-json\/wp\/v2\/media?parent=686835"}],"wp:term":[{"taxonomy":"product_brand","embeddable":true,"href":"https:\/\/nbg.eu\/et\/wp-json\/wp\/v2\/product_brand?post=686835"},{"taxonomy":"product_cat","embeddable":true,"href":"https:\/\/nbg.eu\/et\/wp-json\/wp\/v2\/product_cat?post=686835"},{"taxonomy":"product_tag","embeddable":true,"href":"https:\/\/nbg.eu\/et\/wp-json\/wp\/v2\/product_tag?post=686835"}],"curies":[{"name":"wp","href":"https:\/\/api.w.org\/{rel}","templated":true}]}}