{"id":686988,"date":"2025-12-18T18:25:22","date_gmt":"2025-12-18T15:25:22","guid":{"rendered":"https:\/\/nbg.eu\/product\/termiilkaamera-nocpix-bolt-l35r\/"},"modified":"2026-02-27T15:50:53","modified_gmt":"2026-02-27T12:50:53","slug":"termiilkaamera-nocpix-bolt-l35r","status":"publish","type":"product","link":"https:\/\/nbg.eu\/et\/toode\/termiilkaamera-nocpix-bolt-l35r\/","title":{"rendered":"Termiilkaamera Nocpix Bolt L35R"},"content":{"rendered":"<h2>T\u00e4iuslik algus teie \u00f6ise jahisaagi jaoks: Nocpix Bolt L35R termokaamerad<\/h2>\n<p>Disainitud algajatele, kes soovivad selgust, k\u00f5ik-\u00fches mugavust ja kindlust esimesest p\u00e4evast alates, \u00fchendab Nocpix BOLT terava termilise pildistamise, sisseehitatud kaugusm\u00f5\u00f5tja ja nutikad ballistilised t\u00f6\u00f6riistad kompaktses, lihtsas disainis \u2013 andes uutele jahimeestele t\u00e4pselt seda, mida nad vajavad, et jahti targalt teha ja kindlalt tulistada.<\/p>\n<h2>N\u00e4e selgelt, tuvasta t\u00e4pselt<\/h2>\n<p>H\u00e4gused pildid ja raskesti n\u00e4htavad sihtm\u00e4rgid on uute termiliste binoklikasutuajate jaoks tavaline probleem, eriti pimedas. Seet\u00f5ttu on BOLTil varustatud isearendatud termilise anduriga, mille \u226420mK NETD ja 50Hz kiire kaadrisagedus annavad teile \u00fchtlase, k\u00f5rge resolutsiooniga pildid, isegi karmides tingimustes. Meie Reality+ pildialgoritmiga j\u00f5uab BOLT udu, p\u00f5\u00f5saste ja pimedusega, pakkudes teravaid kujutisi ja usaldusv\u00e4\u00e4rseid sihtm\u00e4rgi tuvastusi.<\/p>\n<h2>P\u00fcsi kergelt, p\u00fcsi fookuses<\/h2>\n<p>Kui olete uus jahimees, eriti kui te pole veel harjunud liikuma vaikselt ja p\u00fcsima fookuses. Seet\u00f5ttu hoiab Nocpix BOLT asjad lihtsana. Kaaludes vaid 880 grammi ja olles kompaktses, aerod\u00fcnaamilises disainis, on seda lihtne kanda, paigaldada ja k\u00e4sitseda isegi pikki jahte.<\/p>\n<h2>Teadke kaugust, jahtige enesekindlalt<\/h2>\n<p>Uutele jahimeestele v\u00f5ib kauguse hindamine olla raske ja m\u00f6\u00f6dal\u00e4inud laskud v\u00f5ivad nende enesekindlust k\u00f5igutada. BOLT v\u00f5tab laskmise pinge maast, pakkudes sisseehitatud 1200-meetrise laseriga kaugusm\u00f5\u00f5tjat ja intelligentset ballistilist kalkulaatorit. Saate t\u00e4psed kaugusandmed ja kohese suunise, mis aitab teil tabada igal lasul sihti t\u00e4pselt. Alates esimesest jahist annab BOLT algajatele eelise, mida nad vajavad, et lasta targemini ja j\u00e4rjekindlamalt.<\/p>\n<h2>Jahtige kogu p\u00e4eva muretsemata voolu p\u00e4rast<\/h2>\n<p>Aku t\u00fchjenemine jahil on iga uue jahimehe \u00f5udusunen\u00e4gu. Seet\u00f5ttu on BOLT disainitud topeltakus\u00fcsteemiga \u2013 pikaajalise 5000 mAh sisseehitatud aku ja eemaldatava 18650 varuaku. Koguv\u00f5imsus 9000 mAh annab kuni 12 tundi pidevat kasutust. Pole stressi, pole katkestusi \u2013 lihtsalt toide, mis on koos teiega p\u00e4ikeset\u00f5usust p\u00e4ikeseloojangu.<\/p>\n<h2>Nutikas varustus, kaasatud jahi<\/h2>\n<p>Uute seadmete kasutamisele harjumine v\u00f5ib algajatele olla keeruline. BOLT teeb selle protsessi lihtsaks kohandatavate ristk\u00fcljendite, reguleeritavate laskere\u017eiimide ja seitsme v\u00e4rvipaleti abil, mis sobivad erinevatesse keskkondadesse. Lisaks muudab sujuv rakenduse \u00fchenduvus seadistamise kohandamise ja seikluste jagamise lihtsamaks, tehes igast jahist mitte ainult targema, vaid ka l\u00f5busamaks ja tasuvamaks.<\/p>\n<h2>Tugev disain, usaldusv\u00e4\u00e4rne j\u00f5udlus<\/h2>\n<p>Kui te alles alustate, on viimane asi, mille \u00fcle muretseda, teie varustuse purunemine v\u00e4litingimustes. BOLT on ehitatud tugevaks \u00fchekordse korpusega alumiiniumkehaga ja IP67 tolmu- ja veekindlusega. Seda on testitud, et see talub kukkumisi ja suurt tagasil\u00f6\u00f6ki, nii et see p\u00fcsib t\u00f6\u00f6kindlana ja t\u00e4psena, olenemata sellest, kui karmid tingimused on.<\/p>\n","protected":false},"excerpt":{"rendered":"<p>Termokaamera Nocpix Bolt L35R pakub teravat termilise pildi kvaliteeti, sisseehitatud kaugusem\u00f5\u00f5tjat ja nutikat balistika t\u00f6\u00f6riistade komplekti kompaktses ja lihtsas kasutusega disainis uutele \u00f6\u00f6-jahipidajatele.<br \/>\nKui toode pole saadaval, palun v\u00f5tke meiega \u00fchendust: shop@nbg.eu v\u00f5i +359896147790<\/p>\n","protected":false},"featured_media":687041,"template":"","meta":{"_acf_changed":false},"product_brand":[14449],"product_cat":[2876],"product_tag":[],"class_list":{"0":"post-686988","1":"product","2":"type-product","3":"status-publish","4":"has-post-thumbnail","6":"product_brand-nocpix","7":"product_cat-rahohvatki","9":"first","10":"instock","11":"taxable","12":"shipping-taxable","13":"purchasable","14":"product-type-simple"},"acf":[],"_links":{"self":[{"href":"https:\/\/nbg.eu\/et\/wp-json\/wp\/v2\/product\/686988","targetHints":{"allow":["GET"]}}],"collection":[{"href":"https:\/\/nbg.eu\/et\/wp-json\/wp\/v2\/product"}],"about":[{"href":"https:\/\/nbg.eu\/et\/wp-json\/wp\/v2\/types\/product"}],"wp:featuredmedia":[{"embeddable":true,"href":"https:\/\/nbg.eu\/et\/wp-json\/wp\/v2\/media\/687041"}],"wp:attachment":[{"href":"https:\/\/nbg.eu\/et\/wp-json\/wp\/v2\/media?parent=686988"}],"wp:term":[{"taxonomy":"product_brand","embeddable":true,"href":"https:\/\/nbg.eu\/et\/wp-json\/wp\/v2\/product_brand?post=686988"},{"taxonomy":"product_cat","embeddable":true,"href":"https:\/\/nbg.eu\/et\/wp-json\/wp\/v2\/product_cat?post=686988"},{"taxonomy":"product_tag","embeddable":true,"href":"https:\/\/nbg.eu\/et\/wp-json\/wp\/v2\/product_tag?post=686988"}],"curies":[{"name":"wp","href":"https:\/\/api.w.org\/{rel}","templated":true}]}}