{"id":687703,"date":"2026-01-08T18:14:10","date_gmt":"2026-01-08T15:14:10","guid":{"rendered":"https:\/\/nbg.eu\/product\/termiline-monokulaar-lumi-h35\/"},"modified":"2026-04-14T15:51:51","modified_gmt":"2026-04-14T12:51:51","slug":"termiline-monokulaar-lumi-h35","status":"publish","type":"product","link":"https:\/\/nbg.eu\/et\/toode\/termiline-monokulaar-lumi-h35\/","title":{"rendered":"Nocpix Termomonokulaare LUMI H35"},"content":{"rendered":"<h2>Nocpix LUMI H35: Teie lahutamatu kaasner k\u00f5ikideks rakendusteks<\/h2>\n<p>LUMI termokaamerate seeria on loodud nii p\u00e4eva- kui ka \u00f6iseks kasutamiseks ning pakub teile silmapaistvat pildi kvaliteeti ka keerulistes ilmastikutingimustes nagu udu, suits v\u00f5i vihm. Isegi kui takistused nagu oksad, k\u00f5rge rohi v\u00f5i tihe taimestik teevad n\u00e4gemise raskeks, v\u00f5imaldab see tehnoloogia teil alati selgelt n\u00e4ha seda, mis teie ees on. Need on ka nii kompaktsed ja kerged, et saate neid h\u00f5lpsalt igale poole kaasa v\u00f5tta.<\/p>\n<p>LUMI termokaamerad on ideaalsed mitmesugusteks rakendusteks nagu jahindus, valve, turvalisus, maastiku suundamine v\u00f5i otsingu- ja p\u00e4\u00e4stetegevus.<\/p>\n<h2>V\u00f5rdlusteta pildij\u00f5udlus teravate piltide jaoks<\/h2>\n<p>LUMI seeria seab uued standardid pildikvaliteedi osas. K\u00f5ige moodsamate pildit\u00f6\u00f6tlusalgoritmide ja v\u00f5imsa termosensoriga, mille NETD on &lt; 18 mK, annab kaamera teravaid ja realistlikke pilte. AMOLED-ekraan 1024 x 768 piksli resolutsiooniga tagab silmapaistva pildiesituse, samas kui Ultra Clear re\u017eiim optimeerib pildi selgust veelgi, eriti keerulistes ilmastikutingimustes.<\/p>\n<h2>Isikup\u00e4rastatud vaatamise kogemus &#8211; kohandage oma seade ideaalselt<\/h2>\n<p>T\u00e4nu suurele 640 x 512 piksli sensorile ja mitmesugustele reguleerimise v\u00f5imalustele saate seadme oma vajadustele t\u00e4pselt kohandada. Valige 5 v\u00e4rvire\u017eiimi vahel ja optimeerige oma vaate 10 heleduse, teravuse ja kontrastsuse tasemega &#8211; nii et \u00fckski detail ei j\u00e4\u00e4 m\u00e4rkamata.<\/p>\n<h2>Kogemuste jagamine on LUMI-ga lihtne<\/h2>\n<p>Kaasaegse jahimehe jaoks on olulised eriliste hetkede j\u00e4\u00e4dvustamine. Nocpix LUMI H35-ga saate mitte ainult mugavalt oma salvestisi rakenduse kaudu jagada, vaid ka neid seadmel otse m\u00e4ngida &#8211; see on t\u00e4iuslik viis oma kogemuste kohese jagamiseks teistega.<\/p>\n<h2>Paindlik kasutus t\u00e4nu vahetatavale akus\u00fcsteemile<\/h2>\n<p>LUMI seeria on varustatud standardsete 18650 akudega, pakkudes teile maksimaalset paindlikkust. S\u00f5ltumata sellest, kus te parasjagu olete, olite te kaasasoleva akulaadijaga kiiresti taas valmis tegutsemiseks &#8211; ja saate oma missiooni j\u00e4tkata.<\/p>\n","protected":false},"excerpt":{"rendered":"<p>Nocpix LUMI H35: Teie h\u00e4davajalik kaasas olija k\u00f5igi rakenduste jaoks. 640 anduriga 18 mK, 1024 \u00d7 768 piksliga AMOLED-ekraan, eemaldatav 18650 aku, tuvastusulatus umbes 1800 meetrit, kompaktne disain.<\/p>\n<p>Kui toode pole saadaval, v\u00f5tke meiega \u00fchendust aadressil shop@nbg.eu v\u00f5i telefonil +359896147790.<\/p>\n","protected":false},"featured_media":687727,"template":"","meta":{"_acf_changed":false},"product_brand":[14449],"product_cat":[16069,14042],"product_tag":[],"class_list":{"0":"post-687703","1":"product","2":"type-product","3":"status-publish","4":"has-post-thumbnail","6":"product_brand-nocpix","7":"product_cat-monoculars-et","8":"product_cat-soojuskiir","10":"first","11":"instock","12":"taxable","13":"shipping-taxable","14":"purchasable","15":"product-type-simple"},"acf":[],"_links":{"self":[{"href":"https:\/\/nbg.eu\/et\/wp-json\/wp\/v2\/product\/687703","targetHints":{"allow":["GET"]}}],"collection":[{"href":"https:\/\/nbg.eu\/et\/wp-json\/wp\/v2\/product"}],"about":[{"href":"https:\/\/nbg.eu\/et\/wp-json\/wp\/v2\/types\/product"}],"wp:featuredmedia":[{"embeddable":true,"href":"https:\/\/nbg.eu\/et\/wp-json\/wp\/v2\/media\/687727"}],"wp:attachment":[{"href":"https:\/\/nbg.eu\/et\/wp-json\/wp\/v2\/media?parent=687703"}],"wp:term":[{"taxonomy":"product_brand","embeddable":true,"href":"https:\/\/nbg.eu\/et\/wp-json\/wp\/v2\/product_brand?post=687703"},{"taxonomy":"product_cat","embeddable":true,"href":"https:\/\/nbg.eu\/et\/wp-json\/wp\/v2\/product_cat?post=687703"},{"taxonomy":"product_tag","embeddable":true,"href":"https:\/\/nbg.eu\/et\/wp-json\/wp\/v2\/product_tag?post=687703"}],"curies":[{"name":"wp","href":"https:\/\/api.w.org\/{rel}","templated":true}]}}