{"id":687823,"date":"2026-01-08T18:13:58","date_gmt":"2026-01-08T15:13:58","guid":{"rendered":"https:\/\/nbg.eu\/product\/termokaamerat-ace-s60r\/"},"modified":"2026-04-14T15:51:58","modified_gmt":"2026-04-14T12:51:58","slug":"termokaamerat-ace-s60r","status":"publish","type":"product","link":"https:\/\/nbg.eu\/et\/toode\/termokaamerat-ace-s60r\/","title":{"rendered":"Nocpix Termokaamera ACE S60R"},"content":{"rendered":"<h2>Toote kirjeldus<\/h2>\n<p>Nocpix ACE S60R termoskoop on uus, tipptasemel t\u00f6\u00f6riist, mis on loodud tipptaseme jahimeestele, kes n\u00f5uavad tipptulemusi k\u00f5ige raskemas keskkonnas. Selle tipptehnoloogilise ja tugeva konstruktsiooniga juhtiva termoskoobiga saate valitseda \u00f6\u00f6d ja taltsutada looduslikku elusloodust. Kas te otsate saakloomaid kaugete vahemaade tagant v\u00f5i j\u00e4lgite kiiresti liikuvaid sihtm\u00e4rke, pakub ACE S60R \u00fcletamatut selgust, t\u00e4psust ja usaldusv\u00e4\u00e4rsust.<\/p>\n<p>Selle erakorralise skoopi s\u00fcdameks on teine p\u00f5lvkonna HD termoanduriga, millel on muljetavaldav 1280\u00d71024 resolutsioon ja ultradelikaatne NETD \u226415mK. See uue p\u00f5lvkonna andur v\u00f5imaldab ACE S60R-il tuvastada isegi k\u00f5ige v\u00e4iksemaid temperatuurimuutusi, pakkudes selgeid ja detailseid termokaamerakujutisi reaalajas. 50 Hz kaadrisagedusega skoop tagab sujuva visuaali, mis suudab sammu pidada teie sihtm\u00e4rgi kiirusega, v\u00f5imaldades teil lukustuda erakorralise t\u00e4psusega.<\/p>\n<p>Nocpix ACE S60R on varustatud ka 60 mm \/ F1,0 l\u00e4\u00e4tsega, mis kogub 20% rohkem valgust kui tavalised skoobid, andes teile eredamad ja selgemad kujutised isegi k\u00f5ige pimedamates tingimustes. Selle \u00fcleolev kauguste tuvastamise ulatus kuni 3100 meetrit v\u00f5imaldab teil kergesti tuvastada ja j\u00e4lgida kaugsihte, pakkudes olulist eelist kaugp\u00fc\u00fcgil ja laskmisstsenaariumes. Nocpix&#8217;i ainulaadse Reality+ pildit\u00f6\u00f6tlusalgoritmiga kombineerituna v\u00e4hendab ACE S60R m\u00e4rkimisv\u00e4\u00e4rselt \u00fcmbritsevat m\u00fcra, andes teile iga kord selged, kontrastsed kujutised.<\/p>\n<p>Neile, kes soovivad veel selgemat visuaalt\u00e4psust, on ACE S60R varustatud innovatiivse Vision+ s\u00fcsteemiga. 1,03-tollise 2560\u00d72560 AMOLED-ekraani ja juhtiva okulo-suurendusega kombinatsioon tagab erakorralise optiline suurendus ilma h\u00e4gustumise v\u00f5i moonutusteta, mis on tavaliselt seotud elektroonilise suurendusega. See l\u00e4bimurdelise tehnoloogia kindlustab teile kristallselge vaate ja laia vaatev\u00e4llja, olenemata sellest, kas te l\u00e4henete oma sihtm\u00e4rgile v\u00f5i uurite \u00fcmbrust.<\/p>\n<p>T\u00e4psus on jahi puhul v\u00f5tmet\u00e4htsusega ja ACE S60R ei peta lootusi. Selle sisseehitatud laserauto ulatub t\u00e4psetel m\u00f5\u00f5tmisteni kuni 1200 meetri kaugusele. LRF on disainitud sujuvalt selle elegantse disaini sisse, s\u00e4ilitades t\u00f5elise optilise telje joondumise, v\u00f5imaldades teil samal ajal m\u00f5\u00f5ta t\u00e4psed vahemaad, segamata fookust. Sisseehitatud ballistilise arvutuse funktsionaalsusega tagab ACE S60R, et teie lasud on t\u00e4psed, v\u00f5ttes arvesse k\u00f5iki tegureid t\u00e4iusliku t\u00e4psuse saavutamiseks.<\/p>\n<p>Jahimeeste vajadusi silmas pidades on Nocpix ACE S60R varustatud ka topeltakutoites\u00fcsteemiga, millel on sisseehitatud 4000 mAh aku ja eemaldatav 18650 aku, tagades pikaajalise kasutuse v\u00e4litingimustes. Enam ei pea te muretsema, et j\u00e4\u00e4te v\u00e4ljaspool l\u00f5ppenud v\u00f5imu &#8211; see s\u00fcsteem on loodud kestma nii kaua kui teie seiklus. Lisafunktsioonid nagu automaatne ekraani v\u00e4ljal\u00fclitamine, tagasil\u00f6\u00f6giga aktiveeritud videosalvestus ja kaaneta disain teevad sellest termoskoobist t\u00f5elise m\u00e4ngup\u00f6\u00f6rajana v\u00e4litingimustes.<\/p>\n<p>K\u00f5ige karmimate v\u00e4litingimuste jaoks loodud ACE S60R on valmistatud kvaliteetsest alumiiniumisulamist, mida on p\u00f5hjalikult testitud, et taluda \u00e4\u00e4rmuslikke l\u00f6\u00f6gij\u00f5ude ja karmi kasutamist. IP67 veekaitse hinnanguga toimib see suurep\u00e4raselt vihma, tolmu ja keeruliste keskkondade k\u00e4es, tagades, et teie skoop on sama vastupidav kui teie jahiinstinktid.<\/p>\n<p>Nocpix ACE S60R on rohkem kui lihtsalt termoskoop &#8211; see on parim jahikaaslane. Tipptasemel tehnoloogia, erakorraline vastupidavus ja hulk arenenud funktsioone, mis on loodud teie jahielamuse parandamiseks, defineerivad \u00fcmber, mida te oma varustuselt ootate. Valmistuge valitsema \u00f6\u00f6d.<\/p>\n","protected":false},"excerpt":{"rendered":"<p>Nocpix ACE S60R termokiik on tipptasemel t\u00f6\u00f6riist eliitk\u00fcttidele, pakkudes \u00fcletamatut selgust, t\u00e4psust ja usaldusv\u00e4\u00e4rsust k\u00f5ige raskemas keskkonnas. Selle Gen-2 HD termoandur, 60 mm\/F1.0 objektiiv ja t\u00e4iustatud Vision+ s\u00fcsteem tagavad erakordselt hea pildi kvaliteedi, samal ajal kui integreeritud laserkaugusm\u00f5\u00f5tur, ballistikaarvutus ja kahekordne akus\u00fcsteem tagavad t\u00e4psuse ja pikendatud kasutamise. Vastupidavast alumiiniumsulamist valmistatud ja IP67-sertifitseeritud ACE S60R on m\u00f5eldud vastu pidama k\u00f5ige karmimale keskkonnale.<\/p>\n<p>Kui toode ei ole saadaval, v\u00f5tke meiega \u00fchendust: shop@nbg.eu v\u00f5i +359 896 147 790<\/p>\n","protected":false},"featured_media":687960,"template":"","meta":{"_acf_changed":false},"product_brand":[14449],"product_cat":[16070],"product_tag":[],"class_list":{"0":"post-687823","1":"product","2":"type-product","3":"status-publish","4":"has-post-thumbnail","6":"product_brand-nocpix","7":"product_cat-thermal-cameras-et","9":"first","10":"instock","11":"taxable","12":"shipping-taxable","13":"purchasable","14":"product-type-simple"},"acf":[],"_links":{"self":[{"href":"https:\/\/nbg.eu\/et\/wp-json\/wp\/v2\/product\/687823","targetHints":{"allow":["GET"]}}],"collection":[{"href":"https:\/\/nbg.eu\/et\/wp-json\/wp\/v2\/product"}],"about":[{"href":"https:\/\/nbg.eu\/et\/wp-json\/wp\/v2\/types\/product"}],"wp:featuredmedia":[{"embeddable":true,"href":"https:\/\/nbg.eu\/et\/wp-json\/wp\/v2\/media\/687960"}],"wp:attachment":[{"href":"https:\/\/nbg.eu\/et\/wp-json\/wp\/v2\/media?parent=687823"}],"wp:term":[{"taxonomy":"product_brand","embeddable":true,"href":"https:\/\/nbg.eu\/et\/wp-json\/wp\/v2\/product_brand?post=687823"},{"taxonomy":"product_cat","embeddable":true,"href":"https:\/\/nbg.eu\/et\/wp-json\/wp\/v2\/product_cat?post=687823"},{"taxonomy":"product_tag","embeddable":true,"href":"https:\/\/nbg.eu\/et\/wp-json\/wp\/v2\/product_tag?post=687823"}],"curies":[{"name":"wp","href":"https:\/\/api.w.org\/{rel}","templated":true}]}}