{"id":688032,"date":"2025-10-17T23:10:38","date_gmt":"2025-10-17T20:10:38","guid":{"rendered":"https:\/\/nbg.eu\/product\/poolautomaatne-pustol-kmr-w-02-spectra-s-kal-9x19\/"},"modified":"2026-04-16T16:34:50","modified_gmt":"2026-04-16T13:34:50","slug":"poolautomaatne-pustol-kmr-w-02-spectra-s-kal-9x19","status":"publish","type":"product","link":"https:\/\/nbg.eu\/et\/toode\/poolautomaatne-pustol-kmr-w-02-spectra-s-kal-9x19\/","title":{"rendered":"KMR Poolautomaatne P\u00fcstol W-02 SPECTRA S"},"content":{"rendered":"<h2>KMR W-02 SPECTRA S OR Poolautomaatne P\u00fcstol &#8211; 9&#215;19 Kaliiber<\/h2>\n<p>Kiirus koos kompaktsusega. KMR W-02 SPECTRA S OR on p\u00fcstol, millel on kompaktsem disain v\u00e4hendatud k\u00e4epideme alaga. Nagu meie teiste mudelite puhul, saate sellelt p\u00fcstolilt oodata k\u00f5rget t\u00e4psust ja sujuvat, voolavat talitlust. P\u00fcstol on varustatud BRS-i p\u00fcssitorustiku stabiliseerimiss\u00fcsteemi, KMR-i tarvikutega, t\u00e4ielikult reguleeritava tagumise sihikuga, v\u00f5istlushaamriga ja optikariistvaraga.<\/p>\n<p>Omadused:<\/p>\n<ul>\n<li>5&#8243; Raske, Sooniline, Nitreeritud Ling<\/li>\n<li>BRS &#8211; P\u00fcssitorustiku R\u00f5ngass\u00fcsteem &#8211; P\u00fcssitorustiku Stabiliseerimiss\u00fcsteem Lukustuses<\/li>\n<li>Raam ja Lukk Terasest, CNC-t\u00f6\u00f6deldud Tahke Tooriku Seest<\/li>\n<li>Nitreeritud Raam ja Lukk &#8211; must<\/li>\n<li>Raam V\u00e4hendatud K\u00e4epideme Alas<\/li>\n<li>Optikale Valmis Liides (OR)<\/li>\n<li>Kiuloptikaline Esisihik (1 mm)<\/li>\n<li>T\u00e4ielikult Reguleeritav OR Tagasihik<\/li>\n<li>SA\/DA P\u00e4\u00e4stikumehhanism<\/li>\n<li>Terasest Serveeritud SA\/DA P\u00e4\u00e4stik koos Reguleeritava \u00dcleliikumisv\u00f5imalusega &#8211; must<\/li>\n<li>L\u00fchike Taasteradikaalne<\/li>\n<li>V\u00f5istlus SA\/DA Haamber<\/li>\n<li>Laiendatud Vasak K\u00e4sitsi Ohutus<\/li>\n<li>Lame Parem K\u00e4sitsi Ohutus<\/li>\n<li>Duralumiinist WAVES K\u00e4epidemed &#8211; Tume Punane<\/li>\n<li>Reguleeritav Duralumiinist Laadimisavamuhv &#8211; must<\/li>\n<li>Salv 9\u00d719, 9\u00d721, Mahtuvusega 17 Padrunit<\/li>\n<li>Salv &#8211; 3x<\/li>\n<li>KMR P\u00fcstoli Kott, Puhastusk\u00f6\u00f6k, KMR \u00d5li, Lingu Kinnitamisriist, Peamine Vedru 14 lb, Tagasil\u00f6\u00f6givedrude Kogumit 11 lb, 13 lb, Puhver Kogumit, Kuuskantv\u00f5tmed, L\u00f5imelukk, Garantiikaart, Kasutusjuhend<\/li>\n<\/ul>\n<p>Spetsifikatsioonid:<\/p>\n<ul>\n<li>Kaliibber: 9\u00d719, 9\u00d721<\/li>\n<li>\u00dcldpikkus: 220 mm \/ 8,7 tolli<\/li>\n<li>Lukupikkus: 194 mm \/ 7,6 tolli<\/li>\n<li>\u00dcldlaius: 39 mm \/ 1,5 tolli<\/li>\n<li>Lukulaius: 26 mm \/ 1 toll<\/li>\n<li>\u00dcldk\u00f5rgus: 146 mm \/ 5,7 tolli<\/li>\n<li>Sihikujoon: 177 mm \/ 7 tolli<\/li>\n<li>Lingu Pikkus: 127 mm \/ 5 tolli<\/li>\n<li>Salve Mahtuvus: 17<\/li>\n<li>P\u00e4\u00e4stikumehhanism: SA \/ DA<\/li>\n<li>P\u00e4\u00e4stiku T\u00f5mme: 17,5 N \/ 45 N<\/li>\n<li>Tagasil\u00f6\u00f6givedrude: 12 lbs<\/li>\n<li>Peamine Vedru: 17 lbs<\/li>\n<li>Kaal (ilma salve): 1230 g \/ 43,4 oz<\/li>\n<li>Kaal (t\u00fchi salv): 1320 g \/ 46,6 oz<\/li>\n<\/ul>\n","protected":false},"excerpt":{"rendered":"<p>Kiirus kombineeritud kompaktsusega. KMR W-02 SPECTRA S OR on p\u00fcstol kompaktse disainiga ja v\u00e4hendatud k\u00e4epideme osa. Nagu meie teiste mudelite puhul, v\u00f5ite selle p\u00fcstoliga oodata k\u00f5rget t\u00e4psust ja sujuvat, voolavat talitlust. P\u00fcstol on varustatud BRS-i toru stabiliseerimiss\u00fcsteemiga, KMR-i tarvikutega, t\u00e4ielikult reguleeritava tagumise sihikuga, v\u00f5istlushaamriga ja optikaga \u00fchildatava liidestusega.<\/p>\n","protected":false},"featured_media":688119,"template":"","meta":{"_acf_changed":false},"product_brand":[11497],"product_cat":[14070],"product_tag":[],"class_list":{"0":"post-688032","1":"product","2":"type-product","3":"status-publish","4":"has-post-thumbnail","6":"product_brand-kmr-precision","7":"product_cat-puestolid","9":"first","10":"instock","11":"taxable","12":"shipping-taxable","13":"purchasable","14":"product-type-simple"},"acf":[],"_links":{"self":[{"href":"https:\/\/nbg.eu\/et\/wp-json\/wp\/v2\/product\/688032","targetHints":{"allow":["GET"]}}],"collection":[{"href":"https:\/\/nbg.eu\/et\/wp-json\/wp\/v2\/product"}],"about":[{"href":"https:\/\/nbg.eu\/et\/wp-json\/wp\/v2\/types\/product"}],"wp:featuredmedia":[{"embeddable":true,"href":"https:\/\/nbg.eu\/et\/wp-json\/wp\/v2\/media\/688119"}],"wp:attachment":[{"href":"https:\/\/nbg.eu\/et\/wp-json\/wp\/v2\/media?parent=688032"}],"wp:term":[{"taxonomy":"product_brand","embeddable":true,"href":"https:\/\/nbg.eu\/et\/wp-json\/wp\/v2\/product_brand?post=688032"},{"taxonomy":"product_cat","embeddable":true,"href":"https:\/\/nbg.eu\/et\/wp-json\/wp\/v2\/product_cat?post=688032"},{"taxonomy":"product_tag","embeddable":true,"href":"https:\/\/nbg.eu\/et\/wp-json\/wp\/v2\/product_tag?post=688032"}],"curies":[{"name":"wp","href":"https:\/\/api.w.org\/{rel}","templated":true}]}}