{"id":688158,"date":"2025-10-17T23:30:59","date_gmt":"2025-10-17T20:30:59","guid":{"rendered":"https:\/\/nbg.eu\/product\/poolautomaatpustol-kmr-umbra-w-02-kaliibriga-9x19-keermestatud-toru\/"},"modified":"2026-04-16T16:34:46","modified_gmt":"2026-04-16T13:34:46","slug":"poolautomaatpustol-kmr-umbra-w-02-kaliibriga-9x19-keermestatud-toru","status":"publish","type":"product","link":"https:\/\/nbg.eu\/et\/toode\/poolautomaatpustol-kmr-umbra-w-02-kaliibriga-9x19-keermestatud-toru\/","title":{"rendered":"KMR Poolautomaatne P\u00fcstol W-02 UMBRA Keermestatud Rauaga"},"content":{"rendered":"<h2>KMR W-02 UMBRA OR &#8211; V\u00f5imas ja kompaktne p\u00fcstol konkurentsiv\u00f5imeliseks laskmiseks<\/h2>\n<p>Selle kompaktse p\u00fcstoliga ei kaota te konkurentsis, vastupidi, v\u00f5ite \u00fcllatada.<\/p>\n<p>P\u00fcstol on varustatud KMR tarvikute ja BRS toru stabilisatsioonis\u00fcsteemiga, mis t\u00e4hendab, et tabate m\u00e4rki.<\/p>\n<p>See mudel ei ole m\u00f5eldud ainult sportv\u00f5istlusteks, vaid igale huvitatud tulirelva kasutajale.<\/p>\n<h2>P\u00f5hiomadused<\/h2>\n<ul>\n<li>4,5&#8243; raske, soontega, nitriiditud toru<\/li>\n<li>BRS &#8211; toru r\u00f5ngas\u00fcsteem &#8211; toru stabilisatsioonis\u00fcsteem liuguris<\/li>\n<li>Teras raam ja lame, tahkest t\u00fcklist CNC-t\u00f6\u00f6deldud<\/li>\n<li>Nitriiditud raam ja lame &#8211; must<\/li>\n<li>Optilise sihiku tugi (OR)<\/li>\n<li>Valguskiudiga esisihik (1 mm)<\/li>\n<li>T\u00e4ielikult reguleeritav OR tagasihik<\/li>\n<li>SA\/DA p\u00e4\u00e4stikumehhanism<\/li>\n<li>Teras lainelise mustriga SA\/DA p\u00e4\u00e4stik koos reguleeritava \u00fcleliikumise peatamisega &#8211; must<\/li>\n<li>L\u00fchike tagastus<\/li>\n<li>V\u00f5istluslik SA\/DA t\u00f5mbur<\/li>\n<li>Pikendatud vasakpoolne k\u00e4sitsi ohutuslukk<\/li>\n<li>Lame paremak\u00e4eline ohutuslukk<\/li>\n<li>Duraluumist WAVES k\u00e4epide &#8211; must<\/li>\n<li>Reguleeritav duraluumist padrunisalve vabastusnupp &#8211; must<\/li>\n<li>Padrunisalve maht 9&#215;19, 9&#215;21 &#8211; 17 padrunit<\/li>\n<\/ul>\n<h2>Komplekti kuulub<\/h2>\n<ul>\n<li>KMR W-02 UMBRA OR p\u00fcstol<\/li>\n<li>3 padrunisalve<\/li>\n<li>Puhastusvarustus<\/li>\n<li>KMR \u00f5li<\/li>\n<li>Toru kinnitamise t\u00f6\u00f6riist<\/li>\n<li>Pealisvedru 14 naela<\/li>\n<li>Tagasiv\u00f6\u00f6riist 11 naela, 13 naela<\/li>\n<li>Puhver komplekt<\/li>\n<li>Kuuskantv\u00f5tmed<\/li>\n<li>Keermeliha<\/li>\n<li>Garantiikaart<\/li>\n<li>Kasutusjuhend<\/li>\n<li>KMR Precision Arms reklaamsildid<\/li>\n<\/ul>\n<h2>Tehnilised andmed<\/h2>\n<ul>\n<li>Laeng: 9&#215;19, 9&#215;21<\/li>\n<li>\u00dcldpikkus: 208 mm \/ 8,2 tolli<\/li>\n<li>Liuguri pikkus: 181 mm \/ 7 tolli<\/li>\n<li>\u00dcldlaius: 39 mm \/ 1,5 tolli<\/li>\n<li>Liuguri laius: 26 mm \/ 1 toll<\/li>\n<li>\u00dcldk\u00f5rgus: 143 mm \/ 5,6 tolli<\/li>\n<li>Sihikuulatus: 164 mm \/ 6,5 tolli<\/li>\n<li>Toru pikkus: 114 mm \/ 4,5 tolli<\/li>\n<li>Padrunisalve maht: 17<\/li>\n<li>P\u00e4\u00e4stikumehhanismi t\u00fc\u00fcp: SA \/ DA<\/li>\n<li>P\u00e4\u00e4stikur\u00f5hk: 17,5 N \/ 45 N<\/li>\n<li>Tagasiv\u00f6\u00f6: 12 naela<\/li>\n<li>Pealisvedru: 17 naela<\/li>\n<li>Kaal (ilma padrunisalveta): 1180 g \/ 41,6 oz<\/li>\n<li>Kaal (t\u00fchi padrunisalv): 1270 g \/ 44,8 oz<\/li>\n<\/ul>\n","protected":false},"excerpt":{"rendered":"<p>V\u00e4ike ja kompaktne, kuid v\u00f5imas KMR W-02 UMBRA OR 9&#215;19 p\u00fcstol keermestatud toru ja BRS toru stabiliseerimisega.<\/p>\n","protected":false},"featured_media":0,"template":"","meta":{"_acf_changed":false},"product_brand":[],"product_cat":[14087],"product_tag":[],"class_list":{"0":"post-688158","1":"product","2":"type-product","3":"status-publish","5":"product_cat-kategoriseerimata","7":"first","8":"instock","9":"taxable","10":"shipping-taxable","11":"purchasable","12":"product-type-simple"},"acf":[],"_links":{"self":[{"href":"https:\/\/nbg.eu\/et\/wp-json\/wp\/v2\/product\/688158","targetHints":{"allow":["GET"]}}],"collection":[{"href":"https:\/\/nbg.eu\/et\/wp-json\/wp\/v2\/product"}],"about":[{"href":"https:\/\/nbg.eu\/et\/wp-json\/wp\/v2\/types\/product"}],"wp:attachment":[{"href":"https:\/\/nbg.eu\/et\/wp-json\/wp\/v2\/media?parent=688158"}],"wp:term":[{"taxonomy":"product_brand","embeddable":true,"href":"https:\/\/nbg.eu\/et\/wp-json\/wp\/v2\/product_brand?post=688158"},{"taxonomy":"product_cat","embeddable":true,"href":"https:\/\/nbg.eu\/et\/wp-json\/wp\/v2\/product_cat?post=688158"},{"taxonomy":"product_tag","embeddable":true,"href":"https:\/\/nbg.eu\/et\/wp-json\/wp\/v2\/product_tag?post=688158"}],"curies":[{"name":"wp","href":"https:\/\/api.w.org\/{rel}","templated":true}]}}