{"id":688807,"date":"2025-12-22T15:23:07","date_gmt":"2025-12-22T12:23:07","guid":{"rendered":"https:\/\/nbg.eu\/product\/hyllus-duffel-military-green-65-liitrit\/"},"modified":"2026-04-15T14:17:11","modified_gmt":"2026-04-15T11:17:11","slug":"hyllus-duffel-military-green-65-liitrit","status":"publish","type":"product","link":"https:\/\/nbg.eu\/et\/toode\/hyllus-duffel-military-green-65-liitrit\/","title":{"rendered":"Eberlestock Spordikott Hyllus &#8211; 65 Liitrit"},"content":{"rendered":"<h2>Hyllus Duffel- 65 liitrit<\/h2>\n<p>Hyllus Duffel on veekindel, \u00fclimalt vastupidav duffelpakk, mis sobib h\u00e4sti varustuse konsolideerimiseks auto taga v\u00f5i k\u00e4sipagasis. P\u00f5randa ja k\u00fclgseinte materjaliks on 1000D TPU-kaetud nailon ning \u00fclaosa on 500D TPU-kaetud nailonist repelivkangast.<\/p>\n<p>Sisemine ja v\u00e4line tikanditega suletavad taskud teevad v\u00e4ikeste esemete korraldamise lihtsaks ja turvaliseks, samas kui suur avaus peamisesse kambrisse v\u00f5imaldab kiiresti paigutada riideid ja suuremaid esemeid. Hyllusel on kinnitusrihm, mille abil saab seda k\u00e4ep\u00e4raselt teleskooplaagriga pagasik\u00e4ru k\u00fclge kinnitada.<\/p>\n<h2>M\u00f5\u00f5dud<\/h2>\n<p>65 l maht: 3966 ci<br \/>\n65 l kaal: 2,5 lb<br \/>\n65 l m\u00f5\u00f5tmed: 11H x 27L x 13W<\/p>\n<h2>Omadused<\/h2>\n<p>Veekindel konstruktsioon<br \/>\nSuur peamine kamber tikanditega sisemine jagamiss\u00fcsteem<br \/>\nV\u00e4lised tikanditega suletavad taskud m\u00f5lemal k\u00fcljel ja ees<br \/>\nDuffelpakil k\u00e4epidemed<\/p>\n","protected":false},"excerpt":{"rendered":"<p>Hyllus Duffel-65-liitrine on veekindel, \u00fclitugevatoimeline duffelkott 3966ci mahuga, kaalu 2,5 naela.<\/p>\n","protected":false},"featured_media":688875,"template":"","meta":{"_acf_changed":false},"product_brand":[15148],"product_cat":[14011],"product_tag":[],"class_list":{"0":"post-688807","1":"product","2":"type-product","3":"status-publish","4":"has-post-thumbnail","6":"product_brand-eberlestock","7":"product_cat-laskekohtikotid","9":"first","10":"instock","11":"taxable","12":"shipping-taxable","13":"purchasable","14":"product-type-variable","15":"wvs-archive-product-wrapper"},"acf":[],"_links":{"self":[{"href":"https:\/\/nbg.eu\/et\/wp-json\/wp\/v2\/product\/688807","targetHints":{"allow":["GET"]}}],"collection":[{"href":"https:\/\/nbg.eu\/et\/wp-json\/wp\/v2\/product"}],"about":[{"href":"https:\/\/nbg.eu\/et\/wp-json\/wp\/v2\/types\/product"}],"wp:featuredmedia":[{"embeddable":true,"href":"https:\/\/nbg.eu\/et\/wp-json\/wp\/v2\/media\/688875"}],"wp:attachment":[{"href":"https:\/\/nbg.eu\/et\/wp-json\/wp\/v2\/media?parent=688807"}],"wp:term":[{"taxonomy":"product_brand","embeddable":true,"href":"https:\/\/nbg.eu\/et\/wp-json\/wp\/v2\/product_brand?post=688807"},{"taxonomy":"product_cat","embeddable":true,"href":"https:\/\/nbg.eu\/et\/wp-json\/wp\/v2\/product_cat?post=688807"},{"taxonomy":"product_tag","embeddable":true,"href":"https:\/\/nbg.eu\/et\/wp-json\/wp\/v2\/product_tag?post=688807"}],"curies":[{"name":"wp","href":"https:\/\/api.w.org\/{rel}","templated":true}]}}