{"id":688920,"date":"2025-12-22T15:33:09","date_gmt":"2025-12-22T12:33:09","guid":{"rendered":"https:\/\/nbg.eu\/product\/hyllus-duffel-military-green-45-liitrit\/"},"modified":"2026-04-15T14:17:07","modified_gmt":"2026-04-15T11:17:07","slug":"hyllus-duffel-military-green-45-liitrit","status":"publish","type":"product","link":"https:\/\/nbg.eu\/et\/toode\/hyllus-duffel-military-green-45-liitrit\/","title":{"rendered":"Eberlestock Spordikott Hyllus &#8211; 45 Liitrit"},"content":{"rendered":"<h2>Hyllus Duffel- 45 Liitrit<\/h2>\n<p>Hyllus Duffel on veekindel, \u00fclitugevast materjalist koosnev kottkangi, mis on ideaalne varustuse koondamiseks pakiruumis v\u00f5i k\u00e4sipagasis. P\u00f5rand ja k\u00fcljeseinad on kaetud 1000D TPU-kate nailonist, \u00fclemine osa on aga 500D TPU-kate nailonist riidest.<\/p>\n<p>Sisenevad ja v\u00e4lised suletavad taskud muudavad v\u00e4ikeste asjade korrastamise ja hoidmise lihtsaks ja kindlaks, samas kui suur avaus peamisesse vahekambrisse v\u00f5imaldab kiiret riiete ja suurte esemete hoiustamist. Hyllusel on rihmapael, et seda mugavalt teleskoopk\u00e4epidemele kinnitada.<\/p>\n<h2>M\u00f5\u00f5dud<\/h2>\n<p>45L maht: 2746ci<br \/>\n45L kaal: 2 naela<br \/>\n45L m\u00f5\u00f5dud: 10K x 22P x 12L<\/p>\n<h2>Omadused<\/h2>\n<ul>\n<li>Veekindel konstruktsioon<\/li>\n<li>Suur peamine kamber koos suletavate siseorganisatsioonitaskutega<\/li>\n<li>V\u00e4lised suletavad taskud m\u00f5lemal k\u00fcljel ja ees<\/li>\n<li>Kottkangi k\u00e4epidemed<\/li>\n<\/ul>\n","protected":false},"excerpt":{"rendered":"<p>Hylluse duffeli on veekindel, eriti vastupidav 45-liitrine kott, mis sobib suurep\u00e4raselt varustuse jaoks pr\u00fcgikastis v\u00f5i peapiirkonnas.<\/p>\n","protected":false},"featured_media":705362,"template":"","meta":{"_acf_changed":false},"product_brand":[15148],"product_cat":[14011],"product_tag":[],"class_list":{"0":"post-688920","1":"product","2":"type-product","3":"status-publish","4":"has-post-thumbnail","6":"product_brand-eberlestock","7":"product_cat-laskekohtikotid","9":"first","10":"instock","11":"taxable","12":"shipping-taxable","13":"purchasable","14":"product-type-variable","15":"wvs-archive-product-wrapper"},"acf":[],"_links":{"self":[{"href":"https:\/\/nbg.eu\/et\/wp-json\/wp\/v2\/product\/688920","targetHints":{"allow":["GET"]}}],"collection":[{"href":"https:\/\/nbg.eu\/et\/wp-json\/wp\/v2\/product"}],"about":[{"href":"https:\/\/nbg.eu\/et\/wp-json\/wp\/v2\/types\/product"}],"wp:featuredmedia":[{"embeddable":true,"href":"https:\/\/nbg.eu\/et\/wp-json\/wp\/v2\/media\/705362"}],"wp:attachment":[{"href":"https:\/\/nbg.eu\/et\/wp-json\/wp\/v2\/media?parent=688920"}],"wp:term":[{"taxonomy":"product_brand","embeddable":true,"href":"https:\/\/nbg.eu\/et\/wp-json\/wp\/v2\/product_brand?post=688920"},{"taxonomy":"product_cat","embeddable":true,"href":"https:\/\/nbg.eu\/et\/wp-json\/wp\/v2\/product_cat?post=688920"},{"taxonomy":"product_tag","embeddable":true,"href":"https:\/\/nbg.eu\/et\/wp-json\/wp\/v2\/product_tag?post=688920"}],"curies":[{"name":"wp","href":"https:\/\/api.w.org\/{rel}","templated":true}]}}