{"id":688999,"date":"2024-09-02T13:30:54","date_gmt":"2024-09-02T10:30:54","guid":{"rendered":"https:\/\/nbg.eu\/product\/bipod-harris-s-lm-notch-rotate-9-13\/"},"modified":"2026-05-13T17:00:36","modified_gmt":"2026-05-13T14:00:36","slug":"bipod-harris-s-lm-notch-rotate-9-13","status":"publish","type":"product","link":"https:\/\/nbg.eu\/et\/toode\/bipod-harris-s-lm-notch-rotate-9-13\/","title":{"rendered":"Bipod Harris &#8211; S -LM Notch Rotate 9-13&#8243;"},"content":{"rendered":"<div class=\"product-description\">\n<h2>Bipod Harris &#8211; S -LM Ni\u0161\u0161 P\u00f6\u00f6rlevus 9-13&#8243;<\/h2>\n<p>Parandage oma laskmise kogemust Bipod Harris S-LM Ni\u0161\u0161 P\u00f6\u00f6rlevusega. See \u00fclilihtne, mitmek\u00fclgne bipod on suurep\u00e4rane maas v\u00f5i pingitoega laskmiseks.<\/p>\n<ul>\n<li>Reguleeritav k\u00f5rgus: 9&#8243; kuni 13&#8243;<\/li>\n<li>Otsene \u00fchendus Picatinny rauaga<\/li>\n<li>P\u00f6\u00f6rlemisfunktsioon eba\u00fchtlase maapinna jaoks<\/li>\n<li>Libedad jalad lihtsamaks kasutamiseks<\/li>\n<li>Kerge, kaaluga vaid 13,5 untsi<\/li>\n<li>Sisse ehitatud rihmapannal<\/li>\n<li>100% valmistatud USAs<\/li>\n<\/ul>\n<p>Valmistatud kuumt\u00f6\u00f6deldud terasest ja k\u00f5vadest sulamist, vaikse kummist jalaotsakute ja pol\u00fcmeerist nupuga. Must anodeeritud viimistlus tagab vastupidavuse ja stiili.<\/p>\n<p>Kogemused t\u00e4psuse ja stabiilsusega selle kvaliteetse bipodiga, mis on m\u00f5eldud t\u00f5sistele laskeharrastajatele, kes n\u00f5uavad paremat.<\/p>\n<\/div>\n","protected":false},"excerpt":{"rendered":"<p>Mitmeotstarbeline 9-13&#8243; jalutustugi, p\u00f6\u00f6rlemine ebatasase maastiku jaoks, ultrakerge 13.5oz.<\/p>\n","protected":false},"featured_media":35216,"template":"","meta":{"_acf_changed":false},"product_brand":[12013],"product_cat":[14050,14071,14032],"product_tag":[],"class_list":{"0":"post-688999","1":"product","2":"type-product","3":"status-publish","4":"has-post-thumbnail","6":"product_brand-harris-bipods","7":"product_cat-kahejalgsed","8":"product_cat-vintpuess","9":"product_cat-vintpuessi-taeiustamine","11":"first","12":"instock","13":"taxable","14":"shipping-taxable","15":"purchasable","16":"product-type-simple"},"acf":[],"_links":{"self":[{"href":"https:\/\/nbg.eu\/et\/wp-json\/wp\/v2\/product\/688999","targetHints":{"allow":["GET"]}}],"collection":[{"href":"https:\/\/nbg.eu\/et\/wp-json\/wp\/v2\/product"}],"about":[{"href":"https:\/\/nbg.eu\/et\/wp-json\/wp\/v2\/types\/product"}],"wp:featuredmedia":[{"embeddable":true,"href":"https:\/\/nbg.eu\/et\/wp-json\/wp\/v2\/media\/35216"}],"wp:attachment":[{"href":"https:\/\/nbg.eu\/et\/wp-json\/wp\/v2\/media?parent=688999"}],"wp:term":[{"taxonomy":"product_brand","embeddable":true,"href":"https:\/\/nbg.eu\/et\/wp-json\/wp\/v2\/product_brand?post=688999"},{"taxonomy":"product_cat","embeddable":true,"href":"https:\/\/nbg.eu\/et\/wp-json\/wp\/v2\/product_cat?post=688999"},{"taxonomy":"product_tag","embeddable":true,"href":"https:\/\/nbg.eu\/et\/wp-json\/wp\/v2\/product_tag?post=688999"}],"curies":[{"name":"wp","href":"https:\/\/api.w.org\/{rel}","templated":true}]}}