{"id":689048,"date":"2025-03-06T13:09:16","date_gmt":"2025-03-06T10:09:16","guid":{"rendered":"https:\/\/nbg.eu\/product\/clawgear-picatinny-qd-mount\/"},"modified":"2026-05-13T16:03:38","modified_gmt":"2026-05-13T13:03:38","slug":"clawgear-picatinny-qd-mount","status":"publish","type":"product","link":"https:\/\/nbg.eu\/et\/toode\/clawgear-picatinny-qd-mount\/","title":{"rendered":"Clawgear Picatinny QD Mount"},"content":{"rendered":"<h2>Clawgear Picatinny QD Mount<\/h2>\n<p>Parandage oma relva mitmekesisust Clawgear Picatinny QD Mouniga, tugeva kinnituspunktiga QD-rihmapukside jaoks. \u00dchilduv M-LOK liidestega, see paigaldus sisaldab:<\/p>\n<ul>\n<li>Madala profiili kujundus taotsetud nurkadega sujuvaks k\u00e4sitsemiseks<\/li>\n<li>Tugev metallist konstruktsioon musta kattega vastupidavuseks<\/li>\n<li>Roostevabast terasest M-Lok mutrid korrosioonikindluseks ja pikaealisuseks<\/li>\n<li>360-kraadine p\u00f6\u00f6rlemise v\u00f5ime<\/li>\n<\/ul>\n<p>Me soovitame kasutada kvaliteetseid QD-rihmapukse optimaalse \u00fchilduvuse jaoks. Kontrollige alati puksi kindlat lukustust p\u00e4rast paigaldamist l\u00fchikese t\u00f5mbamise ja keeramise abil.<\/p>\n<h2>Tehnilised andmed:<\/h2>\n<ul>\n<li>Rels\u00fcsteem: M-Lok<\/li>\n<li>Kaal: 25g<\/li>\n<li>M\u00f5\u00f5tmed (pakitud): 18 x 9,4 x 1 cm<\/li>\n<\/ul>\n","protected":false},"excerpt":{"rendered":"<p>Vastupidav M-LOK QD rihmakinnituse hoidik 360\u00b0 p\u00f6\u00f6rlemisega kindla kinnituse jaoks.<\/p>\n","protected":false},"featured_media":240825,"template":"","meta":{"_acf_changed":false},"product_brand":[11221],"product_cat":[14007,14085,14071,14032],"product_tag":[],"class_list":{"0":"post-689048","1":"product","2":"type-product","3":"status-publish","4":"has-post-thumbnail","6":"product_brand-clawgear","7":"product_cat-rihmad","8":"product_cat-roeoepad","9":"product_cat-vintpuess","10":"product_cat-vintpuessi-taeiustamine","12":"first","13":"instock","14":"taxable","15":"shipping-taxable","16":"purchasable","17":"product-type-simple"},"acf":[],"_links":{"self":[{"href":"https:\/\/nbg.eu\/et\/wp-json\/wp\/v2\/product\/689048","targetHints":{"allow":["GET"]}}],"collection":[{"href":"https:\/\/nbg.eu\/et\/wp-json\/wp\/v2\/product"}],"about":[{"href":"https:\/\/nbg.eu\/et\/wp-json\/wp\/v2\/types\/product"}],"wp:featuredmedia":[{"embeddable":true,"href":"https:\/\/nbg.eu\/et\/wp-json\/wp\/v2\/media\/240825"}],"wp:attachment":[{"href":"https:\/\/nbg.eu\/et\/wp-json\/wp\/v2\/media?parent=689048"}],"wp:term":[{"taxonomy":"product_brand","embeddable":true,"href":"https:\/\/nbg.eu\/et\/wp-json\/wp\/v2\/product_brand?post=689048"},{"taxonomy":"product_cat","embeddable":true,"href":"https:\/\/nbg.eu\/et\/wp-json\/wp\/v2\/product_cat?post=689048"},{"taxonomy":"product_tag","embeddable":true,"href":"https:\/\/nbg.eu\/et\/wp-json\/wp\/v2\/product_tag?post=689048"}],"curies":[{"name":"wp","href":"https:\/\/api.w.org\/{rel}","templated":true}]}}