{"id":689069,"date":"2025-03-06T13:06:02","date_gmt":"2025-03-06T10:06:02","guid":{"rendered":"https:\/\/nbg.eu\/product\/clawgear-m-lok-qd-mount\/"},"modified":"2026-05-13T15:10:01","modified_gmt":"2026-05-13T12:10:01","slug":"clawgear-m-lok-qd-mount","status":"publish","type":"product","link":"https:\/\/nbg.eu\/et\/toode\/clawgear-m-lok-qd-mount\/","title":{"rendered":"Clawgear M-LOK QD Mount"},"content":{"rendered":"<h2>Clawgear M-LOK QD kinnitused: turvaline, takerdumiskindel rihmakinnitus<\/h2>\n<p>T\u00f5stke oma relva seadistust Clawgear M-LOK QD kinnitustega, mis on loodud kompromissitule j\u00f5udlusele ja sujuvaks rihmakinnistuseks. See madala profiiluga kinnitus on valmistatud vastupidavast alumiiniumist ja kaetud s\u00f5jatehnilist standardit j\u00e4rgiva anodiseeritud kattega, tagades pikaajalise t\u00f6\u00f6kindluse v\u00e4litingimustes.<\/p>\n<p>Otsene M-LOK kinnitus pakub turvalist ja takerdumiskindlat liidest, samas kui rotatsiooni v\u00e4ltimise funktsioon tagab, et teie rihmakinnitus p\u00fcsib kindlalt oma kohal, v\u00e4ltides soovimatud liikumist v\u00f5i nihkumist. \u00dchilduv k\u00f5igi tavap\u00e4raste QD-kinnitustega, v\u00f5imaldab Clawgear M-LOK QD kinnitus kiiret ja lihtsat rihmakinnistamist ja -eemaldamist, lihtsustades \u00fcleminekuid ja parandades \u00fcldist laskekogemust.<\/p>\n<p>Olenemata sellest, kas te tegelete n\u00f5udlike taktikaliste stsenaariumidega v\u00f5i suudate v\u00e4ljas\u00f5itudele, on Clawgear M-LOK QD kinnitus usaldusv\u00e4\u00e4rne ja mitmek\u00fclgne lahendus teie rihmakinniste vajadusteks. T\u00f5stke oma relva j\u00f5udlust selle vastupidava ja kasutajas\u00f5braliku tarvikuga.<\/p>\n","protected":false},"excerpt":{"rendered":"<p>K\u00f5rge tugevusega alumiiniumist M-LOK QD hoidik madala profiili ja anti-rotatsioonse disainiga, et kinnitada vastupidav sling vigastusi v\u00e4ltivalt.<\/p>\n","protected":false},"featured_media":240593,"template":"","meta":{"_acf_changed":false},"product_brand":[11221],"product_cat":[14007,14071,14032],"product_tag":[],"class_list":{"0":"post-689069","1":"product","2":"type-product","3":"status-publish","4":"has-post-thumbnail","6":"product_brand-clawgear","7":"product_cat-rihmad","8":"product_cat-vintpuess","9":"product_cat-vintpuessi-taeiustamine","11":"first","12":"outofstock","13":"taxable","14":"shipping-taxable","15":"purchasable","16":"product-type-simple"},"acf":[],"_links":{"self":[{"href":"https:\/\/nbg.eu\/et\/wp-json\/wp\/v2\/product\/689069","targetHints":{"allow":["GET"]}}],"collection":[{"href":"https:\/\/nbg.eu\/et\/wp-json\/wp\/v2\/product"}],"about":[{"href":"https:\/\/nbg.eu\/et\/wp-json\/wp\/v2\/types\/product"}],"wp:featuredmedia":[{"embeddable":true,"href":"https:\/\/nbg.eu\/et\/wp-json\/wp\/v2\/media\/240593"}],"wp:attachment":[{"href":"https:\/\/nbg.eu\/et\/wp-json\/wp\/v2\/media?parent=689069"}],"wp:term":[{"taxonomy":"product_brand","embeddable":true,"href":"https:\/\/nbg.eu\/et\/wp-json\/wp\/v2\/product_brand?post=689069"},{"taxonomy":"product_cat","embeddable":true,"href":"https:\/\/nbg.eu\/et\/wp-json\/wp\/v2\/product_cat?post=689069"},{"taxonomy":"product_tag","embeddable":true,"href":"https:\/\/nbg.eu\/et\/wp-json\/wp\/v2\/product_tag?post=689069"}],"curies":[{"name":"wp","href":"https:\/\/api.w.org\/{rel}","templated":true}]}}