{"id":689273,"date":"2024-09-17T07:54:09","date_gmt":"2024-09-17T04:54:09","guid":{"rendered":"https:\/\/nbg.eu\/product\/extractor-40-sw-kmr\/"},"modified":"2026-04-16T16:37:21","modified_gmt":"2026-04-16T13:37:21","slug":"extractor-40-sw-kmr","status":"publish","type":"product","link":"https:\/\/nbg.eu\/et\/toode\/extractor-40-sw-kmr\/","title":{"rendered":"KMR Ekstraktor .40 S&amp;W"},"content":{"rendered":"<h2>KMR Precision Extractor \u2013 .40 S&amp;W<\/h2>\n<p>Veenduge, et teie KMR p\u00fcstol t\u00f6\u00f6taks t\u00e4ieliku t\u00f5hususega selle spetsiaalse .40 S&amp;W ekstraktori abil. Projekteeritud k\u00f5rgema r\u00f5hu ja .40 kaliibrile omase laskemoonakesta geomeetriaga, on see komponent v\u00f5ti usaldusv\u00e4\u00e4rsele relvale.<\/p>\n<h3>Tehniline t\u00e4iuslikkus:<\/h3>\n<ul>\n<li><strong>Kaliibri-spetsiifiline disain:<\/strong> Erinevalt universaalsetest osadest on see ekstraktor t\u00e4pselt t\u00f6\u00f6deldud, et vastata .40 S&amp;W laskemoonakesta \u00e4\u00e4rele, tagades t\u00e4psemad tolerantsid ja t\u00f5husama eraldamise.<\/li>\n<li><strong>Suurem vastupidavus:<\/strong> Valmistatud k\u00f5rgesulamterast, et taluda .40 S&amp;W kaliibriga seotud suuremat l\u00f6\u00f6giplaadi kiirust ja tagasil\u00f6\u00f6gi j\u00f5udu.<\/li>\n<li><strong>Takistusteta t\u00f6\u00f6:<\/strong> Korrosiooni-resistentse viimistlusega, mis v\u00e4hendab h\u00f5\u00f5rdumist ja takistab s\u00fcsiniku kogunemist eraldamisharul.<\/li>\n<li><strong>T\u00e4iuslik sobivus:<\/strong> Projekteeritud KMR l\u00f6\u00f6giplaadi koostutesse sobivaks, s\u00e4ilitades n\u00f5utava pinge professionaalseks kasutamiseks.<\/li>\n<\/ul>\n<p>Ekstraktor on oluline kuluartikkel. Selle KMR originaalosa uuendamisega v\u00e4ldite v\u00f5imalikke t\u00f6\u00f6ringluse probleeme ja tagate, et teie p\u00fcstol oleks valmis IPSC\/USPSA v\u00f5istluste v\u00f5i teenistuslikuks kandmiseks.<\/p>\n","protected":false},"excerpt":{"rendered":"<p>1080-00302-0400<\/p>\n","protected":false},"featured_media":25703,"template":"","meta":{"_acf_changed":false},"product_brand":[11497],"product_cat":[14021],"product_tag":[],"class_list":{"0":"post-689273","1":"product","2":"type-product","3":"status-publish","4":"has-post-thumbnail","6":"product_brand-kmr-precision","7":"product_cat-kmr-osad","9":"first","10":"instock","11":"taxable","12":"shipping-taxable","13":"product-type-simple"},"acf":[],"_links":{"self":[{"href":"https:\/\/nbg.eu\/et\/wp-json\/wp\/v2\/product\/689273","targetHints":{"allow":["GET"]}}],"collection":[{"href":"https:\/\/nbg.eu\/et\/wp-json\/wp\/v2\/product"}],"about":[{"href":"https:\/\/nbg.eu\/et\/wp-json\/wp\/v2\/types\/product"}],"wp:featuredmedia":[{"embeddable":true,"href":"https:\/\/nbg.eu\/et\/wp-json\/wp\/v2\/media\/25703"}],"wp:attachment":[{"href":"https:\/\/nbg.eu\/et\/wp-json\/wp\/v2\/media?parent=689273"}],"wp:term":[{"taxonomy":"product_brand","embeddable":true,"href":"https:\/\/nbg.eu\/et\/wp-json\/wp\/v2\/product_brand?post=689273"},{"taxonomy":"product_cat","embeddable":true,"href":"https:\/\/nbg.eu\/et\/wp-json\/wp\/v2\/product_cat?post=689273"},{"taxonomy":"product_tag","embeddable":true,"href":"https:\/\/nbg.eu\/et\/wp-json\/wp\/v2\/product_tag?post=689273"}],"curies":[{"name":"wp","href":"https:\/\/api.w.org\/{rel}","templated":true}]}}