{"id":689298,"date":"2024-08-18T11:36:41","date_gmt":"2024-08-18T08:36:41","guid":{"rendered":"https:\/\/nbg.eu\/product\/extractor-9x19-kmr\/"},"modified":"2026-05-13T16:01:57","modified_gmt":"2026-05-13T13:01:57","slug":"extractor-9x19-kmr","status":"publish","type":"product","link":"https:\/\/nbg.eu\/et\/toode\/extractor-9x19-kmr\/","title":{"rendered":"KMR Ekstraktor 9&#215;19"},"content":{"rendered":"<h2>KMR Precision Extractor \u2013 9x19mm<\/h2>\n<p>See pistoliga 9x19mm kasutamiseks loodud see t\u00e4pselt disainitud v\u00e4ljat\u00f5mbaja on asendusosa. See on loodud taluma k\u00f5rge mahuga v\u00f5istlusjaani ning tagama veatut 9mm t\u00fchjade h\u00fclsside eemaldamist kambrist iga laske puhul.<\/p>\n<h3>Tehniline t\u00e4iuslikkus:<\/h3>\n<ul>\n<li><strong>Optimeeritud 9x19mm jaoks:<\/strong> T\u00e4pselt kohandatud 9mm Luger laskemoona serva m\u00f5\u00f5tmetega, et tagada maksimaalne haare ja t\u00f6\u00f6kindlus.<\/li>\n<li><strong>K\u00f5rge kvaliteediga teras:<\/strong> Valmistatud k\u00f5rgekvaliteedilistest, termot\u00f6\u00f6deldud terast, et v\u00e4ltida konks-elemendi kulumist ja vastu pidada l\u00f6\u00f6gij\u00f5ududele laskets\u00fckli ajal.<\/li>\n<li><strong>\u00dchilduvus tootja mudelitega:<\/strong> Otsese asendamisega sobiv KMR mudelitele nagu L-02 ja W-02, tagades ideaalse tehasepoolse sobivuse.<\/li>\n<li><strong>\u00dchtlane toimimine:<\/strong> Spetsiifiline konksukujundus minimeerib &#8220;eba\u00f5nnestunud v\u00e4ljat\u00f5mbeid&#8221; (FTE) isegi kiirlaske puhul.<\/li>\n<\/ul>\n<p>Hoidke oma p\u00fcstoli v\u00f5istlustulemuste tasemel, tagades, et teie v\u00e4ljat\u00f5mbamiss\u00fcsteem on tiptipp korras. See KMR originaalosa on h\u00e4davajalik k\u00f5igile tulistajatele, kes n\u00f5uavad rajal v\u00f5i v\u00f5istlusel 100% t\u00f6\u00f6kindlust.<\/p>\n","protected":false},"excerpt":{"rendered":"<p>1080-00301-0400<\/p>\n","protected":false},"featured_media":25703,"template":"","meta":{"_acf_changed":false},"product_brand":[11497],"product_cat":[14021],"product_tag":[],"class_list":{"0":"post-689298","1":"product","2":"type-product","3":"status-publish","4":"has-post-thumbnail","6":"product_brand-kmr-precision","7":"product_cat-kmr-osad","9":"first","10":"instock","11":"taxable","12":"shipping-taxable","13":"product-type-simple"},"acf":[],"_links":{"self":[{"href":"https:\/\/nbg.eu\/et\/wp-json\/wp\/v2\/product\/689298","targetHints":{"allow":["GET"]}}],"collection":[{"href":"https:\/\/nbg.eu\/et\/wp-json\/wp\/v2\/product"}],"about":[{"href":"https:\/\/nbg.eu\/et\/wp-json\/wp\/v2\/types\/product"}],"wp:featuredmedia":[{"embeddable":true,"href":"https:\/\/nbg.eu\/et\/wp-json\/wp\/v2\/media\/25703"}],"wp:attachment":[{"href":"https:\/\/nbg.eu\/et\/wp-json\/wp\/v2\/media?parent=689298"}],"wp:term":[{"taxonomy":"product_brand","embeddable":true,"href":"https:\/\/nbg.eu\/et\/wp-json\/wp\/v2\/product_brand?post=689298"},{"taxonomy":"product_cat","embeddable":true,"href":"https:\/\/nbg.eu\/et\/wp-json\/wp\/v2\/product_cat?post=689298"},{"taxonomy":"product_tag","embeddable":true,"href":"https:\/\/nbg.eu\/et\/wp-json\/wp\/v2\/product_tag?post=689298"}],"curies":[{"name":"wp","href":"https:\/\/api.w.org\/{rel}","templated":true}]}}