{"id":689358,"date":"2024-08-16T23:18:23","date_gmt":"2024-08-16T20:18:23","guid":{"rendered":"https:\/\/nbg.eu\/product\/extractor-pin-kmr\/"},"modified":"2026-05-13T16:02:07","modified_gmt":"2026-05-13T13:02:07","slug":"extractor-pin-kmr","status":"publish","type":"product","link":"https:\/\/nbg.eu\/et\/toode\/extractor-pin-kmr\/","title":{"rendered":"KMR Ekstraktori Tihvt"},"content":{"rendered":"<h2>Ekstraktori pinn KMR p\u00fcstolitele<\/h2>\n<p>Parandage oma KMR p\u00fcstoli j\u00f5udlust ja t\u00f6\u00f6kindlust ekstraktori pinniga. See on valmistatud karastatud t\u00f6\u00f6teraksest ja konstrueeritud t\u00e4psete tehase spetsifikatsioonide j\u00e4rgi, tagades t\u00e4pse sobivuse teie lukumassi. Selle kulumiskindel viimistlus tagab pikaajalise vastupidavuse ning k\u00f5rge t\u00f5mbetugevus kaitseb kriitilise ekstraktori p\u00f6\u00f6rdes\u00fcsteemi.<\/p>\n<p>Ekstraktori liikumise teljes m\u00e4ngib see pinn olulist rolli ekstraktsiooni ts\u00fcklis. S\u00e4ilitades \u00fchtlase vedru pinge, see hoiab \u00e4ra mehaanilised rikked ja tagab sujuva, t\u00f6\u00f6kindla toimimise iga laske korral. Olgu sa innukas m\u00e4rklaudlaskur v\u00f5i enesekaitse f\u00e4nn, on ekstraktori pinn h\u00e4davajalik t\u00e4iendus sinu KMR p\u00fcstolile, pakkudes n\u00f5utavat j\u00f5udlust ja rahu.<\/p>\n","protected":false},"excerpt":{"rendered":"<p>K\u00f5rge t\u00f5mbej\u00f5uga ekstraktori p\u00f6\u00f6rdpolt KMR-i p\u00fcstolitele; t\u00e4pne sobimine ja vastupidav viimistlus.<\/p>\n","protected":false},"featured_media":23775,"template":"","meta":{"_acf_changed":false},"product_brand":[11497],"product_cat":[14021],"product_tag":[],"class_list":{"0":"post-689358","1":"product","2":"type-product","3":"status-publish","4":"has-post-thumbnail","6":"product_brand-kmr-precision","7":"product_cat-kmr-osad","9":"first","10":"instock","11":"taxable","12":"shipping-taxable","13":"product-type-simple"},"acf":[],"_links":{"self":[{"href":"https:\/\/nbg.eu\/et\/wp-json\/wp\/v2\/product\/689358","targetHints":{"allow":["GET"]}}],"collection":[{"href":"https:\/\/nbg.eu\/et\/wp-json\/wp\/v2\/product"}],"about":[{"href":"https:\/\/nbg.eu\/et\/wp-json\/wp\/v2\/types\/product"}],"wp:featuredmedia":[{"embeddable":true,"href":"https:\/\/nbg.eu\/et\/wp-json\/wp\/v2\/media\/23775"}],"wp:attachment":[{"href":"https:\/\/nbg.eu\/et\/wp-json\/wp\/v2\/media?parent=689358"}],"wp:term":[{"taxonomy":"product_brand","embeddable":true,"href":"https:\/\/nbg.eu\/et\/wp-json\/wp\/v2\/product_brand?post=689358"},{"taxonomy":"product_cat","embeddable":true,"href":"https:\/\/nbg.eu\/et\/wp-json\/wp\/v2\/product_cat?post=689358"},{"taxonomy":"product_tag","embeddable":true,"href":"https:\/\/nbg.eu\/et\/wp-json\/wp\/v2\/product_tag?post=689358"}],"curies":[{"name":"wp","href":"https:\/\/api.w.org\/{rel}","templated":true}]}}