{"id":689392,"date":"2024-08-17T17:59:06","date_gmt":"2024-08-17T14:59:06","guid":{"rendered":"https:\/\/nbg.eu\/product\/extractor-spring-kmr-s\/"},"modified":"2026-05-13T16:02:41","modified_gmt":"2026-05-13T13:02:41","slug":"extractor-spring-kmr-s","status":"publish","type":"product","link":"https:\/\/nbg.eu\/et\/toode\/extractor-spring-kmr-s\/","title":{"rendered":"KMR Ekstraktori Vedru S"},"content":{"rendered":"<h2>Ekstraktori vedru KMR S: t\u00e4psusele suunatud disain optimaalse relvaprestatsiooni jaoks<\/h2>\n<p>Ekstraktori vedru on t\u00e4pselt disainitud komponent, mis on loodud tagama suurep\u00e4rast toimivust ja t\u00f6\u00f6kindlust erinevates KMR relvade s\u00fcsteemides.<\/p>\n<p>T\u00e4psuse ja vastupidavuse p\u00f5him\u00f5tete alusel v\u00e4lja t\u00f6\u00f6tatud vedru m\u00e4ngib olulist rolli nende k\u00f5rgtehnoloogiliste relvade s\u00fcsteemide sujuvas ja t\u00f6\u00f6kindlas toimes. Selle t\u00e4pselt kalibreeritud disain tagab j\u00e4rjepideva ja usaldusv\u00e4\u00e4rse ekstraktsiooni, v\u00f5imaldades kasutajatel loota oma varustusele isegi k\u00f5ige n\u00f5udlikumates olukordades.<\/p>\n<p>KMR relvade jaoks:<\/p>\n<p>KMR S-01 LANCE (OR)<\/p>\n<p>KMR S-02 10 (OR) SR ADA<\/p>\n<p>KMR S-02 75 (OR) SR ADA<\/p>\n<p>KMR S-02 alates 2024<\/p>\n<p>KMR S-02 SH1 (OR) SR ADA<\/p>\n<p>KMR S-02 SH2 (OR) SR ADA<\/p>\n<p>KMR S-02 TS (OR) SR ADA<\/p>\n<p>KMR S-02 kuni 2023<\/p>\n","protected":false},"excerpt":{"rendered":"<p>Ekstraktori vedru mitmesugustele KMR relvadele, \u00fchilduv alates 2024. aastast.<\/p>\n","protected":false},"featured_media":24751,"template":"","meta":{"_acf_changed":false},"product_brand":[11497],"product_cat":[14021,14039],"product_tag":[],"class_list":{"0":"post-689392","1":"product","2":"type-product","3":"status-publish","4":"has-post-thumbnail","6":"product_brand-kmr-precision","7":"product_cat-kmr-osad","8":"product_cat-vedrud","10":"first","11":"instock","12":"taxable","13":"shipping-taxable","14":"product-type-simple"},"acf":[],"_links":{"self":[{"href":"https:\/\/nbg.eu\/et\/wp-json\/wp\/v2\/product\/689392","targetHints":{"allow":["GET"]}}],"collection":[{"href":"https:\/\/nbg.eu\/et\/wp-json\/wp\/v2\/product"}],"about":[{"href":"https:\/\/nbg.eu\/et\/wp-json\/wp\/v2\/types\/product"}],"wp:featuredmedia":[{"embeddable":true,"href":"https:\/\/nbg.eu\/et\/wp-json\/wp\/v2\/media\/24751"}],"wp:attachment":[{"href":"https:\/\/nbg.eu\/et\/wp-json\/wp\/v2\/media?parent=689392"}],"wp:term":[{"taxonomy":"product_brand","embeddable":true,"href":"https:\/\/nbg.eu\/et\/wp-json\/wp\/v2\/product_brand?post=689392"},{"taxonomy":"product_cat","embeddable":true,"href":"https:\/\/nbg.eu\/et\/wp-json\/wp\/v2\/product_cat?post=689392"},{"taxonomy":"product_tag","embeddable":true,"href":"https:\/\/nbg.eu\/et\/wp-json\/wp\/v2\/product_tag?post=689392"}],"curies":[{"name":"wp","href":"https:\/\/api.w.org\/{rel}","templated":true}]}}