{"id":689421,"date":"2024-09-18T13:09:26","date_gmt":"2024-09-18T10:09:26","guid":{"rendered":"https:\/\/nbg.eu\/product\/extractor-spring-or-kmr\/"},"modified":"2026-05-13T16:02:17","modified_gmt":"2026-05-13T13:02:17","slug":"extractor-spring-or-kmr","status":"publish","type":"product","link":"https:\/\/nbg.eu\/et\/toode\/extractor-spring-or-kmr\/","title":{"rendered":"KMR Ekstraktori Vedru OR"},"content":{"rendered":"<h2>EKSTRAKTORI VEDRU V\u00d5I KMR<\/h2>\n<p>See vedru on valmistatud k\u00f5rgekvaliteedilistest materjalidest ja konstrueeritud taluma intensiivset kasutamist, tagades vajaliku pinge ja reaktsiooniv\u00f5ime, et hoida teie relva ekstraktori mehhanismi sujuvalt t\u00f6\u00f6tamas. Olenemata sellest, kas te osal\u0435\u0442\u0435 v\u00f5istluslaskmises, tegelete taktikalise v\u00e4lja\u00f5ppega v\u00f5i s\u00f5ltute oma KMRist isiklikuks kaitseks, tagab see asendusvedru sujuva ja usaldusv\u00e4\u00e4rs\u0435 t\u00f6\u00f6 korduvalt.<\/p>\n<p>Vedru uuendamine v\u00f5i asendamine on lihtne ja otsene protsess, mis v\u00f5imaldab teil hoida oma KMR-i tipptasemel toimivana ja pikendada selle kasutusiga. T\u00e4nu t\u00e4psele sobivusele ja lihtsale paigaldusele saate oma relva kiiresti tagasi kasutusesse v\u00f5tta, olles alati valmis j\u00e4rgmiseks v\u00e4ljakutseks.<\/p>\n<p>Relvadele KMR:<\/p>\n<p>KMR L-02 EMIQ (OR)<\/p>\n<p>KMR L-02 SPECTRA ALATES 2024<\/p>\n<p>KMR L-02 SPECTRA KUNI 2023<\/p>\n<p>KMR L-02 UMBRA (OR) SR<\/p>\n<p>KMR W-02 CUDA (OR)<\/p>\n<p>KMR W-02 UMBRA (OR)<\/p>\n","protected":false},"excerpt":{"rendered":"<p>Asendusv\u00e4ljav\u00f5tuvedru KMR L-02 ja KMR W-02 relvadele.<\/p>\n","protected":false},"featured_media":24774,"template":"","meta":{"_acf_changed":false},"product_brand":[11497],"product_cat":[14021,14039],"product_tag":[],"class_list":{"0":"post-689421","1":"product","2":"type-product","3":"status-publish","4":"has-post-thumbnail","6":"product_brand-kmr-precision","7":"product_cat-kmr-osad","8":"product_cat-vedrud","10":"first","11":"instock","12":"taxable","13":"shipping-taxable","14":"product-type-simple"},"acf":[],"_links":{"self":[{"href":"https:\/\/nbg.eu\/et\/wp-json\/wp\/v2\/product\/689421","targetHints":{"allow":["GET"]}}],"collection":[{"href":"https:\/\/nbg.eu\/et\/wp-json\/wp\/v2\/product"}],"about":[{"href":"https:\/\/nbg.eu\/et\/wp-json\/wp\/v2\/types\/product"}],"wp:featuredmedia":[{"embeddable":true,"href":"https:\/\/nbg.eu\/et\/wp-json\/wp\/v2\/media\/24774"}],"wp:attachment":[{"href":"https:\/\/nbg.eu\/et\/wp-json\/wp\/v2\/media?parent=689421"}],"wp:term":[{"taxonomy":"product_brand","embeddable":true,"href":"https:\/\/nbg.eu\/et\/wp-json\/wp\/v2\/product_brand?post=689421"},{"taxonomy":"product_cat","embeddable":true,"href":"https:\/\/nbg.eu\/et\/wp-json\/wp\/v2\/product_cat?post=689421"},{"taxonomy":"product_tag","embeddable":true,"href":"https:\/\/nbg.eu\/et\/wp-json\/wp\/v2\/product_tag?post=689421"}],"curies":[{"name":"wp","href":"https:\/\/api.w.org\/{rel}","templated":true}]}}