{"id":689447,"date":"2024-08-17T15:26:35","date_gmt":"2024-08-17T12:26:35","guid":{"rendered":"https:\/\/nbg.eu\/product\/fiber-optic-front-sight-kmr-625xd1x3-red\/"},"modified":"2026-05-13T16:03:18","modified_gmt":"2026-05-13T13:03:18","slug":"fiber-optic-front-sight-kmr-625xd1x3-red","status":"publish","type":"product","link":"https:\/\/nbg.eu\/et\/toode\/fiber-optic-front-sight-kmr-625xd1x3-red\/","title":{"rendered":"KMR Fiiberoptiline Esisihtimisseade 6.25xD1x3 Punane"},"content":{"rendered":"<h2>Tugevdage oma relvavisiiri FIBER OPTIC FRONT SIGHT KMR 6,25xD1x3 PUNANEga<\/h2>\n<p>Visiiri m\u00f5\u00f5tmed 6,25 x D1 x 3 teevad selle teie relva jaoks ideaalselt sobivaks, pakkudes sujuvat integreerimist ilma \u00fcldkujundust kahjustamata. Tugev konstruktsioon ja vastupidavad materjalid, mida selle tootmisel kasutati, garanteerivad pikaajalise t\u00f6\u00f6v\u00f5ime isegi n\u00f5udlikes tingimustes.<\/p>\n<p>Olenemata sellest, kas olete h\u00f5ivatud taktikaliste operatsioonide, v\u00f5istluslaskmise v\u00f5i puhkusekasutatamisega, t\u00f5stab kiuoptiline esivaatekaitze teie sihtimisv\u00f5imet ja annab teile vajaliku eelise. Usaldage seda usaldusv\u00e4\u00e4rset ja kvaliteetset tarvikut, et t\u00f5sta oma relvap\u00fcsivust ja t\u00e4psust.<\/p>\n<p>Relvadele KMR:<\/p>\n<p>KMR L-02 ORCA KUNI 2023<\/p>\n<p>KMR W-02 UMBRA<\/p>\n<p>Viide: 0501-04605-0001<\/p>\n","protected":false},"excerpt":{"rendered":"<p>Kiudoptilise esikaga sihtm\u00e4rgisilm KMR relvadele, 6,25xD1x3, punane.<\/p>\n","protected":false},"featured_media":24128,"template":"","meta":{"_acf_changed":false},"product_brand":[11497],"product_cat":[14021],"product_tag":[],"class_list":{"0":"post-689447","1":"product","2":"type-product","3":"status-publish","4":"has-post-thumbnail","6":"product_brand-kmr-precision","7":"product_cat-kmr-osad","9":"first","10":"instock","11":"taxable","12":"shipping-taxable","13":"product-type-simple"},"acf":[],"_links":{"self":[{"href":"https:\/\/nbg.eu\/et\/wp-json\/wp\/v2\/product\/689447","targetHints":{"allow":["GET"]}}],"collection":[{"href":"https:\/\/nbg.eu\/et\/wp-json\/wp\/v2\/product"}],"about":[{"href":"https:\/\/nbg.eu\/et\/wp-json\/wp\/v2\/types\/product"}],"wp:featuredmedia":[{"embeddable":true,"href":"https:\/\/nbg.eu\/et\/wp-json\/wp\/v2\/media\/24128"}],"wp:attachment":[{"href":"https:\/\/nbg.eu\/et\/wp-json\/wp\/v2\/media?parent=689447"}],"wp:term":[{"taxonomy":"product_brand","embeddable":true,"href":"https:\/\/nbg.eu\/et\/wp-json\/wp\/v2\/product_brand?post=689447"},{"taxonomy":"product_cat","embeddable":true,"href":"https:\/\/nbg.eu\/et\/wp-json\/wp\/v2\/product_cat?post=689447"},{"taxonomy":"product_tag","embeddable":true,"href":"https:\/\/nbg.eu\/et\/wp-json\/wp\/v2\/product_tag?post=689447"}],"curies":[{"name":"wp","href":"https:\/\/api.w.org\/{rel}","templated":true}]}}