{"id":689495,"date":"2024-09-18T14:15:05","date_gmt":"2024-09-18T11:15:05","guid":{"rendered":"https:\/\/nbg.eu\/product\/fiber-optic-front-sight-kmr-675xd1x3-red\/"},"modified":"2026-05-13T16:02:28","modified_gmt":"2026-05-13T13:02:28","slug":"fiber-optic-front-sight-kmr-675xd1x3-red","status":"publish","type":"product","link":"https:\/\/nbg.eu\/et\/toode\/fiber-optic-front-sight-kmr-675xd1x3-red\/","title":{"rendered":"KMR Fiiberoptiline Esisihtimisseade 6.75xD1x3 Punane"},"content":{"rendered":"<h2>Suurendage oma relva t\u00e4psust FIBER OPTIC FRONT SIGHT KMR 6,75xD1x3 RED-iga<\/h2>\n<p>Optimaalse j\u00f5udluse jaoks loodud FIBER OPTIC FRONT SIGHT KMR 6,75xD1x3 RED on ideaalne lisand teie KMR-relvadele. See kvaliteetne sihtseade on varustatud kiudoptilise konstruktsiooniga, mis tagab suurep\u00e4rase n\u00e4htavuse ja sihtm\u00e4rgi h\u00f5lvamise isegi halbades valgustingimustes.<\/p>\n<p>FIBER OPTIC FRONT SIGHT KMR 6,75xD1x3 RED on kompaktne ja aerod\u00fcnaamiline disainiga, mis v\u00f5imaldab lihtsat paigaldamist ja sujuvat integreerimist teie relvaga. Selle punase kiudoptilise sisestusega sihtseade pakub selget ja h\u00e4sti n\u00e4htavat sihtpilti, mis muudab sihtm\u00e4rgi t\u00e4pse ja kiire h\u00f5lvamise lihtsamaks.<\/p>\n<p>Suurendage oma relva t\u00e4psust ja toimivust FIBER OPTIC FRONT SIGHT KMR 6,75xD1x3 RED-iga. T\u00e4iendage oma KMR-relva t\u00e4na ja kogege selle erakorralise sihtseadme pakutavat erinevust.<\/p>\n","protected":false},"excerpt":{"rendered":"<p>Kiudoptilised eesmised sihikud KMR relvamudeli jaoks, 6,75x1x3 punased.<\/p>\n","protected":false},"featured_media":24151,"template":"","meta":{"_acf_changed":false},"product_brand":[11497],"product_cat":[14021],"product_tag":[],"class_list":{"0":"post-689495","1":"product","2":"type-product","3":"status-publish","4":"has-post-thumbnail","6":"product_brand-kmr-precision","7":"product_cat-kmr-osad","9":"first","10":"instock","11":"taxable","12":"shipping-taxable","13":"product-type-simple"},"acf":[],"_links":{"self":[{"href":"https:\/\/nbg.eu\/et\/wp-json\/wp\/v2\/product\/689495","targetHints":{"allow":["GET"]}}],"collection":[{"href":"https:\/\/nbg.eu\/et\/wp-json\/wp\/v2\/product"}],"about":[{"href":"https:\/\/nbg.eu\/et\/wp-json\/wp\/v2\/types\/product"}],"wp:featuredmedia":[{"embeddable":true,"href":"https:\/\/nbg.eu\/et\/wp-json\/wp\/v2\/media\/24151"}],"wp:attachment":[{"href":"https:\/\/nbg.eu\/et\/wp-json\/wp\/v2\/media?parent=689495"}],"wp:term":[{"taxonomy":"product_brand","embeddable":true,"href":"https:\/\/nbg.eu\/et\/wp-json\/wp\/v2\/product_brand?post=689495"},{"taxonomy":"product_cat","embeddable":true,"href":"https:\/\/nbg.eu\/et\/wp-json\/wp\/v2\/product_cat?post=689495"},{"taxonomy":"product_tag","embeddable":true,"href":"https:\/\/nbg.eu\/et\/wp-json\/wp\/v2\/product_tag?post=689495"}],"curies":[{"name":"wp","href":"https:\/\/api.w.org\/{rel}","templated":true}]}}