{"id":689739,"date":"2024-08-17T15:11:05","date_gmt":"2024-08-17T12:11:05","guid":{"rendered":"https:\/\/nbg.eu\/product\/firing-pin-3x16-kmr\/"},"modified":"2026-05-13T16:02:51","modified_gmt":"2026-05-13T13:02:51","slug":"firing-pin-3x16-kmr","status":"publish","type":"product","link":"https:\/\/nbg.eu\/et\/toode\/firing-pin-3x16-kmr\/","title":{"rendered":"KMR L\u00f6\u00f6kluku Fikseerimistihvt 3&#215;16 S-02"},"content":{"rendered":"<h2>Laskuri 3X16 KMR: s\u00fc\u00fctemise usaldusv\u00e4\u00e4rsus, mis on loodud v\u00f5istlustulistamiseks<\/h2>\n<p>V\u00f5istlustulistamiseks loodud Laskuri 3X16 KMR pakub kompromissitut s\u00fc\u00fctemise usaldusv\u00e4\u00e4rsust ja l\u00f6\u00f6gikindlust. See laskuri on t\u00e4pselt mehaaniliselt t\u00f6\u00f6deldud k\u00f5rgekvaliteedilistest karastatud terasest m\u00f5\u00f5tmetega 3x16mm ning on loodud taluma kiire tule korduvat mehaanilist pinget ilma teraviku deformeerumise v\u00f5i murdumiseta.<\/p>\n<p>\u00dchtlased, keskmes plahvatavad t\u00fchipanused v\u00e4ldivad kerge l\u00f6\u00f6gi v\u00f5i mitte\u00f5nnestumist, tagades iga lasuga usaldusv\u00e4\u00e4rse s\u00fc\u00fcte. Laskuri 3X16 KMR vastupidav konstruktsioon ja t\u00e4psed tolerantsid muudavad selle oluliseks t\u00e4ienduseks t\u00f5sistele v\u00f5istlustulistajatele, kes otsivad parima soorituse saavutamiseks ja rikete k\u00f5rvaldamiseks.<\/p>\n<p>Olgu see 3-relvaviktoriin v\u00f5i KMR-i p\u00fcstoli v\u00f5imaluste piiri nihutamine, pakub Laskuri 3X16 KMR usaldusv\u00e4\u00e4rset s\u00fc\u00fcdet ja pikaajalist vastupidavust, mida vajate edukaks esinemiseks. Uuendage oma KMR t\u00e4na ja kogege, milline erinevus t\u00e4psusinsenerit\u00f6\u00f6 saab teha.<\/p>\n","protected":false},"excerpt":{"rendered":"<p>T\u00e4pne 3x16mm terasest l\u00f6\u00f6kpiin, konstrueeritud s\u00fc\u00fcte usaldusv\u00e4\u00e4rsuse ja l\u00f6\u00f6gikindluse tagamiseks KMR p\u00fcstolitele.<\/p>\n","protected":false},"featured_media":23990,"template":"","meta":{"_acf_changed":false},"product_brand":[11497],"product_cat":[14021,14764],"product_tag":[],"class_list":{"0":"post-689739","1":"product","2":"type-product","3":"status-publish","4":"has-post-thumbnail","6":"product_brand-kmr-precision","7":"product_cat-kmr-osad","8":"product_cat-suutekuunlad","10":"first","11":"instock","12":"taxable","13":"shipping-taxable","14":"product-type-simple"},"acf":[],"_links":{"self":[{"href":"https:\/\/nbg.eu\/et\/wp-json\/wp\/v2\/product\/689739","targetHints":{"allow":["GET"]}}],"collection":[{"href":"https:\/\/nbg.eu\/et\/wp-json\/wp\/v2\/product"}],"about":[{"href":"https:\/\/nbg.eu\/et\/wp-json\/wp\/v2\/types\/product"}],"wp:featuredmedia":[{"embeddable":true,"href":"https:\/\/nbg.eu\/et\/wp-json\/wp\/v2\/media\/23990"}],"wp:attachment":[{"href":"https:\/\/nbg.eu\/et\/wp-json\/wp\/v2\/media?parent=689739"}],"wp:term":[{"taxonomy":"product_brand","embeddable":true,"href":"https:\/\/nbg.eu\/et\/wp-json\/wp\/v2\/product_brand?post=689739"},{"taxonomy":"product_cat","embeddable":true,"href":"https:\/\/nbg.eu\/et\/wp-json\/wp\/v2\/product_cat?post=689739"},{"taxonomy":"product_tag","embeddable":true,"href":"https:\/\/nbg.eu\/et\/wp-json\/wp\/v2\/product_tag?post=689739"}],"curies":[{"name":"wp","href":"https:\/\/api.w.org\/{rel}","templated":true}]}}