{"id":689748,"date":"2024-08-17T18:12:25","date_gmt":"2024-08-17T15:12:25","guid":{"rendered":"https:\/\/nbg.eu\/product\/firing-pin-spring-kmr-s\/"},"modified":"2026-05-13T16:03:36","modified_gmt":"2026-05-13T13:03:36","slug":"firing-pin-spring-kmr-s","status":"publish","type":"product","link":"https:\/\/nbg.eu\/et\/toode\/firing-pin-spring-kmr-s\/","title":{"rendered":"KMR L\u00f6\u00f6kluku Vedru S"},"content":{"rendered":"<h2>T\u00f5mbevedru KMR S<\/h2>\n<p>T\u00f5mbevedru KMR S on kvaliteetne asendusvedru, mis on m\u00f5eldud mitmesugustele KMR relvakogumitele.<\/p>\n<p>See t\u00f5mbevedru on valmistatud t\u00e4psusega ja p\u00f6\u00f6rates t\u00e4helepanu detailidele, tagades oma KMR relvakogumi usaldusv\u00e4\u00e4rse ja j\u00e4rjepideva t\u00f6\u00f6. Selle vastupidav konstruktsioon ja kvaliteetsed materjalid muudavad selle pika-ealiseks asendusvariantiks, et s\u00e4ilitada relvaseadme optimaalset toimimist.<\/p>\n<p>Olenemata sellest, kas olete professionaalne laskur v\u00f5i kirge tundev entusiast, on see vedru h\u00e4davajalik tarvik, et hoida teie KMR relvas\u00fcsteemi parimas t\u00f6\u00f6s. T\u00e4iendage oma tulirelva selle usaldusv\u00e4\u00e4rdse ja vastupidava komponendiga ja m\u00e4rkate oma lasketulemuste paranemist.<\/p>\n<p>Relvadele KMR:<\/p>\n<p>KMR S-01 LANCE (OR)<\/p>\n<p>KMR S-02 10 (OR) SR ADA<\/p>\n<p>KMR S-02 75 (OR) SR ADA<\/p>\n<p>KMR S-02 ALATES 2024<\/p>\n<p>KMR S-02 SH1 (OR) SR ADA<\/p>\n<p>KMR S-02 SH2 (OR) SR ADA<\/p>\n<p>KMR S-02 TS (OR) SR ADA<\/p>\n<p>KMR S-02 KUNI 2023<\/p>\n","protected":false},"excerpt":{"rendered":"<p>Laskuri vinnivedruk KMR S &#8211; mudelitele KMR S-01, KMR S-02 ja sarnastele.<\/p>\n","protected":false},"featured_media":24964,"template":"","meta":{"_acf_changed":false},"product_brand":[11497],"product_cat":[14021,14039],"product_tag":[],"class_list":{"0":"post-689748","1":"product","2":"type-product","3":"status-publish","4":"has-post-thumbnail","6":"product_brand-kmr-precision","7":"product_cat-kmr-osad","8":"product_cat-vedrud","10":"first","11":"instock","12":"taxable","13":"shipping-taxable","14":"product-type-simple"},"acf":[],"_links":{"self":[{"href":"https:\/\/nbg.eu\/et\/wp-json\/wp\/v2\/product\/689748","targetHints":{"allow":["GET"]}}],"collection":[{"href":"https:\/\/nbg.eu\/et\/wp-json\/wp\/v2\/product"}],"about":[{"href":"https:\/\/nbg.eu\/et\/wp-json\/wp\/v2\/types\/product"}],"wp:featuredmedia":[{"embeddable":true,"href":"https:\/\/nbg.eu\/et\/wp-json\/wp\/v2\/media\/24964"}],"wp:attachment":[{"href":"https:\/\/nbg.eu\/et\/wp-json\/wp\/v2\/media?parent=689748"}],"wp:term":[{"taxonomy":"product_brand","embeddable":true,"href":"https:\/\/nbg.eu\/et\/wp-json\/wp\/v2\/product_brand?post=689748"},{"taxonomy":"product_cat","embeddable":true,"href":"https:\/\/nbg.eu\/et\/wp-json\/wp\/v2\/product_cat?post=689748"},{"taxonomy":"product_tag","embeddable":true,"href":"https:\/\/nbg.eu\/et\/wp-json\/wp\/v2\/product_tag?post=689748"}],"curies":[{"name":"wp","href":"https:\/\/api.w.org\/{rel}","templated":true}]}}