{"id":689777,"date":"2024-08-18T11:10:20","date_gmt":"2024-08-18T08:10:20","guid":{"rendered":"https:\/\/nbg.eu\/product\/firing-pin-screw-m4x5-din-913-kmr\/"},"modified":"2026-02-27T11:54:56","modified_gmt":"2026-02-27T08:54:56","slug":"firing-pin-screw-m4x5-din-913-kmr","status":"publish","type":"product","link":"https:\/\/nbg.eu\/et\/toode\/firing-pin-screw-m4x5-din-913-kmr\/","title":{"rendered":"Tuliraua s\u00fc\u00fctemehhanismi kruvi M4X5 Din 913 KMR"},"content":{"rendered":"<h2>Firing Pin Screw M4X5 Din 913 KMR<\/h2>\n<p>T\u00e4psete spetsifikatsioonide j\u00e4rgi valmistatud Firing Pin Screw M4X5 Din 913 KMR on valmistatud kvaliteetsetest materjalidest, et vastu pidada n\u00f5udlikule kasutusele. Selle M4 x 5 mm m\u00f5\u00f5tmed ja DIN 913 konfiguratsioon teevad selle ideaalselt sobivaks m\u00e4\u00e4ratud KMR relvamudeletele, tagades ohutu ja usaldusv\u00e4\u00e4rse \u00fchenduspunkti s\u00fc\u00fctemehhanismile.<\/p>\n<p>Olenemata sellest, kas hooldad, remondid v\u00f5i uuendad oma KMR relvaseadet, on Firing Pin Screw M4X5 Din 913 KMR h\u00e4davajalik komponent. Selle vastupidavus ja t\u00e4pset disaini tagavad j\u00e4rjepideva ja usaldusv\u00e4\u00e4rse toimivuse, panustades relva \u00fcldisesse t\u00f6\u00f6kindlusesse ja t\u00f5hususse.<\/p>\n<p>Relvadele KMR:<\/p>\n<p>KMR S-01 LANCE (OR)<\/p>\n<p>KMR S-02 10 (OR) SR ADA<\/p>\n<p>KMR S-02 75 (OR) SR ADA<\/p>\n<p>KMR S-02 FROM 2024<\/p>\n<p>KMR S-02 SH1 (OR) SR ADA<\/p>\n<p>KMR S-02 SH2 (OR) SR ADA<\/p>\n<p>KMR S-02 TS (OR) SR ADA<\/p>\n<p>KMR S-02 UNTIL 2023<\/p>\n","protected":false},"excerpt":{"rendered":"<p>L\u00f6\u00f6kpinna kruvi M4X5 Din 913 KMR mudelitele.<\/p>\n","protected":false},"featured_media":25333,"template":"","meta":{"_acf_changed":false},"product_brand":[11497],"product_cat":[14021,14764],"product_tag":[],"class_list":{"0":"post-689777","1":"product","2":"type-product","3":"status-publish","4":"has-post-thumbnail","6":"product_brand-kmr-precision","7":"product_cat-kmr-osad","8":"product_cat-suutekuunlad","10":"first","11":"instock","12":"taxable","13":"shipping-taxable","14":"product-type-simple"},"acf":[],"_links":{"self":[{"href":"https:\/\/nbg.eu\/et\/wp-json\/wp\/v2\/product\/689777","targetHints":{"allow":["GET"]}}],"collection":[{"href":"https:\/\/nbg.eu\/et\/wp-json\/wp\/v2\/product"}],"about":[{"href":"https:\/\/nbg.eu\/et\/wp-json\/wp\/v2\/types\/product"}],"wp:featuredmedia":[{"embeddable":true,"href":"https:\/\/nbg.eu\/et\/wp-json\/wp\/v2\/media\/25333"}],"wp:attachment":[{"href":"https:\/\/nbg.eu\/et\/wp-json\/wp\/v2\/media?parent=689777"}],"wp:term":[{"taxonomy":"product_brand","embeddable":true,"href":"https:\/\/nbg.eu\/et\/wp-json\/wp\/v2\/product_brand?post=689777"},{"taxonomy":"product_cat","embeddable":true,"href":"https:\/\/nbg.eu\/et\/wp-json\/wp\/v2\/product_cat?post=689777"},{"taxonomy":"product_tag","embeddable":true,"href":"https:\/\/nbg.eu\/et\/wp-json\/wp\/v2\/product_tag?post=689777"}],"curies":[{"name":"wp","href":"https:\/\/api.w.org\/{rel}","templated":true}]}}