{"id":689832,"date":"2025-03-02T20:05:35","date_gmt":"2025-03-02T17:05:35","guid":{"rendered":"https:\/\/nbg.eu\/product\/fox-classic-hunter\/"},"modified":"2026-05-13T15:11:48","modified_gmt":"2026-05-13T12:11:48","slug":"fox-classic-hunter","status":"publish","type":"product","link":"https:\/\/nbg.eu\/et\/toode\/fox-classic-hunter\/","title":{"rendered":"Fox Classic hunter"},"content":{"rendered":"<h2>Rebane klassikalise jahimehe kuulid: h\u00e4vitavalt t\u00e4pne ja pliivaba j\u00f5udlus<\/h2>\n<p>Loodud vastama Euroopa jahinduse rangetele n\u00f5uetele, annavad Rebane klassikalise jahimehe kuulid kompromissitut j\u00f5udlust ja eetilist, pliivaba jahindust. Valmistatud tahke vask-tsink sulamist, omavad need tippkvaliteedi kuulid kahekordse l\u00e4bim\u00f5\u00f5du laienemise disaini ja k\u00f5rge ballistilise koefitsiendiga (BC) tasaste trajektooride ja h\u00e4vitava terminaalballistika jaoks.<\/p>\n<p>Usaldusv\u00e4\u00e4rset, pliivaba laskemoona otsivad jahimehed v\u00f5ivad kindlad olla, et Rebane klassikalise jahimehe kuulid annavad s\u00fcgava l\u00e4bitungi ja maksimaalset kaalu s\u00e4ilimist, mida n\u00f5utakse puhtaks, eetiliseks tapmiseks. Elimineerides plii saastumise, tagavad need kuulid, et liha j\u00e4\u00e4b puhtaks ja ohutuks tarbimiseks, v\u00f5imaldades teil t\u00e4ielikult nautida oma jahisaaki.<\/p>\n<p>Oma edasij\u00f5udnud disaini ja materjali koostisega pakub Rebane klassikalise jahimehe kuulid teile n\u00f5utavat j\u00f5udlust, ilma oma v\u00e4\u00e4rtusi ohverdamata. Kogege t\u00e4iuslikku tasakaalu t\u00e4psuse, j\u00f5udluse ja keskkonnavastutuse vahel iga lasku juures.<\/p>\n","protected":false},"excerpt":{"rendered":"<p>Klassikaline Hunterian rebane: Pliivabu jahilised kuulid, mis annavad h\u00e4vitava terminaalballistika.<\/p>\n","protected":false},"featured_media":0,"template":"","meta":{"_acf_changed":false},"product_brand":[],"product_cat":[14087],"product_tag":[],"class_list":{"0":"post-689832","1":"product","2":"type-product","3":"status-publish","5":"product_cat-kategoriseerimata","7":"first","8":"instock","9":"taxable","10":"shipping-taxable","11":"purchasable","12":"product-type-variable","13":"wvs-archive-product-wrapper"},"acf":[],"_links":{"self":[{"href":"https:\/\/nbg.eu\/et\/wp-json\/wp\/v2\/product\/689832","targetHints":{"allow":["GET"]}}],"collection":[{"href":"https:\/\/nbg.eu\/et\/wp-json\/wp\/v2\/product"}],"about":[{"href":"https:\/\/nbg.eu\/et\/wp-json\/wp\/v2\/types\/product"}],"wp:attachment":[{"href":"https:\/\/nbg.eu\/et\/wp-json\/wp\/v2\/media?parent=689832"}],"wp:term":[{"taxonomy":"product_brand","embeddable":true,"href":"https:\/\/nbg.eu\/et\/wp-json\/wp\/v2\/product_brand?post=689832"},{"taxonomy":"product_cat","embeddable":true,"href":"https:\/\/nbg.eu\/et\/wp-json\/wp\/v2\/product_cat?post=689832"},{"taxonomy":"product_tag","embeddable":true,"href":"https:\/\/nbg.eu\/et\/wp-json\/wp\/v2\/product_tag?post=689832"}],"curies":[{"name":"wp","href":"https:\/\/api.w.org\/{rel}","templated":true}]}}