{"id":689992,"date":"2024-08-24T16:34:19","date_gmt":"2024-08-24T13:34:19","guid":{"rendered":"https:\/\/nbg.eu\/product\/flex-holster-right-hand-color-inlays\/"},"modified":"2025-12-28T21:30:48","modified_gmt":"2025-12-28T18:30:48","slug":"flex-holster-right-hand-color-inlays","status":"publish","type":"product","link":"https:\/\/nbg.eu\/et\/toode\/flex-holster-right-hand-color-inlays\/","title":{"rendered":"Flex Holster Right Hand Color Inlays"},"content":{"rendered":"<div class=\"product-description\">\n<h2>Flex Holster Right Hand Color Inlays<\/h2>\n<p>Kohandage oma parema k\u00e4e Flex holster meie t\u00e4psete laserl\u00f5igatud plastmassist logoinlayidega. Need erksa v\u00e4rvi aktsendid lisavad teie holstrile isikup\u00e4ra, s\u00e4ilitades samas selle sileda disaini.<\/p>\n<ul>\n<li>Lihtne paigaldus eelnevalt aplikeeritud 3M kleeplindi abil<\/li>\n<li>Eemaldatavad ja vahetatavad tulevaste v\u00e4rvimuutuste jaoks<\/li>\n<li>Kaasas l\u00e4bipaistev kaitsekile (eemaldatav parima v\u00e4ljan\u00e4gemise jaoks)<\/li>\n<li>Spetsiaalselt disainitud parema k\u00e4e Flex holsteri kehade jaoks<\/li>\n<\/ul>\n<p><strong>M\u00e4rkus:<\/strong> Kuigi inlaid saab eemaldada ja asendada, tuleb arvestada, et algup\u00e4rane inlay v\u00f5ib eemaldamise k\u00e4igus puruneda. V\u00e4rvivahetuse korral olge ettevaatlik, et tagada sujuv \u00fcleminek.<\/p>\n<p>T\u00f5stke oma holstri stiili silmapaistvate v\u00e4rvituuvidega t\u00e4na!<\/p>\n<\/div>\n","protected":false},"excerpt":{"rendered":"<p>Kohandatavad v\u00e4rvik\u00fclgede sisestused parema k\u00e4e Flex \u00fcmbriste jaoks. Lihtne paigaldada.<\/p>\n","protected":false},"featured_media":29649,"template":"","meta":{"_acf_changed":false},"product_brand":[11262],"product_cat":[14052,14058,14079],"product_tag":[],"class_list":{"0":"post-689992","1":"product","2":"type-product","3":"status-publish","4":"has-post-thumbnail","6":"product_brand-doublealpha","7":"product_cat-koobritarvikud","8":"product_cat-spordikoobriks","9":"product_cat-varustus","11":"first","12":"instock","13":"taxable","14":"shipping-taxable","15":"purchasable","16":"product-type-variable","17":"wvs-archive-product-wrapper"},"acf":[],"_links":{"self":[{"href":"https:\/\/nbg.eu\/et\/wp-json\/wp\/v2\/product\/689992","targetHints":{"allow":["GET"]}}],"collection":[{"href":"https:\/\/nbg.eu\/et\/wp-json\/wp\/v2\/product"}],"about":[{"href":"https:\/\/nbg.eu\/et\/wp-json\/wp\/v2\/types\/product"}],"wp:featuredmedia":[{"embeddable":true,"href":"https:\/\/nbg.eu\/et\/wp-json\/wp\/v2\/media\/29649"}],"wp:attachment":[{"href":"https:\/\/nbg.eu\/et\/wp-json\/wp\/v2\/media?parent=689992"}],"wp:term":[{"taxonomy":"product_brand","embeddable":true,"href":"https:\/\/nbg.eu\/et\/wp-json\/wp\/v2\/product_brand?post=689992"},{"taxonomy":"product_cat","embeddable":true,"href":"https:\/\/nbg.eu\/et\/wp-json\/wp\/v2\/product_cat?post=689992"},{"taxonomy":"product_tag","embeddable":true,"href":"https:\/\/nbg.eu\/et\/wp-json\/wp\/v2\/product_tag?post=689992"}],"curies":[{"name":"wp","href":"https:\/\/api.w.org\/{rel}","templated":true}]}}