{"id":690515,"date":"2024-08-18T11:12:46","date_gmt":"2024-08-18T08:12:46","guid":{"rendered":"https:\/\/nbg.eu\/product\/front-sight-screw-m3x3-din-914-kmr\/"},"modified":"2026-02-27T11:40:59","modified_gmt":"2026-02-27T08:40:59","slug":"front-sight-screw-m3x3-din-914-kmr","status":"publish","type":"product","link":"https:\/\/nbg.eu\/et\/toode\/front-sight-screw-m3x3-din-914-kmr\/","title":{"rendered":"Esikvalgusti kruvi M3X3 DIN 914 KMR"},"content":{"rendered":"<h2>Eesmine sihikukruvi M3X3 Din 914 KMR<\/h2>\n<p>T\u00f5stke oma relva j\u00f5udlust eesmise sihikukruvi M3X3 Din 914 KMR-ga. Loodud sobima laia valiku KMR-mudelitega, tagab see kindla ja t\u00e4pse sobivuse, suurendades teie relvastuse stabiilsust ja t\u00e4psust. Valmistatud kvaliteetsetest materjalidest, on eesmine sihikukruvi M3X3 Din 914 KMR loodud vastu pidama taktikalise ja v\u00f5istlusliku laskmise n\u00f5udmistele.<\/p>\n<\/p>\n<p>Relvade KMR-le:<\/p>\n<\/p>\n<p>KMR L-02 EMIQ (OR)<\/p>\n<\/p>\n<p>KMR L-02 ORCA ALATES 2024<\/p>\n<\/p>\n<p>KMR L-02 ORCA KUNI 2023<\/p>\n<\/p>\n<p>KMR L-02 SPECTRA ALATES 2024<\/p>\n<\/p>\n<p>KMR L-02 SPECTRA KUNI 2023<\/p>\n<\/p>\n<p>KMR L-02 UMBRA (OR) SR<\/p>\n<\/p>\n<p>KMR S-01 LANCE (OR)<\/p>\n<\/p>\n<p>KMR S-02 10 (OR) SR ADA<\/p>\n<\/p>\n<p>KMR S-02 75 (OR) SR ADA<\/p>\n<\/p>\n<p>KMR S-02 ALATES 2024<\/p>\n<\/p>\n<p>KMR S-02 SH1 (OR) SR ADA<\/p>\n<\/p>\n<p>KMR S-02 SH2 (OR) SR ADA<\/p>\n<\/p>\n<p>KMR S-02 TS (OR) SR ADA<\/p>\n<\/p>\n<p>KMR S-02 KUNI 2023<\/p>\n<\/p>\n<p>KMR W-02 CUDA (OR)<\/p>\n<\/p>\n<p>KMR W-02 UMBRA<\/p>\n<\/p>\n<p>KMR W-02 UMBRA (OR)<\/p>\n","protected":false},"excerpt":{"rendered":"<p>Raua sihiku kruvi M3X3 Din 914 KMR relvamudelitele.<\/p>\n","protected":false},"featured_media":25402,"template":"","meta":{"_acf_changed":false},"product_brand":[11497],"product_cat":[14021],"product_tag":[],"class_list":{"0":"post-690515","1":"product","2":"type-product","3":"status-publish","4":"has-post-thumbnail","6":"product_brand-kmr-precision","7":"product_cat-kmr-osad","9":"first","10":"instock","11":"taxable","12":"shipping-taxable","13":"product-type-simple"},"acf":[],"_links":{"self":[{"href":"https:\/\/nbg.eu\/et\/wp-json\/wp\/v2\/product\/690515","targetHints":{"allow":["GET"]}}],"collection":[{"href":"https:\/\/nbg.eu\/et\/wp-json\/wp\/v2\/product"}],"about":[{"href":"https:\/\/nbg.eu\/et\/wp-json\/wp\/v2\/types\/product"}],"wp:featuredmedia":[{"embeddable":true,"href":"https:\/\/nbg.eu\/et\/wp-json\/wp\/v2\/media\/25402"}],"wp:attachment":[{"href":"https:\/\/nbg.eu\/et\/wp-json\/wp\/v2\/media?parent=690515"}],"wp:term":[{"taxonomy":"product_brand","embeddable":true,"href":"https:\/\/nbg.eu\/et\/wp-json\/wp\/v2\/product_brand?post=690515"},{"taxonomy":"product_cat","embeddable":true,"href":"https:\/\/nbg.eu\/et\/wp-json\/wp\/v2\/product_cat?post=690515"},{"taxonomy":"product_tag","embeddable":true,"href":"https:\/\/nbg.eu\/et\/wp-json\/wp\/v2\/product_tag?post=690515"}],"curies":[{"name":"wp","href":"https:\/\/api.w.org\/{rel}","templated":true}]}}