{"id":690577,"date":"2025-08-20T18:30:18","date_gmt":"2025-08-20T15:30:18","guid":{"rendered":"https:\/\/nbg.eu\/product\/german-tactical-systems-adjustable-ak-rear-sight\/"},"modified":"2026-05-13T16:48:56","modified_gmt":"2026-05-13T13:48:56","slug":"german-tactical-systems-adjustable-ak-rear-sight","status":"publish","type":"product","link":"https:\/\/nbg.eu\/et\/toode\/german-tactical-systems-adjustable-ak-rear-sight\/","title":{"rendered":"GERMAN TACTICAL SYSTEMS Adjustable AK Rear Sight"},"content":{"rendered":"<h2>GERMAN TACTICAL SYSTEMS Reguleeritav AK tagumise sihiku<\/h2>\n<p>Suurendage oma AK platvormi t\u00e4psust selle t\u00e4psusega konstrueeritud tagumise sihikuga. Erinevalt tavalistest AK sihikutest pakub see innovaatiline disain nii tuule kui ka k\u00f5rguse reguleerimist ideaalse m\u00e4rgi paigutuse saavutamiseks.<\/p>\n<ul>\n<li>Kahekordne reguleerimine tuule ja k\u00f5rguse jaoks<\/li>\n<li>Vastupidav terasest konstruktsioon<\/li>\n<li>T\u00f6\u00f6riistata, kiired reguleerimised<\/li>\n<li>\u00dchilduv enamiku AK variantidega<\/li>\n<li>Madala profiili disain<\/li>\n<\/ul>\n<p>Ideaalne v\u00f5istlustulistajatele, taktikalistele operaatoritele ja AK entusiastidele. Parandage oma AK j\u00f5udlust ja esteetikat selle mitmek\u00fclgse ja lihtsalt kasutatava sihikuga. Saavutage \u00fclim t\u00e4psus igas olukorras, alates tihendist kuni v\u00e4litingimusteni.<\/p>\n","protected":false},"excerpt":{"rendered":"<p>Reguleeritav AK tagavisiir: niiskuse ja k\u00f5rguse reguleerimine, vastupidav teras.<\/p>\n","protected":false},"featured_media":471140,"template":"","meta":{"_acf_changed":false},"product_brand":[],"product_cat":[14009,14071,14032],"product_tag":[],"class_list":{"0":"post-690577","1":"product","2":"type-product","3":"status-publish","4":"has-post-thumbnail","6":"product_cat-ak-taeiustamine","7":"product_cat-vintpuess","8":"product_cat-vintpuessi-taeiustamine","10":"first","11":"outofstock","12":"taxable","13":"shipping-taxable","14":"purchasable","15":"product-type-simple"},"acf":[],"_links":{"self":[{"href":"https:\/\/nbg.eu\/et\/wp-json\/wp\/v2\/product\/690577","targetHints":{"allow":["GET"]}}],"collection":[{"href":"https:\/\/nbg.eu\/et\/wp-json\/wp\/v2\/product"}],"about":[{"href":"https:\/\/nbg.eu\/et\/wp-json\/wp\/v2\/types\/product"}],"wp:featuredmedia":[{"embeddable":true,"href":"https:\/\/nbg.eu\/et\/wp-json\/wp\/v2\/media\/471140"}],"wp:attachment":[{"href":"https:\/\/nbg.eu\/et\/wp-json\/wp\/v2\/media?parent=690577"}],"wp:term":[{"taxonomy":"product_brand","embeddable":true,"href":"https:\/\/nbg.eu\/et\/wp-json\/wp\/v2\/product_brand?post=690577"},{"taxonomy":"product_cat","embeddable":true,"href":"https:\/\/nbg.eu\/et\/wp-json\/wp\/v2\/product_cat?post=690577"},{"taxonomy":"product_tag","embeddable":true,"href":"https:\/\/nbg.eu\/et\/wp-json\/wp\/v2\/product_tag?post=690577"}],"curies":[{"name":"wp","href":"https:\/\/api.w.org\/{rel}","templated":true}]}}