{"id":690599,"date":"2024-08-17T14:52:53","date_gmt":"2024-08-17T11:52:53","guid":{"rendered":"https:\/\/nbg.eu\/product\/fully-adjustable-sight-kmr-black-wide\/"},"modified":"2026-05-13T16:04:35","modified_gmt":"2026-05-13T13:04:35","slug":"fully-adjustable-sight-kmr-black-wide","status":"publish","type":"product","link":"https:\/\/nbg.eu\/et\/toode\/fully-adjustable-sight-kmr-black-wide\/","title":{"rendered":"KMR T\u00e4isreguulitav Sihtimisseade Must Lai"},"content":{"rendered":"<h2>T\u00e4ielikult reguleeritav siht KMR Black-Wide: T\u00e4ppislaskmise meisterlikkus v\u00f5istlustulistajatele<\/h2>\n<p>T\u00e4ielikult reguleeritav siht KMR Black-Wide on parim lisaseade v\u00f5istlustulistajatele, kes otsivad enematumatut t\u00e4psust ja mitmekesisust. See siht on loodud k\u00f5rgele kontrastile ja sihtm\u00e4rgi h\u00f5lpsale tabamisele keskendudes, pakkudes vajalikku j\u00f5udlust, et valitseda lasketiiru.<\/p>\n<p>Mikromeeterrealulatusega reguleerimine v\u00f5imaldab KMR Black-Widel t\u00e4pselt nullida teie laskemoona ja vahemaa punkti, tagades kompromissitu t\u00e4psuse. Lai tagumine s\u00e4lk pakub kiireks \u00fcleminekuks paremat sihtpilti, samas kui anti-pimestavat, melatatud musta v\u00e4rvi kare viimistlus k\u00f5rvaldab p\u00e4ikesevalgu pimestamise, luues terava must-must profiili.<\/p>\n<p>Olenemata sellest, kas olete kaasatud kaugkindluse v\u00f5istlustes v\u00f5i l\u00e4bite d\u00fcnaamilisi terasesihtm\u00e4rke, on t\u00e4ielikult reguleeritav siht KMR Black-Wide teie v\u00f5ti t\u00f5elise potentsiaali avamiseks. Uuendage oma varustust ja viige oma laskmise uutele k\u00f5rgustele selle erakordse sihts\u00fcsteemiga.<\/p>\n","protected":false},"excerpt":{"rendered":"<p>T\u00e4ielikult reguleeritav sihik KMR must-lai &#8211; t\u00e4pne k\u00f5rguse\/tuule suuna reguleerimine ja suur-kontrastsed m\u00e4rklaua\u00e4mbrid.<\/p>\n","protected":false},"featured_media":30339,"template":"","meta":{"_acf_changed":false},"product_brand":[11497],"product_cat":[14021],"product_tag":[],"class_list":{"0":"post-690599","1":"product","2":"type-product","3":"status-publish","4":"has-post-thumbnail","6":"product_brand-kmr-precision","7":"product_cat-kmr-osad","9":"first","10":"instock","11":"taxable","12":"shipping-taxable","13":"product-type-simple"},"acf":[],"_links":{"self":[{"href":"https:\/\/nbg.eu\/et\/wp-json\/wp\/v2\/product\/690599","targetHints":{"allow":["GET"]}}],"collection":[{"href":"https:\/\/nbg.eu\/et\/wp-json\/wp\/v2\/product"}],"about":[{"href":"https:\/\/nbg.eu\/et\/wp-json\/wp\/v2\/types\/product"}],"wp:featuredmedia":[{"embeddable":true,"href":"https:\/\/nbg.eu\/et\/wp-json\/wp\/v2\/media\/30339"}],"wp:attachment":[{"href":"https:\/\/nbg.eu\/et\/wp-json\/wp\/v2\/media?parent=690599"}],"wp:term":[{"taxonomy":"product_brand","embeddable":true,"href":"https:\/\/nbg.eu\/et\/wp-json\/wp\/v2\/product_brand?post=690599"},{"taxonomy":"product_cat","embeddable":true,"href":"https:\/\/nbg.eu\/et\/wp-json\/wp\/v2\/product_cat?post=690599"},{"taxonomy":"product_tag","embeddable":true,"href":"https:\/\/nbg.eu\/et\/wp-json\/wp\/v2\/product_tag?post=690599"}],"curies":[{"name":"wp","href":"https:\/\/api.w.org\/{rel}","templated":true}]}}