{"id":690771,"date":"2024-08-17T15:16:50","date_gmt":"2024-08-17T12:16:50","guid":{"rendered":"https:\/\/nbg.eu\/product\/hammer-pin-safety-pin-kmr\/"},"modified":"2026-05-13T16:03:39","modified_gmt":"2026-05-13T13:03:39","slug":"hammer-pin-safety-pin-kmr","status":"publish","type":"product","link":"https:\/\/nbg.eu\/et\/toode\/hammer-pin-safety-pin-kmr\/","title":{"rendered":"KMR Kuke Turvapolt"},"content":{"rendered":"<h2>Haamer Pin Safety Pin KMR p\u00fcstolitele<\/h2>\n<p>Tagab teie KMR p\u00fcstoli haamri ja manuaalse ohutuse t\u00e4pse joondumise ja sujuva t\u00f6\u00f6. See t\u00e4pselt t\u00f6\u00f6deldud komponent on valmistatud k\u00f5vastatud t\u00f6\u00f6terasest vastavalt KMR tehase spetsifikatsioonidele, pakkudes suurep\u00e4rast vastupidavust ja l\u00f5iketugevust tagasil\u00f6\u00f6gi tingimustes.<\/p>\n<p>Haamer Pin Safety Pin t\u00e4idab kahekordset eesm\u00e4rki, tagades nii haamri kui ka ohutushoova mehhanismidele usaldusv\u00e4\u00e4rsed kinnituse ja p\u00f6\u00f6rlemise stabiilsuse. T\u00e4pse joondumise s\u00e4ilitamine aitab s\u00e4ilitada teravat p\u00e4\u00e4stiku kasutamist ja kindlat ohutusfunktsiooni, v\u00e4ltides soovimatut k\u00fclgsuunalist liikumist raami sees.<\/p>\n<p>N\u00f5udlike KMR omanike poolt usaldatud, see oluline t\u00e4iustus tagab, et teie p\u00fcstoli kriitilised juhtseadmed p\u00fcsivad ka k\u00f5ige n\u00f5udlikumate tingimuste korral t\u00e4pselt positsioneeritud. Nautige sujuvat, \u00fchtlast t\u00f6\u00f6tamist ja kindlat ohutusfunktsiooni Haamer Pin Safety Pini abil oma KMR p\u00fcstolil.<\/p>\n","protected":false},"excerpt":{"rendered":"<p>T\u00e4pse vasara ja ohutusn\u00f5ela KMR p\u00fcstolitele, tagab joondumise ja sujuva t\u00f6\u00f6.<\/p>\n","protected":false},"featured_media":24082,"template":"","meta":{"_acf_changed":false},"product_brand":[11497],"product_cat":[14021],"product_tag":[],"class_list":{"0":"post-690771","1":"product","2":"type-product","3":"status-publish","4":"has-post-thumbnail","6":"product_brand-kmr-precision","7":"product_cat-kmr-osad","9":"first","10":"instock","11":"taxable","12":"shipping-taxable","13":"product-type-simple"},"acf":[],"_links":{"self":[{"href":"https:\/\/nbg.eu\/et\/wp-json\/wp\/v2\/product\/690771","targetHints":{"allow":["GET"]}}],"collection":[{"href":"https:\/\/nbg.eu\/et\/wp-json\/wp\/v2\/product"}],"about":[{"href":"https:\/\/nbg.eu\/et\/wp-json\/wp\/v2\/types\/product"}],"wp:featuredmedia":[{"embeddable":true,"href":"https:\/\/nbg.eu\/et\/wp-json\/wp\/v2\/media\/24082"}],"wp:attachment":[{"href":"https:\/\/nbg.eu\/et\/wp-json\/wp\/v2\/media?parent=690771"}],"wp:term":[{"taxonomy":"product_brand","embeddable":true,"href":"https:\/\/nbg.eu\/et\/wp-json\/wp\/v2\/product_brand?post=690771"},{"taxonomy":"product_cat","embeddable":true,"href":"https:\/\/nbg.eu\/et\/wp-json\/wp\/v2\/product_cat?post=690771"},{"taxonomy":"product_tag","embeddable":true,"href":"https:\/\/nbg.eu\/et\/wp-json\/wp\/v2\/product_tag?post=690771"}],"curies":[{"name":"wp","href":"https:\/\/api.w.org\/{rel}","templated":true}]}}