{"id":690885,"date":"2024-09-18T20:49:20","date_gmt":"2024-09-18T17:49:20","guid":{"rendered":"https:\/\/nbg.eu\/product\/holosun-1-63-riser-for-hs510c-red-dot-sight-hs-riser-510c\/"},"modified":"2026-05-13T16:02:31","modified_gmt":"2026-05-13T13:02:31","slug":"holosun-1-63-riser-for-hs510c-red-dot-sight-hs-riser-510c","status":"publish","type":"product","link":"https:\/\/nbg.eu\/et\/toode\/holosun-1-63-riser-for-hs510c-red-dot-sight-hs-riser-510c\/","title":{"rendered":"Holosun 1.63&#8243; Riser for HS510C Red Dot Sight | HS-RISER-510C"},"content":{"rendered":"<h2><strong><span style=\"font-size: 170%\">Holosun 1.63&#8221; k\u00f5rge t\u00f5stja HS-RISER-510C HS510C-le<\/span><\/strong><\/h2>\n<p>T\u00f5stke oma laskekogemust HOLOSUNI k\u00f5rge t\u00f5stja montaa\u017eiga, mis on spetsiaalselt v\u00e4lja t\u00f6\u00f6tatud HS510C jaoks. See t\u00f5stja pakub ideaalset 1,63-tollist vaatejoone t\u00f5stmist, mis sobib h\u00e4sti tulirelvadega, mille labaost on joondatud relvakasti toimumiskohaga.<\/p>\n<h2>P\u00f5hiomadused:<\/h2>\n<ul>\n<li>Lihtne kasutamine ja paigaldamine<\/li>\n<li>Kompaktne disain optimaalse j\u00f5udluse saavutamiseks<\/li>\n<li>\u00c4\u00e4rmiselt vastupidav duraluminiumist konstruktsioon<\/li>\n<li>Korratav t\u00e4psus j\u00e4rjepideva laskmise jaoks<\/li>\n<li>Kerge, kuid vastupidav ehitus<\/li>\n<\/ul>\n<h2>Tehnilised andmed:<\/h2>\n<ul>\n<li>T\u00f6\u00f6temperatuur: -30\u00b0C kuni 60\u00b0C<\/li>\n<li>S\u00e4ilitustemperatuur: -40\u00b0C kuni 70\u00b0C<\/li>\n<li>M\u00f5\u00f5tmed: 80,5 x 40 x 5,5 mm<\/li>\n<li>Materjal: Alumiinium<\/li>\n<li>V\u00e4rv: Must<\/li>\n<li>Kaal: 44 g<\/li>\n<\/ul>\n<p>T\u00e4iustage oma Holosun HS510C seda kvaliteetse t\u00f5stjamontaa\u017eiga, mis on loodud t\u00e4psuseks ja usaldusv\u00e4\u00e4rsuseks erinevates laskemissituatsioonides. Olgu te siis professionaal v\u00f5i entusiast, HS-RISER-510C on teie tulirelvade j\u00f5udluse parandamiseks t\u00e4iuslik lisa.<\/p>\n","protected":false},"excerpt":{"rendered":"<p>T\u00f5sta oma HS510C-d selle vastupidava 1,63-tollisel t\u00f5stmistiigri abil.<\/p>\n","protected":false},"featured_media":64727,"template":"","meta":{"_acf_changed":false},"product_brand":[11429],"product_cat":[14919],"product_tag":[],"class_list":{"0":"post-690885","1":"product","2":"type-product","3":"status-publish","4":"has-post-thumbnail","6":"product_brand-holosun","7":"product_cat-red-dot-sights-mounts-et","9":"first","10":"instock","11":"taxable","12":"shipping-taxable","13":"purchasable","14":"product-type-simple"},"acf":[],"_links":{"self":[{"href":"https:\/\/nbg.eu\/et\/wp-json\/wp\/v2\/product\/690885","targetHints":{"allow":["GET"]}}],"collection":[{"href":"https:\/\/nbg.eu\/et\/wp-json\/wp\/v2\/product"}],"about":[{"href":"https:\/\/nbg.eu\/et\/wp-json\/wp\/v2\/types\/product"}],"wp:featuredmedia":[{"embeddable":true,"href":"https:\/\/nbg.eu\/et\/wp-json\/wp\/v2\/media\/64727"}],"wp:attachment":[{"href":"https:\/\/nbg.eu\/et\/wp-json\/wp\/v2\/media?parent=690885"}],"wp:term":[{"taxonomy":"product_brand","embeddable":true,"href":"https:\/\/nbg.eu\/et\/wp-json\/wp\/v2\/product_brand?post=690885"},{"taxonomy":"product_cat","embeddable":true,"href":"https:\/\/nbg.eu\/et\/wp-json\/wp\/v2\/product_cat?post=690885"},{"taxonomy":"product_tag","embeddable":true,"href":"https:\/\/nbg.eu\/et\/wp-json\/wp\/v2\/product_tag?post=690885"}],"curies":[{"name":"wp","href":"https:\/\/api.w.org\/{rel}","templated":true}]}}