{"id":690925,"date":"2024-07-25T21:45:22","date_gmt":"2024-07-25T18:45:22","guid":{"rendered":"https:\/\/nbg.eu\/product\/hornady-6mm-arc-108gr-eld-match-ammunition\/"},"modified":"2026-05-13T15:11:56","modified_gmt":"2026-05-13T12:11:56","slug":"hornady-6mm-arc-108gr-eld-match-ammunition","status":"publish","type":"product","link":"https:\/\/nbg.eu\/et\/toode\/hornady-6mm-arc-108gr-eld-match-ammunition\/","title":{"rendered":"Hornady 6mm ARC 108gr. ELD MATCH Ammunition"},"content":{"rendered":"<div class=\"product-description\">\n<h2>Hornady 6mm ARC 108gr. ELD MATCH Laskemoon<\/h2>\n<p>Kogege selle Hornady 6mm ARC 108gr. ELD MATCH Laskemoona erakordsete tulemustega. See mitmek\u00fclgne padrun pakub:<\/p>\n<ul>\n<li>Erakordselt t\u00f5hus k\u00f5rge ballistilise karakteristikuga kuulidega<\/li>\n<li>Erakordsed tulemused AR-15 relvadel<\/li>\n<li>Optimaalsed tulemused l\u00fchikese v\u00f5i mikrogaraa\u017eiga p\u00fcstolirelvades<\/li>\n<li>Sobib h\u00e4sti v\u00f5istlustulistamiseks, jahipidamiseks ja isiklikuks kaitseks<\/li>\n<li>Suurep\u00e4rane sihtm\u00e4rktulemuste saavutamine erinevates rakendustes<\/li>\n<\/ul>\n<p>6mm ARC \u00fchendab kaasaegsed patsundidisaini ja hoolikalt valitud kuulid, pakkudes ideaalset tasakaalu s\u00fcsteemi kaalule, tulemuslikkusele ja k\u00e4sitsetavusele. Olenemata sellest, kas olete v\u00f5istlustulistaja, jahimees v\u00f5i \u00f5iguskaitset\u00f6\u00f6taja, tagab see laskemoon teile vajamineva t\u00e4psuse ja v\u00f5imsuse.<\/p>\n<\/div>\n","protected":false},"excerpt":{"rendered":"<p>Mitmek\u00fclgne 6mm ARC: t\u00e4pne laskemoon AR-15 ja kruvi relvade jaoks.<\/p>\n","protected":false},"featured_media":690937,"template":"","meta":{"_acf_changed":false},"product_brand":[11453],"product_cat":[14074,14084],"product_tag":[],"class_list":{"0":"post-690925","1":"product","2":"type-product","3":"status-publish","4":"has-post-thumbnail","6":"product_brand-hornady","7":"product_cat-laskemoon","8":"product_cat-vintpuessilaskemoon","10":"first","11":"instock","12":"taxable","13":"shipping-taxable","14":"purchasable","15":"product-type-simple"},"acf":[],"_links":{"self":[{"href":"https:\/\/nbg.eu\/et\/wp-json\/wp\/v2\/product\/690925","targetHints":{"allow":["GET"]}}],"collection":[{"href":"https:\/\/nbg.eu\/et\/wp-json\/wp\/v2\/product"}],"about":[{"href":"https:\/\/nbg.eu\/et\/wp-json\/wp\/v2\/types\/product"}],"wp:featuredmedia":[{"embeddable":true,"href":"https:\/\/nbg.eu\/et\/wp-json\/wp\/v2\/media\/690937"}],"wp:attachment":[{"href":"https:\/\/nbg.eu\/et\/wp-json\/wp\/v2\/media?parent=690925"}],"wp:term":[{"taxonomy":"product_brand","embeddable":true,"href":"https:\/\/nbg.eu\/et\/wp-json\/wp\/v2\/product_brand?post=690925"},{"taxonomy":"product_cat","embeddable":true,"href":"https:\/\/nbg.eu\/et\/wp-json\/wp\/v2\/product_cat?post=690925"},{"taxonomy":"product_tag","embeddable":true,"href":"https:\/\/nbg.eu\/et\/wp-json\/wp\/v2\/product_tag?post=690925"}],"curies":[{"name":"wp","href":"https:\/\/api.w.org\/{rel}","templated":true}]}}