{"id":691118,"date":"2025-03-04T21:24:07","date_gmt":"2025-03-04T18:24:07","guid":{"rendered":"https:\/\/nbg.eu\/product\/kmr-hand-stop-set-m-lok-alu-black\/"},"modified":"2026-05-13T15:56:48","modified_gmt":"2026-05-13T12:56:48","slug":"kmr-hand-stop-set-m-lok-alu-black","status":"publish","type":"product","link":"https:\/\/nbg.eu\/et\/toode\/kmr-hand-stop-set-m-lok-alu-black\/","title":{"rendered":"KMR Hand Stop Komplekt M-LOK ALU Must"},"content":{"rendered":"<h2>KMR k\u00e4eliha seatud (M-LOK) \u2013 alumiinium, must<\/h2>\n<p>T\u00f5stke oma tulistamiskogemust KMR k\u00e4eliha seadmega, mis on mitmek\u00fclgne lisaseade, mis on m\u00f5eldud rekyyli ohjamiseks, k\u00e4e indekseerimiseks ja \u00fcldise relva kontrolli parandamiseks. See k\u00e4eliha seade, mis on valmistatud kergest, CNC-t\u00f6\u00f6deldud alumiiniumist ja mille pind on musta anooditud viimistlusega, sobib suurep\u00e4raselt teie M-LOK-\u00fchilduva relvaga.<\/p>\n<p>Moodulne kahesektsiooniga v\u00f5i tekstuurne kujundus pakub teie toetusk\u00e4ele korrap\u00e4rast f\u00fc\u00fcsilist v\u00f5rdluspunkti, tagades korratava haarde ja takistades teie k\u00e4e libisemist suunavalija poole. V\u00f5imaldades teil &#8220;t\u00f5mmata&#8221; relva oma \u00f5lga, pakub KMR k\u00e4eliha seade oluliselt tasasemat laskmist ja kiiremaid j\u00e4relkuulipilip\u00fcsse, parandades teie \u00fcldist t\u00e4psust ja lasketaset.<\/p>\n<p>Olenemata sellest, kas olete kogenud m\u00e4rklaskur v\u00f5i kirgliku harrastaja, on KMR k\u00e4eliha seade teie tulirelva puhul m\u00f6\u00f6dap\u00e4\u00e4smatu t\u00e4iustus. T\u00f5stke oma tulistamiskogemust ja viige oma oskused uutele k\u00f5rgustele selle uuenduslike ja usaldusv\u00e4\u00e4rsete lisavarustusega.<\/p>\n","protected":false},"excerpt":{"rendered":"<p>KMR K\u00c4SIPIDURIT\u00d5KKE KOMPLEKT, M-LOK, ALU, MUST &#8211; Parandatud tagasil\u00f6\u00f6gi haldus ja relva kontroll.<\/p>\n","protected":false},"featured_media":236515,"template":"","meta":{"_acf_changed":false},"product_brand":[11497],"product_cat":[14021,14071,14029,14032],"product_tag":[],"class_list":{"0":"post-691118","1":"product","2":"type-product","3":"status-publish","4":"has-post-thumbnail","6":"product_brand-kmr-precision","7":"product_cat-kmr-osad","8":"product_cat-vintpuess","9":"product_cat-vintpuessi-kaeepidemed","10":"product_cat-vintpuessi-taeiustamine","12":"first","13":"instock","14":"taxable","15":"shipping-taxable","16":"purchasable","17":"product-type-simple"},"acf":[],"_links":{"self":[{"href":"https:\/\/nbg.eu\/et\/wp-json\/wp\/v2\/product\/691118","targetHints":{"allow":["GET"]}}],"collection":[{"href":"https:\/\/nbg.eu\/et\/wp-json\/wp\/v2\/product"}],"about":[{"href":"https:\/\/nbg.eu\/et\/wp-json\/wp\/v2\/types\/product"}],"wp:featuredmedia":[{"embeddable":true,"href":"https:\/\/nbg.eu\/et\/wp-json\/wp\/v2\/media\/236515"}],"wp:attachment":[{"href":"https:\/\/nbg.eu\/et\/wp-json\/wp\/v2\/media?parent=691118"}],"wp:term":[{"taxonomy":"product_brand","embeddable":true,"href":"https:\/\/nbg.eu\/et\/wp-json\/wp\/v2\/product_brand?post=691118"},{"taxonomy":"product_cat","embeddable":true,"href":"https:\/\/nbg.eu\/et\/wp-json\/wp\/v2\/product_cat?post=691118"},{"taxonomy":"product_tag","embeddable":true,"href":"https:\/\/nbg.eu\/et\/wp-json\/wp\/v2\/product_tag?post=691118"}],"curies":[{"name":"wp","href":"https:\/\/api.w.org\/{rel}","templated":true}]}}