{"id":691145,"date":"2025-03-07T13:06:11","date_gmt":"2025-03-07T10:06:11","guid":{"rendered":"https:\/\/nbg.eu\/product\/kmr-or-aimpoint-acro-mounting-kit-for-l-02-w-02-steel-black\/"},"modified":"2026-05-13T16:48:14","modified_gmt":"2026-05-13T13:48:14","slug":"kmr-or-aimpoint-acro-mounting-kit-for-l-02-w-02-steel-black","status":"publish","type":"product","link":"https:\/\/nbg.eu\/et\/toode\/kmr-or-aimpoint-acro-mounting-kit-for-l-02-w-02-steel-black\/","title":{"rendered":"KMR OR Aimpoint Acro Paigalduskomplekt jaoks L-02, W-02 Teras Must"},"content":{"rendered":"<h2>KMR &#8211; V\u00d5I AIMPOINT ACRO MONTEERIMISVAHENDID L-02, W-02 TERASEST MUSTAKS<\/h2>\n<p>KMR Optic Ready (OR) Aimpoint ACRO monteerimisvahendid on ideaalne lahendus kindla optikaintegreerimise ja t\u00e4pse kovaatimise tagamiseks teie KMR L-02 ja W-02 p\u00fcstolitel. Need on t\u00e4pselt \u200b\u200bmasinvalmistatud k\u00f5rge tugevusega terasest, neil on Aimpoint ACRO jaoks etten\u00e4htud kujundus, madala profiili disain ja korrosioonikindel must viimistlus vastupidava ja elegantse v\u00e4limuse saavutamiseks.<\/p>\n<p>KMR OR Aimpoint ACRO monteerimisvahendite terasest konstruktsioon tagab null-nihke raskete tagasil\u00f6\u00f6kide korral, pakkudes seet\u00f5ttu k\u00f5ige usaldusv\u00e4\u00e4rsemaid monteerimisvahendeid suletud emitteriga sihtseadmetele. T\u00e4pne sobivus tagab, et teie optika p\u00fcsib ka intensiivse v\u00f5istluse v\u00f5i teenistuskasutuse k\u00e4igus t\u00e4pselt \u200b\u200bseadistatud, tehes sellest ideaalse valiku KMR OR-seeria p\u00fcstolitele.<\/p>\n","protected":false},"excerpt":{"rendered":"<p>KMR &#8211; V\u00d5I AIMPOINT ACRO KINNITUSKOMPLEKT L-02, W-02, TERASEST MUSTA V\u00c4RVI. Tugev optika integratsioon ja t\u00e4iuslik kaasvaateline joondus L-02 ja W-02 mudelite jaoks. T\u00e4pselt t\u00f6\u00f6deldud vastupidavast terasest, spetsiaalne Aimpoint ACRO jalaj\u00e4lg, madala profiili disain, matt must korrosioonikindel viimistlus. Pakub tugevamat kinnituse lahendust suletud emitteriga sihtseadmetele; teraskonstruktsioon tagab t\u00f5rgeteta t\u00f6\u00f6 suure tagasil\u00f6\u00f6gi korral, samas tagab t\u00e4pne sobivus, et optika p\u00fcsiks sihitud ka intensiivse v\u00f5istlusliku v\u00f5i teenistuskasutuse korral KMR OR-seeria p\u00fcstolitel.<\/p>\n","protected":false},"featured_media":246142,"template":"","meta":{"_acf_changed":false},"product_brand":[11497],"product_cat":[14021,14017,14053,14919],"product_tag":[],"class_list":{"0":"post-691145","1":"product","2":"type-product","3":"status-publish","4":"has-post-thumbnail","6":"product_brand-kmr-precision","7":"product_cat-kmr-osad","8":"product_cat-puestoli-osad","9":"product_cat-puestolipunktsihtijad","10":"product_cat-red-dot-sights-mounts-et","12":"first","13":"instock","14":"taxable","15":"shipping-taxable","16":"purchasable","17":"product-type-simple"},"acf":[],"_links":{"self":[{"href":"https:\/\/nbg.eu\/et\/wp-json\/wp\/v2\/product\/691145","targetHints":{"allow":["GET"]}}],"collection":[{"href":"https:\/\/nbg.eu\/et\/wp-json\/wp\/v2\/product"}],"about":[{"href":"https:\/\/nbg.eu\/et\/wp-json\/wp\/v2\/types\/product"}],"wp:featuredmedia":[{"embeddable":true,"href":"https:\/\/nbg.eu\/et\/wp-json\/wp\/v2\/media\/246142"}],"wp:attachment":[{"href":"https:\/\/nbg.eu\/et\/wp-json\/wp\/v2\/media?parent=691145"}],"wp:term":[{"taxonomy":"product_brand","embeddable":true,"href":"https:\/\/nbg.eu\/et\/wp-json\/wp\/v2\/product_brand?post=691145"},{"taxonomy":"product_cat","embeddable":true,"href":"https:\/\/nbg.eu\/et\/wp-json\/wp\/v2\/product_cat?post=691145"},{"taxonomy":"product_tag","embeddable":true,"href":"https:\/\/nbg.eu\/et\/wp-json\/wp\/v2\/product_tag?post=691145"}],"curies":[{"name":"wp","href":"https:\/\/api.w.org\/{rel}","templated":true}]}}