{"id":691160,"date":"2025-03-04T21:40:08","date_gmt":"2025-03-04T18:40:08","guid":{"rendered":"https:\/\/nbg.eu\/product\/kmr-qd-sling-swivel\/"},"modified":"2026-05-13T15:10:54","modified_gmt":"2026-05-13T12:10:54","slug":"kmr-qd-sling-swivel","status":"publish","type":"product","link":"https:\/\/nbg.eu\/et\/toode\/kmr-qd-sling-swivel\/","title":{"rendered":"KMR QD Rihma P\u00f6\u00f6rds\u00f5lm"},"content":{"rendered":"<h2>Kiire kinnitamine, raske t\u00f6\u00f6 usaldusv\u00e4\u00e4rsus: KMR kiirkinnitusega (QD) rihmap\u00f6\u00f6r<\/h2>\n<p>Kiirkinnituse ja t\u00f6\u00f6kindluse jaoks m\u00f5eldud KMR QD rihmap\u00f6\u00f6r on teie relvale ideaalne lisavarustus. See on valmistatud k\u00f5rge t\u00f5mbej\u00f5udu taluvast terasest ja sellel on nupu vajutamisega vabastatav mehhanism ning 360-kraadine p\u00f6\u00f6rlemine, mis v\u00f5imaldab rihmade kiiresti \u00fchendada v\u00f5i eemaldada iga QD-\u00fchilduva pesa k\u00fcljest, olgu see siis M-LOK, toorik v\u00f5i k\u00e4ekaitsekatik.<\/p>\n<p>Konstrueeritud taluma suuri t\u00f5mbej\u00f5ude ja karmisid v\u00e4litingimusi, tagab KMR QD rihmap\u00f6\u00f6r, et teie relv p\u00fcsib j\u00e4igalt kinnitatud ka d\u00fcnaamilise liikumise ajal. Must viimistlus suurendab p\u00f6\u00f6ra vastupidavust, tehes sellest usaldusv\u00e4\u00e4rse valiku k\u00f5igi teie rihmakinnituse vajaduste rahuldamiseks.<\/p>\n","protected":false},"excerpt":{"rendered":"<p>KMR QD SLING SWIVEL, STANDARD: Kiire kinnitamine\/eemaldamine.<\/p>\n","protected":false},"featured_media":236789,"template":"","meta":{"_acf_changed":false},"product_brand":[11497],"product_cat":[14007,14933,14032],"product_tag":[],"class_list":{"0":"post-691160","1":"product","2":"type-product","3":"status-publish","4":"has-post-thumbnail","6":"product_brand-kmr-precision","7":"product_cat-rihmad","8":"product_cat-sling-swivels-et","9":"product_cat-vintpuessi-taeiustamine","11":"first","12":"instock","13":"taxable","14":"shipping-taxable","15":"purchasable","16":"product-type-simple"},"acf":[],"_links":{"self":[{"href":"https:\/\/nbg.eu\/et\/wp-json\/wp\/v2\/product\/691160","targetHints":{"allow":["GET"]}}],"collection":[{"href":"https:\/\/nbg.eu\/et\/wp-json\/wp\/v2\/product"}],"about":[{"href":"https:\/\/nbg.eu\/et\/wp-json\/wp\/v2\/types\/product"}],"wp:featuredmedia":[{"embeddable":true,"href":"https:\/\/nbg.eu\/et\/wp-json\/wp\/v2\/media\/236789"}],"wp:attachment":[{"href":"https:\/\/nbg.eu\/et\/wp-json\/wp\/v2\/media?parent=691160"}],"wp:term":[{"taxonomy":"product_brand","embeddable":true,"href":"https:\/\/nbg.eu\/et\/wp-json\/wp\/v2\/product_brand?post=691160"},{"taxonomy":"product_cat","embeddable":true,"href":"https:\/\/nbg.eu\/et\/wp-json\/wp\/v2\/product_cat?post=691160"},{"taxonomy":"product_tag","embeddable":true,"href":"https:\/\/nbg.eu\/et\/wp-json\/wp\/v2\/product_tag?post=691160"}],"curies":[{"name":"wp","href":"https:\/\/api.w.org\/{rel}","templated":true}]}}