{"id":691200,"date":"2025-03-04T21:26:30","date_gmt":"2025-03-04T18:26:30","guid":{"rendered":"https:\/\/nbg.eu\/product\/kmr-rail-set-m-lok-alu\/"},"modified":"2026-05-13T16:01:26","modified_gmt":"2026-05-13T13:01:26","slug":"kmr-rail-set-m-lok-alu","status":"publish","type":"product","link":"https:\/\/nbg.eu\/et\/toode\/kmr-rail-set-m-lok-alu\/","title":{"rendered":"KMR Picatinny Relsikomplekt M-LOK ALU"},"content":{"rendered":"<h2>KMR RAIL SET, M-LOK, ALU<\/h2>\n<p>Suurendage oma M-LOK k\u00e4ekaitseringi v\u00f5imalusi KMR RAIL SET&#8217;iga, tugeva ja kerge tarvikute paigalduse lahendusega. Valmistatud k\u00f5rgekvaliteedilisest 6061-T6 alumiiniumist t\u00e4pse CNC-t\u00f6\u00f6tluse abil, pakub see raudteekogu standardse Picatinny\/Mil-Std 1913 liidese, mis v\u00f5imaldab teil turvaliselt kinnitada mitmesuguseid taktikalisi tarvikuid nagu valgustid, laserid, k\u00e4epidemed ja jalad.<\/p>\n<p>Madala profiiliga, anodiiditud musta viimistlusega tagab see maksimaalselt vastupidavust ilma lisaraskuseta v\u00f5i mahuga relvale. Kaasasoleva M-LOK kinnitushardvara abil saate selle raudteekogu lihtsalt oma olemasolevasse M-LOK k\u00e4ekaitserisse integreerida, luues modulaarse ja kohandatava platvormi vastavalt teie vajadustele.<\/p>\n<p>Olenemata sellest, kas soovite oma relva funktsionaalsust suurendada v\u00f5i lihtsalt usaldusv\u00e4\u00e4rset viisi oma lemmiktarvikute paigaldamiseks, on KMR RAIL SET, M-LOK, ALU ideaalne lahendus. T\u00f6\u00f6tatud j\u00f5udluse ja vastupidavuse jaoks, aitab see tarviku t\u00f5sta teie laskekogemuse j\u00e4rgmisele tasemele.<\/p>\n","protected":false},"excerpt":{"rendered":"<p>Modulaarne M-LOK riistvarakogum kerges, vastupidavas alumiiniumis koos Picatinny liidesega.<\/p>\n","protected":false},"featured_media":236678,"template":"","meta":{"_acf_changed":false},"product_brand":[11497],"product_cat":[14962,14007,14085,14071,14032],"product_tag":[],"class_list":{"0":"post-691200","1":"product","2":"type-product","3":"status-publish","4":"has-post-thumbnail","6":"product_brand-kmr-precision","7":"product_cat-m-lok-rail-systems-et","8":"product_cat-rihmad","9":"product_cat-roeoepad","10":"product_cat-vintpuess","11":"product_cat-vintpuessi-taeiustamine","13":"first","14":"instock","15":"taxable","16":"shipping-taxable","17":"purchasable","18":"product-type-variable","19":"wvs-archive-product-wrapper"},"acf":[],"_links":{"self":[{"href":"https:\/\/nbg.eu\/et\/wp-json\/wp\/v2\/product\/691200","targetHints":{"allow":["GET"]}}],"collection":[{"href":"https:\/\/nbg.eu\/et\/wp-json\/wp\/v2\/product"}],"about":[{"href":"https:\/\/nbg.eu\/et\/wp-json\/wp\/v2\/types\/product"}],"wp:featuredmedia":[{"embeddable":true,"href":"https:\/\/nbg.eu\/et\/wp-json\/wp\/v2\/media\/236678"}],"wp:attachment":[{"href":"https:\/\/nbg.eu\/et\/wp-json\/wp\/v2\/media?parent=691200"}],"wp:term":[{"taxonomy":"product_brand","embeddable":true,"href":"https:\/\/nbg.eu\/et\/wp-json\/wp\/v2\/product_brand?post=691200"},{"taxonomy":"product_cat","embeddable":true,"href":"https:\/\/nbg.eu\/et\/wp-json\/wp\/v2\/product_cat?post=691200"},{"taxonomy":"product_tag","embeddable":true,"href":"https:\/\/nbg.eu\/et\/wp-json\/wp\/v2\/product_tag?post=691200"}],"curies":[{"name":"wp","href":"https:\/\/api.w.org\/{rel}","templated":true}]}}